{"id":64964,"date":"2025-01-22T19:42:19","date_gmt":"2025-01-22T19:42:19","guid":{"rendered":"https:\/\/www.uta.cl\/?page_id=64964"},"modified":"2025-01-23T19:57:13","modified_gmt":"2025-01-23T19:57:13","slug":"dgvm-suscripcion-boletin","status":"publish","type":"page","link":"https:\/\/www.uta.cl\/index.php\/dgvm-suscripcion-boletin\/","title":{"rendered":"DGVM Suscripci\u00f3n boletin"},"content":{"rendered":"\t\t<div data-elementor-type=\"wp-page\" data-elementor-id=\"64964\" class=\"elementor elementor-64964\" data-elementor-settings=\"[]\">\n\t\t\t\t\t\t<div class=\"elementor-inner\">\n\t\t\t\t\t\t\t<div class=\"elementor-section-wrap\">\n\t\t\t\t\t\t\t<section class=\"elementor-section elementor-top-section elementor-element elementor-element-d640f8f elementor-section-boxed elementor-section-height-default elementor-section-height-default\" data-id=\"d640f8f\" data-element_type=\"section\">\n\t\t\t\t\t\t<div class=\"elementor-container elementor-column-gap-default\">\n\t\t\t\t\t\t\t<div class=\"elementor-row\">\n\t\t\t\t\t<div class=\"elementor-column elementor-col-100 elementor-top-column elementor-element elementor-element-e6f621f\" data-id=\"e6f621f\" data-element_type=\"column\">\n\t\t\t<div class=\"elementor-column-wrap elementor-element-populated\">\n\t\t\t\t\t\t\t<div class=\"elementor-widget-wrap\">\n\t\t\t\t\t\t<div class=\"elementor-element elementor-element-40adb17 elementor-widget elementor-widget-spacer\" data-id=\"40adb17\" data-element_type=\"widget\" data-widget_type=\"spacer.default\">\n\t\t\t\t<div class=\"elementor-widget-container\">\n\t\t\t\t\t<div class=\"elementor-spacer\">\n\t\t\t<div class=\"elementor-spacer-inner\"><\/div>\n\t\t<\/div>\n\t\t\t\t<\/div>\n\t\t\t\t<\/div>\n\t\t\t\t<div class=\"elementor-element elementor-element-6b6f29e elementor-widget elementor-widget-heading\" data-id=\"6b6f29e\" data-element_type=\"widget\" data-widget_type=\"heading.default\">\n\t\t\t\t<div class=\"elementor-widget-container\">\n\t\t\t<h1 class=\"elementor-heading-title elementor-size-default\">Suscripci\u00f3n a bolet\u00edn de <br>Direcci\u00f3n General de Vinculaci\u00f3n con el Medio<\/h1>\t\t<\/div>\n\t\t\t\t<\/div>\n\t\t\t\t<div class=\"elementor-element elementor-element-1970e6f elementor-widget elementor-widget-html\" data-id=\"1970e6f\" data-element_type=\"widget\" data-widget_type=\"html.default\">\n\t\t\t\t<div class=\"elementor-widget-container\">\n\t\t\t<div id=\"fide-content-code-embed\">\r\n    <link href=\"https:\/\/publiccl1.fidelizador.com\/css\/jquery.ui.css\" rel=\"stylesheet\" media=\"all\" \/>\r\n    <link href=\"https:\/\/publiccl1.fidelizador.com\/css\/form\/base.css\" rel=\"stylesheet\" media=\"all\" \/>\r\n    <link href=\"https:\/\/publiccl1.fidelizador.com\/utarapaca\/form\/1\/style.css\" rel=\"stylesheet\" media=\"all\" \/>\r\n    <script>\r\n        document.onreadystatechange = function () {\r\n            if (document.readyState === 'complete') {\r\n                var charset = document.charset\r\n                var formFide = document.getElementById(\"fide-embed-form\")\r\n                if (charset && charset !== \"windows-1252\") {\r\n                    formFide.acceptCharset = charset\r\n                } else {\r\n                    formFide.acceptCharset = \"UTF-8\"\r\n                }\r\n            }\r\n        };\r\n    <\/script>\r\n    <div class=\"public-content\" style=\"margin: 0; padding-left: 2em; background: #aaaaaa00\">\r\n        <div id=\"header-fide\" ><\/div>\r\n        <div class=\"required-container\" >* Datos Requeridos<\/div>\r\n        <form\r\n            action=\"https:\/\/publiccl1.fidelizador.com\/utarapaca\/form\/4D985F23A03E1BA41BA2008DCA2B2AA53ABA97\/subscription\/save\"\r\n            method=\"post\" id=\"fide-embed-form\"\r\n            data-fetch-geographic-zones-url=\"https:\/\/publiccl1.fidelizador.com\/utarapaca\/api\/geo\/zone\/_country_id_\"\r\n            data-fetch-countries-url=\"https:\/\/publiccl1.fidelizador.com\/utarapaca\/api\/geo\/countries\">\r\n            <div id=\"list-fields\" class=\"list-unstyled form field-section list-inline\">\r\n                <div class=\"content-widget-fide\">\r\n\r\n                    <label class=\"control-label required\" for=\"subscription_state\">Regi\u00f3n<\/label>\r\n                    <select id=\"subscription_state\" name=\"subscription[state]\" class=\"form-control choice-field select2\"\r\n                        required=\"required\" data-selected-value=\"\"><\/select>\r\n                    <span class=\"required-field\"><\/span>\r\n                    <div class=\"help-block\"><\/div>\r\n\r\n                <\/div>\r\n                <div class=\"content-widget-fide\" style=\"width: 51%\">\r\n\r\n                    <label class=\"control-label required\" for=\"subscription_email\">E-mail<\/label>\r\n                    <input type=\"text\" id=\"subscription_email\" name=\"subscription[email]\" required=\"required\"\r\n                        title=\"E-mail\" placeholder=\"E-mail\" autocomplete=\"off\" rel=\"required-field\"\r\n                        class=\"form-control\" \/>\r\n                    <span class=\"required-field\"><\/span>\r\n                    <div class=\"help-block\"><\/div>\r\n\r\n                <\/div>\r\n                <div class=\"content-widget-fide\">\r\n\r\n                    <label class=\"control-label required\" for=\"subscription_firstName\">Nombre<\/label>\r\n                    <input type=\"text\" id=\"subscription_firstName\" name=\"subscription[firstName]\" required=\"required\"\r\n                        title=\"Nombre\" placeholder=\"Nombre\" autocomplete=\"off\" rel=\"required-field\"\r\n                        class=\"form-control\" \/>\r\n                    <span class=\"required-field\"><\/span>\r\n                    <div class=\"help-block\"><\/div>\r\n\r\n                <\/div>\r\n            <\/div>\r\n            <p style=\"padding: 0; margin: 0;\">Los datos personales ingresados ser\u00e1n utilizados \u00fanicamente para el cumplimiento de los fines indicados en el presente formulario.<\/p>\r\n\r\n            <div id=\"fide-result\"><\/div>\r\n            <input type=\"submit\" value=\"Registrarse\" class=\"btn btn-large btn-primary btn-send-form-fide\" \/>\r\n            <input type=\"hidden\" name=\"embed\" value=\"1\">\r\n        <\/form>\r\n        <div id=\"footer-fide\"><\/div>\r\n    <\/div>\r\n    <script src=\"https:\/\/publiccl1.fidelizador.com\/js\/form\/base.js?v=1\" async defer><\/script>\r\n<\/div>\t\t<\/div>\n\t\t\t\t<\/div>\n\t\t\t\t<div class=\"elementor-element elementor-element-1f719fa elementor-widget elementor-widget-spacer\" data-id=\"1f719fa\" data-element_type=\"widget\" data-widget_type=\"spacer.default\">\n\t\t\t\t<div class=\"elementor-widget-container\">\n\t\t\t\t\t<div class=\"elementor-spacer\">\n\t\t\t<div class=\"elementor-spacer-inner\"><\/div>\n\t\t<\/div>\n\t\t\t\t<\/div>\n\t\t\t\t<\/div>\n\t\t\t\t\t\t<\/div>\n\t\t\t\t\t<\/div>\n\t\t<\/div>\n\t\t\t\t\t\t\t\t<\/div>\n\t\t\t\t\t<\/div>\n\t\t<\/section>\n\t\t\t\t\t\t<\/div>\n\t\t\t\t\t\t<\/div>\n\t\t\t\t\t<\/div>\n\t\t","protected":false},"excerpt":{"rendered":"<p>Suscripci\u00f3n a bolet\u00edn de Direcci\u00f3n General de Vinculaci\u00f3n con el Medio * Datos Requeridos Regi\u00f3n E-mail Nombre Los datos personales ingresados ser\u00e1n utilizados \u00fanicamente para el cumplimiento de los fines indicados en el presente formulario.<\/p>\n","protected":false},"author":9,"featured_media":0,"parent":0,"menu_order":0,"comment_status":"closed","ping_status":"closed","template":"elementor_header_footer","meta":[],"_links":{"self":[{"href":"https:\/\/www.uta.cl\/index.php\/wp-json\/wp\/v2\/pages\/64964"}],"collection":[{"href":"https:\/\/www.uta.cl\/index.php\/wp-json\/wp\/v2\/pages"}],"about":[{"href":"https:\/\/www.uta.cl\/index.php\/wp-json\/wp\/v2\/types\/page"}],"author":[{"embeddable":true,"href":"https:\/\/www.uta.cl\/index.php\/wp-json\/wp\/v2\/users\/9"}],"replies":[{"embeddable":true,"href":"https:\/\/www.uta.cl\/index.php\/wp-json\/wp\/v2\/comments?post=64964"}],"version-history":[{"count":22,"href":"https:\/\/www.uta.cl\/index.php\/wp-json\/wp\/v2\/pages\/64964\/revisions"}],"predecessor-version":[{"id":65027,"href":"https:\/\/www.uta.cl\/index.php\/wp-json\/wp\/v2\/pages\/64964\/revisions\/65027"}],"wp:attachment":[{"href":"https:\/\/www.uta.cl\/index.php\/wp-json\/wp\/v2\/media?parent=64964"}],"curies":[{"name":"wp","href":"https:\/\/api.w.org\/{rel}","templated":true}]}}