{"id":5819,"date":"2019-01-10T15:41:33","date_gmt":"2019-01-10T15:41:33","guid":{"rendered":"http:\/\/www.uta.cl\/?page_id=5819"},"modified":"2019-01-10T16:21:49","modified_gmt":"2019-01-10T16:21:49","slug":"concurso-academico-para-seleccionar-candidatosas-a-presentar-a-la-convocatoria-nacional-subvencion-a-la-instalacion-en-la-academia-programa-de-atraccion-e-insercion-de-conicyt","status":"publish","type":"page","link":"https:\/\/www.uta.cl\/index.php\/concurso-academico-para-seleccionar-candidatosas-a-presentar-a-la-convocatoria-nacional-subvencion-a-la-instalacion-en-la-academia-programa-de-atraccion-e-insercion-de-conicyt\/","title":{"rendered":"Concurso Acad\u00e9mico para Seleccionar Candidatos(as) a Presentar a la \u201cConvocatoria Nacional Subvenci\u00f3n a la Instalaci\u00f3n en la Academia, Programa de Atracci\u00f3n e Inserci\u00f3n de CONICYT\u201d"},"content":{"rendered":"\t\t<div data-elementor-type=\"wp-post\" data-elementor-id=\"5819\" class=\"elementor elementor-5819 elementor-bc-flex-widget\" data-elementor-settings=\"[]\">\n\t\t\t\t\t\t<div class=\"elementor-inner\">\n\t\t\t\t\t\t\t<div class=\"elementor-section-wrap\">\n\t\t\t\t\t\t\t<section class=\"elementor-section elementor-top-section elementor-element elementor-element-f19ed08 elementor-section-full_width elementor-section-height-default elementor-section-height-default\" data-id=\"f19ed08\" data-element_type=\"section\" data-settings=\"{&quot;background_image&quot;:{&quot;url&quot;:&quot;https:\\\/\\\/www.uta.cl\\\/wp-content\\\/uploads\\\/2018\\\/12\\\/patron_bg-01.png&quot;,&quot;id&quot;:3119},&quot;background_background&quot;:&quot;classic&quot;,&quot;background_image_tablet&quot;:{&quot;url&quot;:&quot;&quot;,&quot;id&quot;:&quot;&quot;},&quot;background_image_mobile&quot;:{&quot;url&quot;:&quot;&quot;,&quot;id&quot;:&quot;&quot;}}\">\n\t\t\t\t\t\t\t<div class=\"elementor-background-overlay\"><\/div>\n\t\t\t\t\t\t\t<div class=\"elementor-container elementor-column-gap-default\">\n\t\t\t\t\t\t\t<div class=\"elementor-row\">\n\t\t\t\t\t<div class=\"elementor-column elementor-col-100 elementor-top-column elementor-element elementor-element-9e78974\" data-id=\"9e78974\" data-element_type=\"column\">\n\t\t\t<div class=\"elementor-column-wrap elementor-element-populated\">\n\t\t\t\t\t\t\t<div class=\"elementor-widget-wrap\">\n\t\t\t\t\t\t<section class=\"elementor-section elementor-inner-section elementor-element elementor-element-e713a0d elementor-section-height-min-height elementor-section-boxed elementor-section-height-default\" data-id=\"e713a0d\" data-element_type=\"section\" data-settings=\"{&quot;background_background&quot;:&quot;classic&quot;,&quot;background_image&quot;:{&quot;url&quot;:&quot;&quot;,&quot;id&quot;:&quot;&quot;},&quot;background_image_tablet&quot;:{&quot;url&quot;:&quot;&quot;,&quot;id&quot;:&quot;&quot;},&quot;background_image_mobile&quot;:{&quot;url&quot;:&quot;&quot;,&quot;id&quot;:&quot;&quot;}}\">\n\t\t\t\t\t\t\t<div class=\"elementor-background-overlay\"><\/div>\n\t\t\t\t\t\t\t<div class=\"elementor-container elementor-column-gap-default\">\n\t\t\t\t\t\t\t<div class=\"elementor-row\">\n\t\t\t\t\t<div class=\"elementor-column elementor-col-100 elementor-inner-column elementor-element elementor-element-538fa92\" data-id=\"538fa92\" data-element_type=\"column\">\n\t\t\t<div class=\"elementor-column-wrap elementor-element-populated\">\n\t\t\t\t\t\t\t<div class=\"elementor-widget-wrap\">\n\t\t\t\t\t\t<div class=\"elementor-element elementor-element-da232d6 elementor-widget elementor-widget-heading\" data-id=\"da232d6\" data-element_type=\"widget\" data-widget_type=\"heading.default\">\n\t\t\t\t<div class=\"elementor-widget-container\">\n\t\t\t<h2 class=\"elementor-heading-title elementor-size-default\">Concurso <b>Acad\u00e9mico<\/h2>\t\t<\/div>\n\t\t\t\t<\/div>\n\t\t\t\t\t\t<\/div>\n\t\t\t\t\t<\/div>\n\t\t<\/div>\n\t\t\t\t\t\t\t\t<\/div>\n\t\t\t\t\t<\/div>\n\t\t<\/section>\n\t\t\t\t<section class=\"elementor-section elementor-top-section elementor-element elementor-element-c53dbd5 elementor-section-height-min-height elementor-section-boxed elementor-section-height-default elementor-section-items-middle\" data-id=\"c53dbd5\" data-element_type=\"section\" data-settings=\"{&quot;background_background&quot;:&quot;classic&quot;,&quot;sticky&quot;:&quot;top&quot;,&quot;background_image&quot;:{&quot;url&quot;:&quot;&quot;,&quot;id&quot;:&quot;&quot;},&quot;background_image_tablet&quot;:{&quot;url&quot;:&quot;&quot;,&quot;id&quot;:&quot;&quot;},&quot;background_image_mobile&quot;:{&quot;url&quot;:&quot;&quot;,&quot;id&quot;:&quot;&quot;},&quot;sticky_on&quot;:[&quot;desktop&quot;,&quot;tablet&quot;,&quot;mobile&quot;],&quot;sticky_offset&quot;:0,&quot;sticky_effects_offset&quot;:0}\">\n\t\t\t\t\t\t<div class=\"elementor-container elementor-column-gap-default\">\n\t\t\t\t\t\t\t<div class=\"elementor-row\">\n\t\t\t\t\t<div class=\"elementor-column elementor-col-100 elementor-top-column elementor-element elementor-element-56064cd\" data-id=\"56064cd\" data-element_type=\"column\">\n\t\t\t<div class=\"elementor-column-wrap elementor-element-populated\">\n\t\t\t\t\t\t\t<div class=\"elementor-widget-wrap\">\n\t\t\t\t\t\t<div class=\"elementor-element elementor-element-2986bc0 elementor-align-right elementor-mobile-align-right elementor-widget elementor-widget-button\" data-id=\"2986bc0\" data-element_type=\"widget\" data-widget_type=\"button.default\">\n\t\t\t\t<div class=\"elementor-widget-container\">\n\t\t\t\t\t<div class=\"elementor-button-wrapper\">\n\t\t\t<a href=\"https:\/\/www.uta.cl\/index.php\/direccion-general-de-investigacion\" class=\"elementor-button-link elementor-button elementor-size-sm\" role=\"button\">\n\t\t\t\t\t\t<span class=\"elementor-button-content-wrapper\">\n\t\t\t\t\t\t<span class=\"elementor-button-icon elementor-align-icon-left\">\n\t\t\t\t\t\t\t\t\t<i class=\"fa fa-angle-left\" aria-hidden=\"true\"><\/i>\n\t\t\t\t\t\t\t<\/span>\n\t\t\t\t\t\t<span class=\"elementor-button-text\">Volver<\/span>\n\t\t<\/span>\n\t\t\t\t\t<\/a>\n\t\t<\/div>\n\t\t\t\t<\/div>\n\t\t\t\t<\/div>\n\t\t\t\t\t\t<\/div>\n\t\t\t\t\t<\/div>\n\t\t<\/div>\n\t\t\t\t\t\t\t\t<\/div>\n\t\t\t\t\t<\/div>\n\t\t<\/section>\n\t\t\t\t\t\t<\/div>\n\t\t\t\t\t<\/div>\n\t\t<\/div>\n\t\t\t\t\t\t\t\t<\/div>\n\t\t\t\t\t<\/div>\n\t\t<\/section>\n\t\t\t\t<section class=\"elementor-section elementor-top-section elementor-element elementor-element-e24ce38 elementor-section-boxed elementor-section-height-default elementor-section-height-default\" data-id=\"e24ce38\" data-element_type=\"section\" data-settings=\"{&quot;background_image&quot;:{&quot;url&quot;:&quot;https:\\\/\\\/www.uta.cl\\\/wp-content\\\/uploads\\\/2018\\\/12\\\/patron_bg-01.png&quot;,&quot;id&quot;:3119},&quot;background_background&quot;:&quot;classic&quot;,&quot;background_image_tablet&quot;:{&quot;url&quot;:&quot;&quot;,&quot;id&quot;:&quot;&quot;},&quot;background_image_mobile&quot;:{&quot;url&quot;:&quot;&quot;,&quot;id&quot;:&quot;&quot;}}\">\n\t\t\t\t\t\t\t<div class=\"elementor-background-overlay\"><\/div>\n\t\t\t\t\t\t\t<div class=\"elementor-container elementor-column-gap-default\">\n\t\t\t\t\t\t\t<div class=\"elementor-row\">\n\t\t\t\t\t<div class=\"elementor-column elementor-col-100 elementor-top-column elementor-element elementor-element-502bdd5\" data-id=\"502bdd5\" data-element_type=\"column\" data-settings=\"{&quot;background_background&quot;:&quot;classic&quot;}\">\n\t\t\t<div class=\"elementor-column-wrap elementor-element-populated\">\n\t\t\t\t\t\t\t<div class=\"elementor-widget-wrap\">\n\t\t\t\t\t\t<div class=\"elementor-element elementor-element-bc520a5 elementor-widget elementor-widget-heading\" data-id=\"bc520a5\" data-element_type=\"widget\" data-widget_type=\"heading.default\">\n\t\t\t\t<div class=\"elementor-widget-container\">\n\t\t\t<h2 class=\"elementor-heading-title elementor-size-default\"> Concurso Acad\u00e9mico para Seleccionar Candidatos(as) a Presentar a la \u201cConvocatoria Nacional Subvenci\u00f3n a la Instalaci\u00f3n en la Academia, Programa de Atracci\u00f3n e Inserci\u00f3n de CONICYT\u201d <\/h2>\t\t<\/div>\n\t\t\t\t<\/div>\n\t\t\t\t<div class=\"elementor-element elementor-element-850063a elementor-widget elementor-widget-text-editor\" data-id=\"850063a\" data-element_type=\"widget\" data-widget_type=\"text-editor.default\">\n\t\t\t\t<div class=\"elementor-widget-container\">\n\t\t\t\t\t<div class=\"elementor-text-editor elementor-clearfix\"><p>La Vicerrector\u00eda Acad\u00e9mica de la Universidad de Tarapac\u00e1, a trav\u00e9s de la Direcci\u00f3n de Investigaci\u00f3n, Postgrado y Transferencia Tecnol\u00f3gica, convoca a un Concurso Acad\u00e9mico para seleccionar candidatos(as) a presentar a la \u201cConvocatoria Nacional Subvenci\u00f3n a la Instalaci\u00f3n en la Academia, Programa de Atracci\u00f3n e Inserci\u00f3n de CONICYT 2018\u201d en la Universidad de Tarapac\u00e1, en el marco del Decreto Exento N\u00ba 00.1631\/86 de 20 de septiembre de 1986 y sus modificaciones.<\/p><p>Este concurso tiene como prop\u00f3sito contribuir al fortalecimiento institucional mediante la promoci\u00f3n de la instalaci\u00f3n en la academia de investigadores(as) que inician su carrera independiente. Se espera que durante el tiempo de permanencia en la Universidad que se asegura a trav\u00e9s de esta subvenci\u00f3n, los(as) investigadores tengan la oportunidad de insertarse laboralmente, desarrollar la base de relaciones de colaboraci\u00f3n y postular a concursos competitivos externos. Tambi\u00e9n se espera fortalecer las l\u00edneas de investigaci\u00f3n de los programas de postgrado de la Universidad de Tarapac\u00e1.<\/p><p>\u00a0<\/p><p><b>POSTULACIONES<\/b><\/p><p>Las bases e instrucciones de postulaci\u00f3n para el presente concurso estar\u00e1n disponibles en el sitio web <b><a href=\"https:\/\/www.uta.cl\/index.php\/direccion-general-de-investigacion\">www.uta.cl\/dipog<\/a><\/b> o en la oficina de la Direcci\u00f3n de Investigaci\u00f3n, postgrado y Transferencia Tecnol\u00f3gica de la Universidad de Tarapac\u00e1, Avda. General Vel\u00e1squez 1775, Campus Vel\u00e1squez, Arica, Chile.<\/p><p>Se aceptar\u00e1n las postulaciones s\u00f3lo hasta la fecha y hora del cierre del concurso en la secretaria de la Direcci\u00f3n de Investigaci\u00f3n, Postgrado y Transferencia Tecnol\u00f3gica de la Universidad de Tarapac\u00e1. Asimismo, los archivos digitales deben ser enviados antes del cierre del concurso.<\/p><p>Ante el incumplimiento de las bases del concurso o la entrega incompleta de los documentos requeridos. La Direcci\u00f3n de Investigaci\u00f3n, Postgrado y Transferencia Tecnol\u00f3gica de la Universidad de Tarapac\u00e1 podr\u00e1 declarar fuera de bases la postulaci\u00f3n.<\/p><\/div>\n\t\t\t\t<\/div>\n\t\t\t\t<\/div>\n\t\t\t\t<div class=\"elementor-element elementor-element-55d7798 elementor-widget elementor-widget-spacer\" data-id=\"55d7798\" data-element_type=\"widget\" data-widget_type=\"spacer.default\">\n\t\t\t\t<div class=\"elementor-widget-container\">\n\t\t\t\t\t<div class=\"elementor-spacer\">\n\t\t\t<div class=\"elementor-spacer-inner\"><\/div>\n\t\t<\/div>\n\t\t\t\t<\/div>\n\t\t\t\t<\/div>\n\t\t\t\t<div class=\"elementor-element elementor-element-c9fd836 elementor-widget elementor-widget-text-editor\" data-id=\"c9fd836\" data-element_type=\"widget\" data-widget_type=\"text-editor.default\">\n\t\t\t\t<div class=\"elementor-widget-container\">\n\t\t\t\t\t<div class=\"elementor-text-editor elementor-clearfix\"><p><b>CALENDARIO DEL CONCURSO<\/b><\/p><\/div>\n\t\t\t\t<\/div>\n\t\t\t\t<\/div>\n\t\t\t\t<div class=\"elementor-element elementor-element-58615fa elementor-widget elementor-widget-toggle\" data-id=\"58615fa\" data-element_type=\"widget\" data-widget_type=\"toggle.default\">\n\t\t\t\t<div class=\"elementor-widget-container\">\n\t\t\t\t\t<div class=\"elementor-toggle\" role=\"tablist\">\n\t\t\t\t\t\t\t<div class=\"elementor-toggle-item\">\n\t\t\t\t\t<div id=\"elementor-tab-title-9261\" class=\"elementor-tab-title\" data-tab=\"1\" role=\"tab\" aria-controls=\"elementor-tab-content-9261\">\n\t\t\t\t\t\t\t\t\t\t\t\t<span class=\"elementor-toggle-icon elementor-toggle-icon-left\" aria-hidden=\"true\">\n\t\t\t\t\t\t\t\t\t\t\t\t\t\t\t<i class=\"elementor-toggle-icon-closed fa fa-plus\"><\/i>\n\t\t\t\t\t\t\t\t<i class=\"elementor-toggle-icon-opened fa fa-minus\"><\/i>\n\t\t\t\t\t\t\t\t\t\t\t\t\t<\/span>\n\t\t\t\t\t\t\t\t\t\t\t\t<a href=\"\" class=\"elementor-toggle-title\">14 de Junio de 2018<\/a>\n\t\t\t\t\t<\/div>\n\t\t\t\t\t<div id=\"elementor-tab-content-9261\" class=\"elementor-tab-content elementor-clearfix\" data-tab=\"1\" role=\"tabpanel\" aria-labelledby=\"elementor-tab-title-9261\">Apertura del Concurso<\/div>\n\t\t\t\t<\/div>\n\t\t\t\t\t\t\t<div class=\"elementor-toggle-item\">\n\t\t\t\t\t<div id=\"elementor-tab-title-9262\" class=\"elementor-tab-title\" data-tab=\"2\" role=\"tab\" aria-controls=\"elementor-tab-content-9262\">\n\t\t\t\t\t\t\t\t\t\t\t\t<span class=\"elementor-toggle-icon elementor-toggle-icon-left\" aria-hidden=\"true\">\n\t\t\t\t\t\t\t\t\t\t\t\t\t\t\t<i class=\"elementor-toggle-icon-closed fa fa-plus\"><\/i>\n\t\t\t\t\t\t\t\t<i class=\"elementor-toggle-icon-opened fa fa-minus\"><\/i>\n\t\t\t\t\t\t\t\t\t\t\t\t\t<\/span>\n\t\t\t\t\t\t\t\t\t\t\t\t<a href=\"\" class=\"elementor-toggle-title\">26 de Junio de 2018<\/a>\n\t\t\t\t\t<\/div>\n\t\t\t\t\t<div id=\"elementor-tab-content-9262\" class=\"elementor-tab-content elementor-clearfix\" data-tab=\"2\" role=\"tabpanel\" aria-labelledby=\"elementor-tab-title-9262\">Cierre de plazo de presentaci\u00f3n de postulaci\u00f3n en la Secretar\u00eda de la Direcci\u00f3n de Investigaci\u00f3n, Postgrado y Transferencia Tecnol\u00f3gica<\/div>\n\t\t\t\t<\/div>\n\t\t\t\t\t\t\t<div class=\"elementor-toggle-item\">\n\t\t\t\t\t<div id=\"elementor-tab-title-9263\" class=\"elementor-tab-title\" data-tab=\"3\" role=\"tab\" aria-controls=\"elementor-tab-content-9263\">\n\t\t\t\t\t\t\t\t\t\t\t\t<span class=\"elementor-toggle-icon elementor-toggle-icon-left\" aria-hidden=\"true\">\n\t\t\t\t\t\t\t\t\t\t\t\t\t\t\t<i class=\"elementor-toggle-icon-closed fa fa-plus\"><\/i>\n\t\t\t\t\t\t\t\t<i class=\"elementor-toggle-icon-opened fa fa-minus\"><\/i>\n\t\t\t\t\t\t\t\t\t\t\t\t\t<\/span>\n\t\t\t\t\t\t\t\t\t\t\t\t<a href=\"\" class=\"elementor-toggle-title\">27 de Junio de 2018<\/a>\n\t\t\t\t\t<\/div>\n\t\t\t\t\t<div id=\"elementor-tab-content-9263\" class=\"elementor-tab-content elementor-clearfix\" data-tab=\"3\" role=\"tabpanel\" aria-labelledby=\"elementor-tab-title-9263\">Selecci\u00f3n de postulaciones ganadoras por la Direcci\u00f3n de Investigaci\u00f3n, Postgrado y Transferencia Tecnol\u00f3gica y Comit\u00e9 Ejecutivo <\/div>\n\t\t\t\t<\/div>\n\t\t\t\t\t\t\t<div class=\"elementor-toggle-item\">\n\t\t\t\t\t<div id=\"elementor-tab-title-9264\" class=\"elementor-tab-title\" data-tab=\"4\" role=\"tab\" aria-controls=\"elementor-tab-content-9264\">\n\t\t\t\t\t\t\t\t\t\t\t\t<span class=\"elementor-toggle-icon elementor-toggle-icon-left\" aria-hidden=\"true\">\n\t\t\t\t\t\t\t\t\t\t\t\t\t\t\t<i class=\"elementor-toggle-icon-closed fa fa-plus\"><\/i>\n\t\t\t\t\t\t\t\t<i class=\"elementor-toggle-icon-opened fa fa-minus\"><\/i>\n\t\t\t\t\t\t\t\t\t\t\t\t\t<\/span>\n\t\t\t\t\t\t\t\t\t\t\t\t<a href=\"\" class=\"elementor-toggle-title\">28 de Junio de 2018<\/a>\n\t\t\t\t\t<\/div>\n\t\t\t\t\t<div id=\"elementor-tab-content-9264\" class=\"elementor-tab-content elementor-clearfix\" data-tab=\"4\" role=\"tabpanel\" aria-labelledby=\"elementor-tab-title-9264\">Proposici\u00f3n de propuestas seleccionadas a la Vicerrector\u00eda Acad\u00e9mica <\/div>\n\t\t\t\t<\/div>\n\t\t\t\t\t\t\t<div class=\"elementor-toggle-item\">\n\t\t\t\t\t<div id=\"elementor-tab-title-9265\" class=\"elementor-tab-title\" data-tab=\"5\" role=\"tab\" aria-controls=\"elementor-tab-content-9265\">\n\t\t\t\t\t\t\t\t\t\t\t\t<span class=\"elementor-toggle-icon elementor-toggle-icon-left\" aria-hidden=\"true\">\n\t\t\t\t\t\t\t\t\t\t\t\t\t\t\t<i class=\"elementor-toggle-icon-closed fa fa-plus\"><\/i>\n\t\t\t\t\t\t\t\t<i class=\"elementor-toggle-icon-opened fa fa-minus\"><\/i>\n\t\t\t\t\t\t\t\t\t\t\t\t\t<\/span>\n\t\t\t\t\t\t\t\t\t\t\t\t<a href=\"\" class=\"elementor-toggle-title\">3 de Julio de 2018<\/a>\n\t\t\t\t\t<\/div>\n\t\t\t\t\t<div id=\"elementor-tab-content-9265\" class=\"elementor-tab-content elementor-clearfix\" data-tab=\"5\" role=\"tabpanel\" aria-labelledby=\"elementor-tab-title-9265\"><p>Resoluci\u00f3n del concurso por parte de la Vicerrector\u00eda Acad\u00e9mica<\/p><\/div>\n\t\t\t\t<\/div>\n\t\t\t\t\t<\/div>\n\t\t\t\t<\/div>\n\t\t\t\t<\/div>\n\t\t\t\t\t\t<\/div>\n\t\t\t\t\t<\/div>\n\t\t<\/div>\n\t\t\t\t\t\t\t\t<\/div>\n\t\t\t\t\t<\/div>\n\t\t<\/section>\n\t\t\t\t\t\t<\/div>\n\t\t\t\t\t\t<\/div>\n\t\t\t\t\t<\/div>\n\t\t","protected":false},"excerpt":{"rendered":"<p>Concurso Acad\u00e9mico Volver Concurso Acad\u00e9mico para Seleccionar Candidatos(as) a Presentar a la \u201cConvocatoria Nacional Subvenci\u00f3n a la Instalaci\u00f3n en la Academia, Programa de Atracci\u00f3n e Inserci\u00f3n de CONICYT\u201d La Vicerrector\u00eda Acad\u00e9mica de la Universidad de Tarapac\u00e1, a trav\u00e9s de la Direcci\u00f3n de Investigaci\u00f3n, Postgrado y Transferencia Tecnol\u00f3gica, convoca a un Concurso Acad\u00e9mico para seleccionar candidatos(as) [&hellip;]<\/p>\n","protected":false},"author":1,"featured_media":0,"parent":0,"menu_order":0,"comment_status":"closed","ping_status":"closed","template":"elementor_header_footer","meta":[],"_links":{"self":[{"href":"https:\/\/www.uta.cl\/index.php\/wp-json\/wp\/v2\/pages\/5819"}],"collection":[{"href":"https:\/\/www.uta.cl\/index.php\/wp-json\/wp\/v2\/pages"}],"about":[{"href":"https:\/\/www.uta.cl\/index.php\/wp-json\/wp\/v2\/types\/page"}],"author":[{"embeddable":true,"href":"https:\/\/www.uta.cl\/index.php\/wp-json\/wp\/v2\/users\/1"}],"replies":[{"embeddable":true,"href":"https:\/\/www.uta.cl\/index.php\/wp-json\/wp\/v2\/comments?post=5819"}],"version-history":[{"count":8,"href":"https:\/\/www.uta.cl\/index.php\/wp-json\/wp\/v2\/pages\/5819\/revisions"}],"predecessor-version":[{"id":9143,"href":"https:\/\/www.uta.cl\/index.php\/wp-json\/wp\/v2\/pages\/5819\/revisions\/9143"}],"wp:attachment":[{"href":"https:\/\/www.uta.cl\/index.php\/wp-json\/wp\/v2\/media?parent=5819"}],"curies":[{"name":"wp","href":"https:\/\/api.w.org\/{rel}","templated":true}]}}