{"id":43971,"date":"2023-04-09T19:15:31","date_gmt":"2023-04-09T19:15:31","guid":{"rendered":"https:\/\/www.uta.cl\/?page_id=43971"},"modified":"2023-04-11T15:15:36","modified_gmt":"2023-04-11T15:15:36","slug":"diplan-sistemas","status":"publish","type":"page","link":"https:\/\/www.uta.cl\/index.php\/diplan-sistemas\/","title":{"rendered":"DIPLAN &#8211; Sistemas"},"content":{"rendered":"\t\t<div data-elementor-type=\"wp-post\" data-elementor-id=\"43971\" class=\"elementor elementor-43971\" data-elementor-settings=\"[]\">\n\t\t\t\t\t\t<div class=\"elementor-inner\">\n\t\t\t\t\t\t\t<div class=\"elementor-section-wrap\">\n\t\t\t\t\t\t\t<section class=\"elementor-section elementor-top-section elementor-element elementor-element-5aac37c elementor-section-full_width elementor-section-height-default elementor-section-height-default\" data-id=\"5aac37c\" data-element_type=\"section\">\n\t\t\t\t\t\t<div class=\"elementor-container elementor-column-gap-default\">\n\t\t\t\t\t\t\t<div class=\"elementor-row\">\n\t\t\t\t\t<div class=\"elementor-column elementor-col-100 elementor-top-column elementor-element elementor-element-6c65c3f\" data-id=\"6c65c3f\" data-element_type=\"column\">\n\t\t\t<div class=\"elementor-column-wrap elementor-element-populated\">\n\t\t\t\t\t\t\t<div class=\"elementor-widget-wrap\">\n\t\t\t\t\t\t<section class=\"elementor-section elementor-inner-section elementor-element elementor-element-000ca4d elementor-section-boxed elementor-section-height-default elementor-section-height-default\" data-id=\"000ca4d\" data-element_type=\"section\">\n\t\t\t\t\t\t<div class=\"elementor-container elementor-column-gap-default\">\n\t\t\t\t\t\t\t<div class=\"elementor-row\">\n\t\t\t\t\t<div class=\"elementor-column elementor-col-50 elementor-inner-column elementor-element elementor-element-c4f3959\" data-id=\"c4f3959\" data-element_type=\"column\">\n\t\t\t<div class=\"elementor-column-wrap elementor-element-populated\">\n\t\t\t\t\t\t\t<div class=\"elementor-widget-wrap\">\n\t\t\t\t\t\t<div class=\"elementor-element elementor-element-ddaa759 elementor-widget elementor-widget-image\" data-id=\"ddaa759\" data-element_type=\"widget\" data-widget_type=\"image.default\">\n\t\t\t\t<div class=\"elementor-widget-container\">\n\t\t\t\t\t<div class=\"elementor-image\">\n\t\t\t\t\t\t\t\t\t\t<img width=\"465\" height=\"160\" src=\"https:\/\/www.uta.cl\/wp-content\/uploads\/2023\/04\/LOGORecurso-1.png\" class=\"attachment-large size-large\" alt=\"\" loading=\"lazy\" srcset=\"https:\/\/www.uta.cl\/wp-content\/uploads\/2023\/04\/LOGORecurso-1.png 465w, https:\/\/www.uta.cl\/wp-content\/uploads\/2023\/04\/LOGORecurso-1-300x103.png 300w\" sizes=\"(max-width: 465px) 100vw, 465px\" \/>\t\t\t\t\t\t\t\t\t\t\t<\/div>\n\t\t\t\t<\/div>\n\t\t\t\t<\/div>\n\t\t\t\t\t\t<\/div>\n\t\t\t\t\t<\/div>\n\t\t<\/div>\n\t\t\t\t<div class=\"elementor-column elementor-col-50 elementor-inner-column elementor-element elementor-element-db99d55\" data-id=\"db99d55\" data-element_type=\"column\">\n\t\t\t<div class=\"elementor-column-wrap\">\n\t\t\t\t\t\t\t<div class=\"elementor-widget-wrap\">\n\t\t\t\t\t\t\t\t<\/div>\n\t\t\t\t\t<\/div>\n\t\t<\/div>\n\t\t\t\t\t\t\t\t<\/div>\n\t\t\t\t\t<\/div>\n\t\t<\/section>\n\t\t\t\t<section class=\"elementor-section elementor-inner-section elementor-element elementor-element-e7cb742 elementor-section-boxed elementor-section-height-default elementor-section-height-default\" data-id=\"e7cb742\" data-element_type=\"section\">\n\t\t\t\t\t\t<div class=\"elementor-container elementor-column-gap-default\">\n\t\t\t\t\t\t\t<div class=\"elementor-row\">\n\t\t\t\t\t<div class=\"elementor-column elementor-col-50 elementor-inner-column elementor-element elementor-element-7e7dd63\" data-id=\"7e7dd63\" data-element_type=\"column\">\n\t\t\t<div class=\"elementor-column-wrap\">\n\t\t\t\t\t\t\t<div class=\"elementor-widget-wrap\">\n\t\t\t\t\t\t\t\t<\/div>\n\t\t\t\t\t<\/div>\n\t\t<\/div>\n\t\t\t\t<div class=\"elementor-column elementor-col-50 elementor-inner-column elementor-element elementor-element-e96bde5\" data-id=\"e96bde5\" data-element_type=\"column\">\n\t\t\t<div class=\"elementor-column-wrap elementor-element-populated\">\n\t\t\t\t\t\t\t<div class=\"elementor-widget-wrap\">\n\t\t\t\t\t\t<div class=\"elementor-element elementor-element-60a20cd elementor-nav-menu__align-right elementor-nav-menu--dropdown-mobile elementor-nav-menu--stretch elementor-nav-menu__text-align-center elementor-nav-menu--indicator-classic elementor-nav-menu--toggle elementor-nav-menu--burger elementor-widget elementor-widget-nav-menu\" data-id=\"60a20cd\" data-element_type=\"widget\" data-settings=\"{&quot;full_width&quot;:&quot;stretch&quot;,&quot;layout&quot;:&quot;horizontal&quot;,&quot;toggle&quot;:&quot;burger&quot;}\" data-widget_type=\"nav-menu.default\">\n\t\t\t\t<div class=\"elementor-widget-container\">\n\t\t\t\t\t\t<nav role=\"navigation\" class=\"elementor-nav-menu--main elementor-nav-menu__container elementor-nav-menu--layout-horizontal e--pointer-background e--animation-grow\"><ul id=\"menu-1-60a20cd\" class=\"elementor-nav-menu\"><li class=\"menu-item menu-item-type-custom menu-item-object-custom menu-item-42171\"><a href=\"https:\/\/www.uta.cl\/index.php\/diplan\/\" class=\"elementor-item\">Inicio<\/a><\/li>\n<li class=\"menu-item menu-item-type-custom menu-item-object-custom menu-item-42172\"><a href=\"https:\/\/www.uta.cl\/index.php\/diplan-quienes-somos\/\" class=\"elementor-item\">Quienes Somos<\/a><\/li>\n<li class=\"menu-item menu-item-type-custom menu-item-object-custom menu-item-42173\"><a href=\"https:\/\/www.uta.cl\/index.php\/diplan-planificacion1\/\" class=\"elementor-item\">Planificaci\u00f3n<\/a><\/li>\n<li class=\"menu-item menu-item-type-custom menu-item-object-custom menu-item-42174\"><a href=\"https:\/\/www.uta.cl\/index.php\/diplan-proyectos\/\" class=\"elementor-item\">Proyectos<\/a><\/li>\n<li class=\"menu-item menu-item-type-custom menu-item-object-custom menu-item-43844\"><a href=\"https:\/\/www.uta.cl\/index.php\/diplan-procesos\/\" class=\"elementor-item\">Gesti\u00f3n de Procesos<\/a><\/li>\n<li class=\"menu-item menu-item-type-custom menu-item-object-custom menu-item-42175\"><a href=\"https:\/\/www.uta.cl\/index.php\/diplan-sistemas\/\" class=\"elementor-item\">Sistemas<\/a><\/li>\n<\/ul><\/nav>\n\t\t\t\t\t<div class=\"elementor-menu-toggle\" role=\"button\" tabindex=\"0\" aria-label=\"Alternar men\u00fa\" aria-expanded=\"false\">\n\t\t\t<i class=\"eicon-menu-bar\" aria-hidden=\"true\"><\/i>\n\t\t\t<span class=\"elementor-screen-only\">Men\u00fa<\/span>\n\t\t<\/div>\n\t\t\t<nav class=\"elementor-nav-menu--dropdown elementor-nav-menu__container\" role=\"navigation\" aria-hidden=\"true\"><ul id=\"menu-2-60a20cd\" class=\"elementor-nav-menu\"><li class=\"menu-item menu-item-type-custom menu-item-object-custom menu-item-42171\"><a href=\"https:\/\/www.uta.cl\/index.php\/diplan\/\" class=\"elementor-item\">Inicio<\/a><\/li>\n<li class=\"menu-item menu-item-type-custom menu-item-object-custom menu-item-42172\"><a href=\"https:\/\/www.uta.cl\/index.php\/diplan-quienes-somos\/\" class=\"elementor-item\">Quienes Somos<\/a><\/li>\n<li class=\"menu-item menu-item-type-custom menu-item-object-custom menu-item-42173\"><a href=\"https:\/\/www.uta.cl\/index.php\/diplan-planificacion1\/\" class=\"elementor-item\">Planificaci\u00f3n<\/a><\/li>\n<li class=\"menu-item menu-item-type-custom menu-item-object-custom menu-item-42174\"><a href=\"https:\/\/www.uta.cl\/index.php\/diplan-proyectos\/\" class=\"elementor-item\">Proyectos<\/a><\/li>\n<li class=\"menu-item menu-item-type-custom menu-item-object-custom menu-item-43844\"><a href=\"https:\/\/www.uta.cl\/index.php\/diplan-procesos\/\" class=\"elementor-item\">Gesti\u00f3n de Procesos<\/a><\/li>\n<li class=\"menu-item menu-item-type-custom menu-item-object-custom menu-item-42175\"><a href=\"https:\/\/www.uta.cl\/index.php\/diplan-sistemas\/\" class=\"elementor-item\">Sistemas<\/a><\/li>\n<\/ul><\/nav>\n\t\t\t\t<\/div>\n\t\t\t\t<\/div>\n\t\t\t\t\t\t<\/div>\n\t\t\t\t\t<\/div>\n\t\t<\/div>\n\t\t\t\t\t\t\t\t<\/div>\n\t\t\t\t\t<\/div>\n\t\t<\/section>\n\t\t\t\t<div class=\"elementor-element elementor-element-1127d3b elementor--h-position-center elementor--v-position-middle elementor-arrows-position-inside elementor-pagination-position-inside elementor-widget elementor-widget-slides\" data-id=\"1127d3b\" data-element_type=\"widget\" data-settings=\"{&quot;navigation&quot;:&quot;both&quot;,&quot;autoplay&quot;:&quot;yes&quot;,&quot;autoplay_speed&quot;:5000,&quot;infinite&quot;:&quot;yes&quot;,&quot;transition&quot;:&quot;slide&quot;,&quot;transition_speed&quot;:500}\" data-widget_type=\"slides.default\">\n\t\t\t\t<div class=\"elementor-widget-container\">\n\t\t\t\t\t<div class=\"elementor-swiper\">\n\t\t\t<div class=\"elementor-slides-wrapper elementor-main-swiper swiper-container\" dir=\"ltr\" data-animation=\"fadeInRight\">\n\t\t\t\t<div class=\"swiper-wrapper elementor-slides\">\n\t\t\t\t\t<div class=\"elementor-repeater-item-888aadc swiper-slide\"><div class=\"swiper-slide-bg elementor-ken-burns elementor-ken-burns--out\"><\/div><div class=\"elementor-background-overlay\"><\/div><div class=\"swiper-slide-inner\" ><div class=\"swiper-slide-contents\"><div class=\"elementor-slide-heading\">La Direcci\u00f3n de planificaci\u00f3n y Proyectos asume el compromiso de<br\/>conducir la misi\u00f3n institucional, y alcanzar la visi\u00f3n y el prop\u00f3sito<br\/>estrat\u00e9gico de la Universidad de Tarapac\u00e1<\/div><\/div><\/div><\/div><div class=\"elementor-repeater-item-2673023 swiper-slide\"><div class=\"swiper-slide-bg elementor-ken-burns elementor-ken-burns--out\"><\/div><div class=\"elementor-background-overlay\"><\/div><div class=\"swiper-slide-inner\" ><div class=\"swiper-slide-contents\"><div class=\"elementor-slide-heading\">La Direcci\u00f3n de planificaci\u00f3n y Proyectos asume el compromiso de<br\/>conducir la misi\u00f3n institucional, y alcanzar la visi\u00f3n y el prop\u00f3sito<br\/>estrat\u00e9gico de la Universidad de Tarapac\u00e1<\/div><\/div><\/div><\/div><div class=\"elementor-repeater-item-72e5690 swiper-slide\"><div class=\"swiper-slide-bg elementor-ken-burns elementor-ken-burns--out\"><\/div><div class=\"elementor-background-overlay\"><\/div><div class=\"swiper-slide-inner\" ><div class=\"swiper-slide-contents\"><div class=\"elementor-slide-heading\">La Direcci\u00f3n de planificaci\u00f3n y Proyectos asume el compromiso de<br\/>conducir la misi\u00f3n institucional, y alcanzar la visi\u00f3n y el prop\u00f3sito<br\/>estrat\u00e9gico de la Universidad de Tarapac\u00e1<\/div><\/div><\/div><\/div><div class=\"elementor-repeater-item-113e57e swiper-slide\"><div class=\"swiper-slide-bg elementor-ken-burns elementor-ken-burns--out\"><\/div><div class=\"elementor-background-overlay\"><\/div><div class=\"swiper-slide-inner\" ><div class=\"swiper-slide-contents\"><div class=\"elementor-slide-heading\">La Direcci\u00f3n de planificaci\u00f3n y Proyectos asume el compromiso de<br\/>conducir la misi\u00f3n institucional, y alcanzar la visi\u00f3n y el prop\u00f3sito<br\/>estrat\u00e9gico de la Universidad de Tarapac\u00e1<\/div><\/div><\/div><\/div>\t\t\t\t<\/div>\n\t\t\t\t\t\t\t\t\t\t\t\t\t\t\t<div class=\"swiper-pagination\"><\/div>\n\t\t\t\t\t\t\t\t\t\t\t\t\t\t\t\t<div class=\"elementor-swiper-button elementor-swiper-button-prev\">\n\t\t\t\t\t\t\t<i class=\"eicon-chevron-left\" aria-hidden=\"true\"><\/i>\n\t\t\t\t\t\t\t<span class=\"elementor-screen-only\">Anterior<\/span>\n\t\t\t\t\t\t<\/div>\n\t\t\t\t\t\t<div class=\"elementor-swiper-button elementor-swiper-button-next\">\n\t\t\t\t\t\t\t<i class=\"eicon-chevron-right\" aria-hidden=\"true\"><\/i>\n\t\t\t\t\t\t\t<span class=\"elementor-screen-only\">Siguiente<\/span>\n\t\t\t\t\t\t<\/div>\n\t\t\t\t\t\t\t\t\t\t\t\t<\/div>\n\t\t<\/div>\n\t\t\t\t<\/div>\n\t\t\t\t<\/div>\n\t\t\t\t\t\t<\/div>\n\t\t\t\t\t<\/div>\n\t\t<\/div>\n\t\t\t\t\t\t\t\t<\/div>\n\t\t\t\t\t<\/div>\n\t\t<\/section>\n\t\t\t\t<section class=\"elementor-section elementor-top-section elementor-element elementor-element-d663fd6 elementor-section-boxed elementor-section-height-default elementor-section-height-default\" data-id=\"d663fd6\" data-element_type=\"section\" data-settings=\"{&quot;background_background&quot;:&quot;classic&quot;,&quot;background_image&quot;:{&quot;url&quot;:&quot;&quot;,&quot;id&quot;:&quot;&quot;},&quot;background_image_tablet&quot;:{&quot;url&quot;:&quot;&quot;,&quot;id&quot;:&quot;&quot;},&quot;background_image_mobile&quot;:{&quot;url&quot;:&quot;&quot;,&quot;id&quot;:&quot;&quot;}}\">\n\t\t\t\t\t\t<div class=\"elementor-container elementor-column-gap-default\">\n\t\t\t\t\t\t\t<div class=\"elementor-row\">\n\t\t\t\t\t<div class=\"elementor-column elementor-col-100 elementor-top-column elementor-element elementor-element-b74581e\" data-id=\"b74581e\" data-element_type=\"column\">\n\t\t\t<div class=\"elementor-column-wrap elementor-element-populated\">\n\t\t\t\t\t\t\t<div class=\"elementor-widget-wrap\">\n\t\t\t\t\t\t<section class=\"elementor-section elementor-inner-section elementor-element elementor-element-8b4e1fc elementor-section-boxed elementor-section-height-default elementor-section-height-default\" data-id=\"8b4e1fc\" data-element_type=\"section\">\n\t\t\t\t\t\t<div class=\"elementor-container elementor-column-gap-default\">\n\t\t\t\t\t\t\t<div class=\"elementor-row\">\n\t\t\t\t\t<div class=\"elementor-column elementor-col-100 elementor-inner-column elementor-element elementor-element-08d1b01\" data-id=\"08d1b01\" data-element_type=\"column\">\n\t\t\t<div class=\"elementor-column-wrap elementor-element-populated\">\n\t\t\t\t\t\t\t<div class=\"elementor-widget-wrap\">\n\t\t\t\t\t\t<div class=\"elementor-element elementor-element-979183b elementor-widget elementor-widget-heading\" data-id=\"979183b\" data-element_type=\"widget\" data-widget_type=\"heading.default\">\n\t\t\t\t<div class=\"elementor-widget-container\">\n\t\t\t<h2 class=\"elementor-heading-title elementor-size-default\">SISTEMAS<\/h2>\t\t<\/div>\n\t\t\t\t<\/div>\n\t\t\t\t<div class=\"elementor-element elementor-element-b845219 elementor-widget-divider--view-line elementor-widget elementor-widget-divider\" data-id=\"b845219\" data-element_type=\"widget\" data-widget_type=\"divider.default\">\n\t\t\t\t<div class=\"elementor-widget-container\">\n\t\t\t\t\t<div class=\"elementor-divider\">\n\t\t\t<span class=\"elementor-divider-separator\">\n\t\t\t\t\t\t<\/span>\n\t\t<\/div>\n\t\t\t\t<\/div>\n\t\t\t\t<\/div>\n\t\t\t\t\t\t<\/div>\n\t\t\t\t\t<\/div>\n\t\t<\/div>\n\t\t\t\t\t\t\t\t<\/div>\n\t\t\t\t\t<\/div>\n\t\t<\/section>\n\t\t\t\t<div class=\"elementor-element elementor-element-261a669 elementor-widget elementor-widget-text-editor\" data-id=\"261a669\" data-element_type=\"widget\" data-widget_type=\"text-editor.default\">\n\t\t\t\t<div class=\"elementor-widget-container\">\n\t\t\t\t\t<div class=\"elementor-text-editor elementor-clearfix\"><p>El dise\u00f1o y aplicaci\u00f3n de los sistemas de informaci\u00f3n tienen el objetivo de apoyar la gesti\u00f3n acad\u00e9mica, administrativa y financiera de la Universidad, al permitir obtener el estado de la situaci\u00f3n de la planificaci\u00f3n estrat\u00e9gica en l\u00ednea. Esto genera un flujo de informaci\u00f3n transparente, eficaz y descentralizado para la toma de decisiones de las distintas unidades institucionales. Adem\u00e1s, permiten el seguimiento, control y monitoreo de la informaci\u00f3n.<\/p><\/div>\n\t\t\t\t<\/div>\n\t\t\t\t<\/div>\n\t\t\t\t\t\t<\/div>\n\t\t\t\t\t<\/div>\n\t\t<\/div>\n\t\t\t\t\t\t\t\t<\/div>\n\t\t\t\t\t<\/div>\n\t\t<\/section>\n\t\t\t\t<section class=\"elementor-section elementor-top-section elementor-element elementor-element-1973a89 elementor-section-boxed elementor-section-height-default elementor-section-height-default\" data-id=\"1973a89\" data-element_type=\"section\" data-settings=\"{&quot;background_background&quot;:&quot;classic&quot;,&quot;background_image&quot;:{&quot;url&quot;:&quot;&quot;,&quot;id&quot;:&quot;&quot;},&quot;background_image_tablet&quot;:{&quot;url&quot;:&quot;&quot;,&quot;id&quot;:&quot;&quot;},&quot;background_image_mobile&quot;:{&quot;url&quot;:&quot;&quot;,&quot;id&quot;:&quot;&quot;}}\">\n\t\t\t\t\t\t<div class=\"elementor-container elementor-column-gap-default\">\n\t\t\t\t\t\t\t<div class=\"elementor-row\">\n\t\t\t\t\t<div class=\"elementor-column elementor-col-100 elementor-top-column elementor-element elementor-element-e83c4de\" data-id=\"e83c4de\" data-element_type=\"column\">\n\t\t\t<div class=\"elementor-column-wrap elementor-element-populated\">\n\t\t\t\t\t\t\t<div class=\"elementor-widget-wrap\">\n\t\t\t\t\t\t<section class=\"elementor-section elementor-inner-section elementor-element elementor-element-9dc3497 elementor-section-boxed elementor-section-height-default elementor-section-height-default\" data-id=\"9dc3497\" data-element_type=\"section\">\n\t\t\t\t\t\t\t<div class=\"elementor-background-overlay\"><\/div>\n\t\t\t\t\t\t\t<div class=\"elementor-container elementor-column-gap-default\">\n\t\t\t\t\t\t\t<div class=\"elementor-row\">\n\t\t\t\t\t<div class=\"elementor-column elementor-col-100 elementor-inner-column elementor-element elementor-element-fed3da9\" data-id=\"fed3da9\" data-element_type=\"column\">\n\t\t\t<div class=\"elementor-column-wrap elementor-element-populated\">\n\t\t\t\t\t\t\t<div class=\"elementor-widget-wrap\">\n\t\t\t\t\t\t<div class=\"elementor-element elementor-element-6a6bc1f elementor-widget elementor-widget-heading\" data-id=\"6a6bc1f\" data-element_type=\"widget\" data-widget_type=\"heading.default\">\n\t\t\t\t<div class=\"elementor-widget-container\">\n\t\t\t<h2 class=\"elementor-heading-title elementor-size-default\"><h2 data-elementor-setting-key=\"title\" data-pen-placeholder=\"Teclea aqu\u00ed...\" style=\"font-variant-ligatures: normal; font-variant-caps: normal; font-style: normal; letter-spacing: normal;\"><span style=\"color: rgb(129, 129, 129); font-family: Poppins, &quot;Open Sans&quot;; font-size: 33px; font-weight: 600; letter-spacing: 0px;\">SISTEMA DE CONTROL DE GESTI\u00d3N<\/span><\/h2><\/h2>\t\t<\/div>\n\t\t\t\t<\/div>\n\t\t\t\t<div class=\"elementor-element elementor-element-a494226 elementor-widget-divider--view-line elementor-widget elementor-widget-divider\" data-id=\"a494226\" data-element_type=\"widget\" data-widget_type=\"divider.default\">\n\t\t\t\t<div class=\"elementor-widget-container\">\n\t\t\t\t\t<div class=\"elementor-divider\">\n\t\t\t<span class=\"elementor-divider-separator\">\n\t\t\t\t\t\t<\/span>\n\t\t<\/div>\n\t\t\t\t<\/div>\n\t\t\t\t<\/div>\n\t\t\t\t<div class=\"elementor-element elementor-element-03bfa9c elementor-widget elementor-widget-text-editor\" data-id=\"03bfa9c\" data-element_type=\"widget\" data-widget_type=\"text-editor.default\">\n\t\t\t\t<div class=\"elementor-widget-container\">\n\t\t\t\t\t<div class=\"elementor-text-editor elementor-clearfix\"><p>El Sistema de Control de Gesti\u00f3n (SCG) es una herramienta de gesti\u00f3n estrat\u00e9gica que permite monitorear y evaluar el desempe\u00f1o de sus unidades acad\u00e9micas e institucionales, con el fin de garantizar el cumplimiento de sus objetivos estrat\u00e9gicos y mejorar continuamente sus procesos.<\/p><p>La plataforma digital del SCG est\u00e1 integrada a la Intranet de la UTA y se basa en el mapa estrat\u00e9gico de la universidad. Con esta herramienta, se puede generar un seguimiento a nivel estrat\u00e9gico, t\u00e1ctico y operativo, lo que le permite tener una visi\u00f3n global y detallada de su desempe\u00f1o.<\/p><p>El SCG tambi\u00e9n cuenta con un cuadro de mando integral del Sistema de Direcci\u00f3n Estrat\u00e9gica, que proporciona informaci\u00f3n relevante y actualizada sobre los indicadores de desempe\u00f1o de la universidad, lo que facilita la toma de decisiones y la identificaci\u00f3n de \u00e1reas de mejora.<\/p><p>Adem\u00e1s, el SCG registra la informaci\u00f3n de los Planes de Desarrollo Estrat\u00e9gico y Planes Operativos Bienales de las unidades acad\u00e9micas, lo que permite observar los avances y evaluar el cumplimiento de las metas y objetivos establecidos en cada plan. De esta manera, se pueden identificar las fortalezas y debilidades de cada unidad acad\u00e9mica y tomar medidas para mejorar su desempe\u00f1o.<\/p><\/div>\n\t\t\t\t<\/div>\n\t\t\t\t<\/div>\n\t\t\t\t<div class=\"elementor-element elementor-element-390a333 elementor-widget elementor-widget-image\" data-id=\"390a333\" data-element_type=\"widget\" data-widget_type=\"image.default\">\n\t\t\t\t<div class=\"elementor-widget-container\">\n\t\t\t\t\t<div class=\"elementor-image\">\n\t\t\t\t\t\t\t\t\t\t<img width=\"871\" height=\"276\" src=\"https:\/\/www.uta.cl\/wp-content\/uploads\/2023\/04\/9.jpg\" class=\"attachment-large size-large\" alt=\"\" loading=\"lazy\" srcset=\"https:\/\/www.uta.cl\/wp-content\/uploads\/2023\/04\/9.jpg 871w, https:\/\/www.uta.cl\/wp-content\/uploads\/2023\/04\/9-300x95.jpg 300w, https:\/\/www.uta.cl\/wp-content\/uploads\/2023\/04\/9-768x243.jpg 768w\" sizes=\"(max-width: 871px) 100vw, 871px\" \/>\t\t\t\t\t\t\t\t\t\t\t<\/div>\n\t\t\t\t<\/div>\n\t\t\t\t<\/div>\n\t\t\t\t\t\t<\/div>\n\t\t\t\t\t<\/div>\n\t\t<\/div>\n\t\t\t\t\t\t\t\t<\/div>\n\t\t\t\t\t<\/div>\n\t\t<\/section>\n\t\t\t\t<section class=\"elementor-section elementor-inner-section elementor-element elementor-element-9f00f6a elementor-section-boxed elementor-section-height-default elementor-section-height-default\" data-id=\"9f00f6a\" data-element_type=\"section\">\n\t\t\t\t\t\t\t<div class=\"elementor-background-overlay\"><\/div>\n\t\t\t\t\t\t\t<div class=\"elementor-container elementor-column-gap-default\">\n\t\t\t\t\t\t\t<div class=\"elementor-row\">\n\t\t\t\t\t<div class=\"elementor-column elementor-col-100 elementor-inner-column elementor-element elementor-element-a59166f\" data-id=\"a59166f\" data-element_type=\"column\">\n\t\t\t<div class=\"elementor-column-wrap elementor-element-populated\">\n\t\t\t\t\t\t\t<div class=\"elementor-widget-wrap\">\n\t\t\t\t\t\t<div class=\"elementor-element elementor-element-3774041 elementor-widget elementor-widget-heading\" data-id=\"3774041\" data-element_type=\"widget\" data-widget_type=\"heading.default\">\n\t\t\t\t<div class=\"elementor-widget-container\">\n\t\t\t<h2 class=\"elementor-heading-title elementor-size-default\">SISTEMA DE GESTI\u00d3N DE PROYECTOS INSTITUCIONALES<\/h2>\t\t<\/div>\n\t\t\t\t<\/div>\n\t\t\t\t<div class=\"elementor-element elementor-element-a8beca7 elementor-widget-divider--view-line elementor-widget elementor-widget-divider\" data-id=\"a8beca7\" data-element_type=\"widget\" data-widget_type=\"divider.default\">\n\t\t\t\t<div class=\"elementor-widget-container\">\n\t\t\t\t\t<div class=\"elementor-divider\">\n\t\t\t<span class=\"elementor-divider-separator\">\n\t\t\t\t\t\t<\/span>\n\t\t<\/div>\n\t\t\t\t<\/div>\n\t\t\t\t<\/div>\n\t\t\t\t<div class=\"elementor-element elementor-element-8de5582 elementor-widget elementor-widget-text-editor\" data-id=\"8de5582\" data-element_type=\"widget\" data-widget_type=\"text-editor.default\">\n\t\t\t\t<div class=\"elementor-widget-container\">\n\t\t\t\t\t<div class=\"elementor-text-editor elementor-clearfix\"><p>El Sistema de Gesti\u00f3n de Proyectos institucionales (SGPI) es una innovadora plataforma digital que permite controlar, monitorear y evaluar el progreso y ejecuci\u00f3n de los proyectos, y su impacto en el desarrollo de los ejes estrat\u00e9gicos del SDE.<\/p><p>El SGPI busca la interconexi\u00f3n de la informaci\u00f3n de los proyectos institucionales que provienen del Ministerio de Educaci\u00f3n, Gobierno Regional y de la Agencia Nacional de Investigaci\u00f3n y Desarrollo de Chile, otorgando a la universidad un proceso de gobernanza de datos que optimiza el seguimiento y control de los procesos de gesti\u00f3n y presupuesto de los proyectos.<\/p><\/div>\n\t\t\t\t<\/div>\n\t\t\t\t<\/div>\n\t\t\t\t<div class=\"elementor-element elementor-element-33e1242 elementor-widget elementor-widget-image\" data-id=\"33e1242\" data-element_type=\"widget\" data-widget_type=\"image.default\">\n\t\t\t\t<div class=\"elementor-widget-container\">\n\t\t\t\t\t<div class=\"elementor-image\">\n\t\t\t\t\t\t\t\t\t\t<img width=\"882\" height=\"313\" src=\"https:\/\/www.uta.cl\/wp-content\/uploads\/2023\/04\/10.jpg\" class=\"attachment-large size-large\" alt=\"\" loading=\"lazy\" srcset=\"https:\/\/www.uta.cl\/wp-content\/uploads\/2023\/04\/10.jpg 882w, https:\/\/www.uta.cl\/wp-content\/uploads\/2023\/04\/10-300x106.jpg 300w, https:\/\/www.uta.cl\/wp-content\/uploads\/2023\/04\/10-768x273.jpg 768w\" sizes=\"(max-width: 882px) 100vw, 882px\" \/>\t\t\t\t\t\t\t\t\t\t\t<\/div>\n\t\t\t\t<\/div>\n\t\t\t\t<\/div>\n\t\t\t\t\t\t<\/div>\n\t\t\t\t\t<\/div>\n\t\t<\/div>\n\t\t\t\t\t\t\t\t<\/div>\n\t\t\t\t\t<\/div>\n\t\t<\/section>\n\t\t\t\t<div class=\"elementor-element elementor-element-97e3544 elementor-widget-divider--view-line elementor-widget elementor-widget-divider\" data-id=\"97e3544\" data-element_type=\"widget\" data-widget_type=\"divider.default\">\n\t\t\t\t<div class=\"elementor-widget-container\">\n\t\t\t\t\t<div class=\"elementor-divider\">\n\t\t\t<span class=\"elementor-divider-separator\">\n\t\t\t\t\t\t<\/span>\n\t\t<\/div>\n\t\t\t\t<\/div>\n\t\t\t\t<\/div>\n\t\t\t\t\t\t<\/div>\n\t\t\t\t\t<\/div>\n\t\t<\/div>\n\t\t\t\t\t\t\t\t<\/div>\n\t\t\t\t\t<\/div>\n\t\t<\/section>\n\t\t\t\t\t\t<\/div>\n\t\t\t\t\t\t<\/div>\n\t\t\t\t\t<\/div>\n\t\t","protected":false},"excerpt":{"rendered":"<p>La Direcci\u00f3n de planificaci\u00f3n y Proyectos asume el compromiso deconducir la misi\u00f3n institucional, y alcanzar la visi\u00f3n y el prop\u00f3sitoestrat\u00e9gico de la Universidad de Tarapac\u00e1La Direcci\u00f3n de planificaci\u00f3n y Proyectos asume el compromiso deconducir la misi\u00f3n institucional, y alcanzar la visi\u00f3n y el prop\u00f3sitoestrat\u00e9gico de la Universidad de Tarapac\u00e1La Direcci\u00f3n de planificaci\u00f3n y Proyectos asume [&hellip;]<\/p>\n","protected":false},"author":1,"featured_media":0,"parent":0,"menu_order":0,"comment_status":"closed","ping_status":"closed","template":"elementor_header_footer","meta":[],"_links":{"self":[{"href":"https:\/\/www.uta.cl\/index.php\/wp-json\/wp\/v2\/pages\/43971"}],"collection":[{"href":"https:\/\/www.uta.cl\/index.php\/wp-json\/wp\/v2\/pages"}],"about":[{"href":"https:\/\/www.uta.cl\/index.php\/wp-json\/wp\/v2\/types\/page"}],"author":[{"embeddable":true,"href":"https:\/\/www.uta.cl\/index.php\/wp-json\/wp\/v2\/users\/1"}],"replies":[{"embeddable":true,"href":"https:\/\/www.uta.cl\/index.php\/wp-json\/wp\/v2\/comments?post=43971"}],"version-history":[{"count":19,"href":"https:\/\/www.uta.cl\/index.php\/wp-json\/wp\/v2\/pages\/43971\/revisions"}],"predecessor-version":[{"id":44804,"href":"https:\/\/www.uta.cl\/index.php\/wp-json\/wp\/v2\/pages\/43971\/revisions\/44804"}],"wp:attachment":[{"href":"https:\/\/www.uta.cl\/index.php\/wp-json\/wp\/v2\/media?parent=43971"}],"curies":[{"name":"wp","href":"https:\/\/api.w.org\/{rel}","templated":true}]}}