{"id":43956,"date":"2023-04-09T19:05:19","date_gmt":"2023-04-09T19:05:19","guid":{"rendered":"https:\/\/www.uta.cl\/?page_id=43956"},"modified":"2023-05-30T19:33:07","modified_gmt":"2023-05-30T19:33:07","slug":"diplan-procesos","status":"publish","type":"page","link":"https:\/\/www.uta.cl\/index.php\/diplan-procesos\/","title":{"rendered":"DIPLAN &#8211; Gesti\u00f3n de Procesos"},"content":{"rendered":"\t\t<div data-elementor-type=\"wp-post\" data-elementor-id=\"43956\" class=\"elementor elementor-43956\" data-elementor-settings=\"[]\">\n\t\t\t\t\t\t<div class=\"elementor-inner\">\n\t\t\t\t\t\t\t<div class=\"elementor-section-wrap\">\n\t\t\t\t\t\t\t<section class=\"elementor-section elementor-top-section elementor-element elementor-element-5aac37c elementor-section-full_width elementor-section-height-default elementor-section-height-default\" data-id=\"5aac37c\" data-element_type=\"section\">\n\t\t\t\t\t\t<div class=\"elementor-container elementor-column-gap-default\">\n\t\t\t\t\t\t\t<div class=\"elementor-row\">\n\t\t\t\t\t<div class=\"elementor-column elementor-col-100 elementor-top-column elementor-element elementor-element-6c65c3f\" data-id=\"6c65c3f\" data-element_type=\"column\">\n\t\t\t<div class=\"elementor-column-wrap elementor-element-populated\">\n\t\t\t\t\t\t\t<div class=\"elementor-widget-wrap\">\n\t\t\t\t\t\t<section class=\"elementor-section elementor-inner-section elementor-element elementor-element-000ca4d elementor-section-boxed elementor-section-height-default elementor-section-height-default\" data-id=\"000ca4d\" data-element_type=\"section\">\n\t\t\t\t\t\t<div class=\"elementor-container elementor-column-gap-default\">\n\t\t\t\t\t\t\t<div class=\"elementor-row\">\n\t\t\t\t\t<div class=\"elementor-column elementor-col-50 elementor-inner-column elementor-element elementor-element-c4f3959\" data-id=\"c4f3959\" data-element_type=\"column\">\n\t\t\t<div class=\"elementor-column-wrap elementor-element-populated\">\n\t\t\t\t\t\t\t<div class=\"elementor-widget-wrap\">\n\t\t\t\t\t\t<div class=\"elementor-element elementor-element-ddaa759 elementor-widget elementor-widget-image\" data-id=\"ddaa759\" data-element_type=\"widget\" data-widget_type=\"image.default\">\n\t\t\t\t<div class=\"elementor-widget-container\">\n\t\t\t\t\t<div class=\"elementor-image\">\n\t\t\t\t\t\t\t\t\t\t<img width=\"465\" height=\"160\" src=\"https:\/\/www.uta.cl\/wp-content\/uploads\/2023\/04\/LOGORecurso-1.png\" class=\"attachment-large size-large\" alt=\"\" loading=\"lazy\" srcset=\"https:\/\/www.uta.cl\/wp-content\/uploads\/2023\/04\/LOGORecurso-1.png 465w, https:\/\/www.uta.cl\/wp-content\/uploads\/2023\/04\/LOGORecurso-1-300x103.png 300w\" sizes=\"(max-width: 465px) 100vw, 465px\" \/>\t\t\t\t\t\t\t\t\t\t\t<\/div>\n\t\t\t\t<\/div>\n\t\t\t\t<\/div>\n\t\t\t\t\t\t<\/div>\n\t\t\t\t\t<\/div>\n\t\t<\/div>\n\t\t\t\t<div class=\"elementor-column elementor-col-50 elementor-inner-column elementor-element elementor-element-db99d55\" data-id=\"db99d55\" data-element_type=\"column\">\n\t\t\t<div class=\"elementor-column-wrap\">\n\t\t\t\t\t\t\t<div class=\"elementor-widget-wrap\">\n\t\t\t\t\t\t\t\t<\/div>\n\t\t\t\t\t<\/div>\n\t\t<\/div>\n\t\t\t\t\t\t\t\t<\/div>\n\t\t\t\t\t<\/div>\n\t\t<\/section>\n\t\t\t\t<section class=\"elementor-section elementor-inner-section elementor-element elementor-element-e7cb742 elementor-section-boxed elementor-section-height-default elementor-section-height-default\" data-id=\"e7cb742\" data-element_type=\"section\">\n\t\t\t\t\t\t<div class=\"elementor-container elementor-column-gap-default\">\n\t\t\t\t\t\t\t<div class=\"elementor-row\">\n\t\t\t\t\t<div class=\"elementor-column elementor-col-50 elementor-inner-column elementor-element elementor-element-7e7dd63\" data-id=\"7e7dd63\" data-element_type=\"column\">\n\t\t\t<div class=\"elementor-column-wrap\">\n\t\t\t\t\t\t\t<div class=\"elementor-widget-wrap\">\n\t\t\t\t\t\t\t\t<\/div>\n\t\t\t\t\t<\/div>\n\t\t<\/div>\n\t\t\t\t<div class=\"elementor-column elementor-col-50 elementor-inner-column elementor-element elementor-element-e96bde5\" data-id=\"e96bde5\" data-element_type=\"column\">\n\t\t\t<div class=\"elementor-column-wrap elementor-element-populated\">\n\t\t\t\t\t\t\t<div class=\"elementor-widget-wrap\">\n\t\t\t\t\t\t<div class=\"elementor-element elementor-element-60a20cd elementor-nav-menu__align-right elementor-nav-menu--dropdown-mobile elementor-nav-menu--stretch elementor-nav-menu__text-align-center elementor-nav-menu--indicator-classic elementor-nav-menu--toggle elementor-nav-menu--burger elementor-widget elementor-widget-nav-menu\" data-id=\"60a20cd\" data-element_type=\"widget\" data-settings=\"{&quot;full_width&quot;:&quot;stretch&quot;,&quot;layout&quot;:&quot;horizontal&quot;,&quot;toggle&quot;:&quot;burger&quot;}\" data-widget_type=\"nav-menu.default\">\n\t\t\t\t<div class=\"elementor-widget-container\">\n\t\t\t\t\t\t<nav role=\"navigation\" class=\"elementor-nav-menu--main elementor-nav-menu__container elementor-nav-menu--layout-horizontal e--pointer-background e--animation-grow\"><ul id=\"menu-1-60a20cd\" class=\"elementor-nav-menu\"><li class=\"menu-item menu-item-type-custom menu-item-object-custom menu-item-42171\"><a href=\"https:\/\/www.uta.cl\/index.php\/diplan\/\" class=\"elementor-item\">Inicio<\/a><\/li>\n<li class=\"menu-item menu-item-type-custom menu-item-object-custom menu-item-42172\"><a href=\"https:\/\/www.uta.cl\/index.php\/diplan-quienes-somos\/\" class=\"elementor-item\">Quienes Somos<\/a><\/li>\n<li class=\"menu-item menu-item-type-custom menu-item-object-custom menu-item-42173\"><a href=\"https:\/\/www.uta.cl\/index.php\/diplan-planificacion1\/\" class=\"elementor-item\">Planificaci\u00f3n<\/a><\/li>\n<li class=\"menu-item menu-item-type-custom menu-item-object-custom menu-item-42174\"><a href=\"https:\/\/www.uta.cl\/index.php\/diplan-proyectos\/\" class=\"elementor-item\">Proyectos<\/a><\/li>\n<li class=\"menu-item menu-item-type-custom menu-item-object-custom menu-item-43844\"><a href=\"https:\/\/www.uta.cl\/index.php\/diplan-procesos\/\" class=\"elementor-item\">Gesti\u00f3n de Procesos<\/a><\/li>\n<li class=\"menu-item menu-item-type-custom menu-item-object-custom menu-item-42175\"><a href=\"https:\/\/www.uta.cl\/index.php\/diplan-sistemas\/\" class=\"elementor-item\">Sistemas<\/a><\/li>\n<\/ul><\/nav>\n\t\t\t\t\t<div class=\"elementor-menu-toggle\" role=\"button\" tabindex=\"0\" aria-label=\"Alternar men\u00fa\" aria-expanded=\"false\">\n\t\t\t<i class=\"eicon-menu-bar\" aria-hidden=\"true\"><\/i>\n\t\t\t<span class=\"elementor-screen-only\">Men\u00fa<\/span>\n\t\t<\/div>\n\t\t\t<nav class=\"elementor-nav-menu--dropdown elementor-nav-menu__container\" role=\"navigation\" aria-hidden=\"true\"><ul id=\"menu-2-60a20cd\" class=\"elementor-nav-menu\"><li class=\"menu-item menu-item-type-custom menu-item-object-custom menu-item-42171\"><a href=\"https:\/\/www.uta.cl\/index.php\/diplan\/\" class=\"elementor-item\">Inicio<\/a><\/li>\n<li class=\"menu-item menu-item-type-custom menu-item-object-custom menu-item-42172\"><a href=\"https:\/\/www.uta.cl\/index.php\/diplan-quienes-somos\/\" class=\"elementor-item\">Quienes Somos<\/a><\/li>\n<li class=\"menu-item menu-item-type-custom menu-item-object-custom menu-item-42173\"><a href=\"https:\/\/www.uta.cl\/index.php\/diplan-planificacion1\/\" class=\"elementor-item\">Planificaci\u00f3n<\/a><\/li>\n<li class=\"menu-item menu-item-type-custom menu-item-object-custom menu-item-42174\"><a href=\"https:\/\/www.uta.cl\/index.php\/diplan-proyectos\/\" class=\"elementor-item\">Proyectos<\/a><\/li>\n<li class=\"menu-item menu-item-type-custom menu-item-object-custom menu-item-43844\"><a href=\"https:\/\/www.uta.cl\/index.php\/diplan-procesos\/\" class=\"elementor-item\">Gesti\u00f3n de Procesos<\/a><\/li>\n<li class=\"menu-item menu-item-type-custom menu-item-object-custom menu-item-42175\"><a href=\"https:\/\/www.uta.cl\/index.php\/diplan-sistemas\/\" class=\"elementor-item\">Sistemas<\/a><\/li>\n<\/ul><\/nav>\n\t\t\t\t<\/div>\n\t\t\t\t<\/div>\n\t\t\t\t\t\t<\/div>\n\t\t\t\t\t<\/div>\n\t\t<\/div>\n\t\t\t\t\t\t\t\t<\/div>\n\t\t\t\t\t<\/div>\n\t\t<\/section>\n\t\t\t\t<div class=\"elementor-element elementor-element-1127d3b elementor--h-position-center elementor--v-position-middle elementor-arrows-position-inside elementor-pagination-position-inside elementor-widget elementor-widget-slides\" data-id=\"1127d3b\" data-element_type=\"widget\" data-settings=\"{&quot;navigation&quot;:&quot;both&quot;,&quot;autoplay&quot;:&quot;yes&quot;,&quot;autoplay_speed&quot;:5000,&quot;infinite&quot;:&quot;yes&quot;,&quot;transition&quot;:&quot;slide&quot;,&quot;transition_speed&quot;:500}\" data-widget_type=\"slides.default\">\n\t\t\t\t<div class=\"elementor-widget-container\">\n\t\t\t\t\t<div class=\"elementor-swiper\">\n\t\t\t<div class=\"elementor-slides-wrapper elementor-main-swiper swiper-container\" dir=\"ltr\" data-animation=\"fadeInRight\">\n\t\t\t\t<div class=\"swiper-wrapper elementor-slides\">\n\t\t\t\t\t<div class=\"elementor-repeater-item-888aadc swiper-slide\"><div class=\"swiper-slide-bg elementor-ken-burns elementor-ken-burns--out\"><\/div><div class=\"elementor-background-overlay\"><\/div><div class=\"swiper-slide-inner\" ><div class=\"swiper-slide-contents\"><div class=\"elementor-slide-heading\">La Direcci\u00f3n de planificaci\u00f3n y Proyectos asume el compromiso de<br\/>conducir la misi\u00f3n institucional, y alcanzar la visi\u00f3n y el prop\u00f3sito<br\/>estrat\u00e9gico de la Universidad de Tarapac\u00e1<\/div><\/div><\/div><\/div><div class=\"elementor-repeater-item-2673023 swiper-slide\"><div class=\"swiper-slide-bg elementor-ken-burns elementor-ken-burns--out\"><\/div><div class=\"elementor-background-overlay\"><\/div><div class=\"swiper-slide-inner\" ><div class=\"swiper-slide-contents\"><div class=\"elementor-slide-heading\">La Direcci\u00f3n de planificaci\u00f3n y Proyectos asume el compromiso de<br\/>conducir la misi\u00f3n institucional, y alcanzar la visi\u00f3n y el prop\u00f3sito<br\/>estrat\u00e9gico de la Universidad de Tarapac\u00e1<\/div><\/div><\/div><\/div><div class=\"elementor-repeater-item-72e5690 swiper-slide\"><div class=\"swiper-slide-bg elementor-ken-burns elementor-ken-burns--out\"><\/div><div class=\"elementor-background-overlay\"><\/div><div class=\"swiper-slide-inner\" ><div class=\"swiper-slide-contents\"><div class=\"elementor-slide-heading\">La Direcci\u00f3n de planificaci\u00f3n y Proyectos asume el compromiso de<br\/>conducir la misi\u00f3n institucional, y alcanzar la visi\u00f3n y el prop\u00f3sito<br\/>estrat\u00e9gico de la Universidad de Tarapac\u00e1<\/div><\/div><\/div><\/div><div class=\"elementor-repeater-item-113e57e swiper-slide\"><div class=\"swiper-slide-bg elementor-ken-burns elementor-ken-burns--out\"><\/div><div class=\"elementor-background-overlay\"><\/div><div class=\"swiper-slide-inner\" ><div class=\"swiper-slide-contents\"><div class=\"elementor-slide-heading\">La Direcci\u00f3n de planificaci\u00f3n y Proyectos asume el compromiso de<br\/>conducir la misi\u00f3n institucional, y alcanzar la visi\u00f3n y el prop\u00f3sito<br\/>estrat\u00e9gico de la Universidad de Tarapac\u00e1<\/div><\/div><\/div><\/div>\t\t\t\t<\/div>\n\t\t\t\t\t\t\t\t\t\t\t\t\t\t\t<div class=\"swiper-pagination\"><\/div>\n\t\t\t\t\t\t\t\t\t\t\t\t\t\t\t\t<div class=\"elementor-swiper-button elementor-swiper-button-prev\">\n\t\t\t\t\t\t\t<i class=\"eicon-chevron-left\" aria-hidden=\"true\"><\/i>\n\t\t\t\t\t\t\t<span class=\"elementor-screen-only\">Anterior<\/span>\n\t\t\t\t\t\t<\/div>\n\t\t\t\t\t\t<div class=\"elementor-swiper-button elementor-swiper-button-next\">\n\t\t\t\t\t\t\t<i class=\"eicon-chevron-right\" aria-hidden=\"true\"><\/i>\n\t\t\t\t\t\t\t<span class=\"elementor-screen-only\">Siguiente<\/span>\n\t\t\t\t\t\t<\/div>\n\t\t\t\t\t\t\t\t\t\t\t\t<\/div>\n\t\t<\/div>\n\t\t\t\t<\/div>\n\t\t\t\t<\/div>\n\t\t\t\t\t\t<\/div>\n\t\t\t\t\t<\/div>\n\t\t<\/div>\n\t\t\t\t\t\t\t\t<\/div>\n\t\t\t\t\t<\/div>\n\t\t<\/section>\n\t\t\t\t<section class=\"elementor-section elementor-top-section elementor-element elementor-element-d663fd6 elementor-section-boxed elementor-section-height-default elementor-section-height-default\" data-id=\"d663fd6\" data-element_type=\"section\" data-settings=\"{&quot;background_background&quot;:&quot;classic&quot;,&quot;background_image&quot;:{&quot;url&quot;:&quot;&quot;,&quot;id&quot;:&quot;&quot;},&quot;background_image_tablet&quot;:{&quot;url&quot;:&quot;&quot;,&quot;id&quot;:&quot;&quot;},&quot;background_image_mobile&quot;:{&quot;url&quot;:&quot;&quot;,&quot;id&quot;:&quot;&quot;}}\">\n\t\t\t\t\t\t<div class=\"elementor-container elementor-column-gap-default\">\n\t\t\t\t\t\t\t<div class=\"elementor-row\">\n\t\t\t\t\t<div class=\"elementor-column elementor-col-100 elementor-top-column elementor-element elementor-element-b74581e\" data-id=\"b74581e\" data-element_type=\"column\">\n\t\t\t<div class=\"elementor-column-wrap elementor-element-populated\">\n\t\t\t\t\t\t\t<div class=\"elementor-widget-wrap\">\n\t\t\t\t\t\t<section class=\"elementor-section elementor-inner-section elementor-element elementor-element-8b4e1fc elementor-section-boxed elementor-section-height-default elementor-section-height-default\" data-id=\"8b4e1fc\" data-element_type=\"section\">\n\t\t\t\t\t\t<div class=\"elementor-container elementor-column-gap-default\">\n\t\t\t\t\t\t\t<div class=\"elementor-row\">\n\t\t\t\t\t<div class=\"elementor-column elementor-col-100 elementor-inner-column elementor-element elementor-element-08d1b01\" data-id=\"08d1b01\" data-element_type=\"column\">\n\t\t\t<div class=\"elementor-column-wrap elementor-element-populated\">\n\t\t\t\t\t\t\t<div class=\"elementor-widget-wrap\">\n\t\t\t\t\t\t<div class=\"elementor-element elementor-element-979183b elementor-widget elementor-widget-heading\" data-id=\"979183b\" data-element_type=\"widget\" data-widget_type=\"heading.default\">\n\t\t\t\t<div class=\"elementor-widget-container\">\n\t\t\t<h2 class=\"elementor-heading-title elementor-size-default\">GESTI\u00d3N DE PROCESOS<\/h2>\t\t<\/div>\n\t\t\t\t<\/div>\n\t\t\t\t\t\t<\/div>\n\t\t\t\t\t<\/div>\n\t\t<\/div>\n\t\t\t\t\t\t\t\t<\/div>\n\t\t\t\t\t<\/div>\n\t\t<\/section>\n\t\t\t\t<div class=\"elementor-element elementor-element-b845219 elementor-widget-divider--view-line elementor-widget elementor-widget-divider\" data-id=\"b845219\" data-element_type=\"widget\" data-widget_type=\"divider.default\">\n\t\t\t\t<div class=\"elementor-widget-container\">\n\t\t\t\t\t<div class=\"elementor-divider\">\n\t\t\t<span class=\"elementor-divider-separator\">\n\t\t\t\t\t\t<\/span>\n\t\t<\/div>\n\t\t\t\t<\/div>\n\t\t\t\t<\/div>\n\t\t\t\t<div class=\"elementor-element elementor-element-261a669 elementor-widget elementor-widget-text-editor\" data-id=\"261a669\" data-element_type=\"widget\" data-widget_type=\"text-editor.default\">\n\t\t\t\t<div class=\"elementor-widget-container\">\n\t\t\t\t\t<div class=\"elementor-text-editor elementor-clearfix\"><p>La gesti\u00f3n de procesos en la UTA se ha establecido como una metodolog\u00eda integral y sistem\u00e1tica para asegurar el cumplimiento de los objetivos institucionales y mejorar continuamente la calidad del quehacer institucional.<\/p>\n<p>Para lograr este objetivo, se han implementado varias acciones clave. En primer lugar, se ha desarrollado y difundido una metodolog\u00eda oficial para la identificaci\u00f3n y gesti\u00f3n de procesos. Adem\u00e1s, se ha dise\u00f1ado un mapa de procesos institucionales y fichas de registros de procesos y procedimientos, que se encuentran en constante actualizaci\u00f3n. Por \u00faltimo, se ha establecido un sistema de documentaci\u00f3n de procesos para asegurar la documentaci\u00f3n adecuada de los mismos<\/p><\/div>\n\t\t\t\t<\/div>\n\t\t\t\t<\/div>\n\t\t\t\t<div class=\"elementor-element elementor-element-a8cfce6 elementor-widget elementor-widget-heading\" data-id=\"a8cfce6\" data-element_type=\"widget\" data-widget_type=\"heading.default\">\n\t\t\t\t<div class=\"elementor-widget-container\">\n\t\t\t<h2 class=\"elementor-heading-title elementor-size-default\">MAPA DE PROCESOS UTA<\/h2>\t\t<\/div>\n\t\t\t\t<\/div>\n\t\t\t\t<div class=\"elementor-element elementor-element-d3821d7 elementor-widget-divider--view-line elementor-widget elementor-widget-divider\" data-id=\"d3821d7\" data-element_type=\"widget\" data-widget_type=\"divider.default\">\n\t\t\t\t<div class=\"elementor-widget-container\">\n\t\t\t\t\t<div class=\"elementor-divider\">\n\t\t\t<span class=\"elementor-divider-separator\">\n\t\t\t\t\t\t<\/span>\n\t\t<\/div>\n\t\t\t\t<\/div>\n\t\t\t\t<\/div>\n\t\t\t\t<div class=\"elementor-element elementor-element-7fa4b91 elementor-widget elementor-widget-text-editor\" data-id=\"7fa4b91\" data-element_type=\"widget\" data-widget_type=\"text-editor.default\">\n\t\t\t\t<div class=\"elementor-widget-container\">\n\t\t\t\t\t<div class=\"elementor-text-editor elementor-clearfix\"><p>La existencia de elementos de gesti\u00f3n de procesos resulta fundamental para la definici\u00f3n de un mapa de procesos acorde con el modelo integral de gesti\u00f3n y aseguramiento de la calidad institucional. Esto conlleva a una mayor transparencia y entrega oportuna de informaci\u00f3n de los procesos, brindando soporte para la toma de decisiones y la autorregulaci\u00f3n de los sistemas.<\/p><p>El dise\u00f1o del mapa de procesos UTA se caracteriza por ser completo y compacto, clasificando las distintas perspectivas claves en niveles de procesos estrat\u00e9gicos, misionales y de apoyo. De esta forma, se atienden los requerimientos y necesidades de la instituci\u00f3n en todos los niveles de interacci\u00f3n y secuencia, logrando as\u00ed una visi\u00f3n hol\u00edstica y coherente de los procesos.<\/p><\/div>\n\t\t\t\t<\/div>\n\t\t\t\t<\/div>\n\t\t\t\t<div class=\"elementor-element elementor-element-40dc9df elementor-widget elementor-widget-image\" data-id=\"40dc9df\" data-element_type=\"widget\" data-widget_type=\"image.default\">\n\t\t\t\t<div class=\"elementor-widget-container\">\n\t\t\t\t\t<div class=\"elementor-image\">\n\t\t\t\t\t\t\t\t\t\t<img width=\"2550\" height=\"1450\" src=\"https:\/\/www.uta.cl\/wp-content\/uploads\/2023\/05\/mapa-procesos.png\" class=\"attachment-full size-full\" alt=\"\" loading=\"lazy\" srcset=\"https:\/\/www.uta.cl\/wp-content\/uploads\/2023\/05\/mapa-procesos.png 2550w, https:\/\/www.uta.cl\/wp-content\/uploads\/2023\/05\/mapa-procesos-300x171.png 300w, https:\/\/www.uta.cl\/wp-content\/uploads\/2023\/05\/mapa-procesos-1024x582.png 1024w, https:\/\/www.uta.cl\/wp-content\/uploads\/2023\/05\/mapa-procesos-768x437.png 768w, https:\/\/www.uta.cl\/wp-content\/uploads\/2023\/05\/mapa-procesos-1536x873.png 1536w, https:\/\/www.uta.cl\/wp-content\/uploads\/2023\/05\/mapa-procesos-2048x1165.png 2048w\" sizes=\"(max-width: 2550px) 100vw, 2550px\" \/>\t\t\t\t\t\t\t\t\t\t\t<\/div>\n\t\t\t\t<\/div>\n\t\t\t\t<\/div>\n\t\t\t\t<div class=\"elementor-element elementor-element-f263f88 elementor-widget elementor-widget-heading\" data-id=\"f263f88\" data-element_type=\"widget\" data-widget_type=\"heading.default\">\n\t\t\t\t<div class=\"elementor-widget-container\">\n\t\t\t<h2 class=\"elementor-heading-title elementor-size-default\">METODOLOG\u00cdA DE LEVANTAMIENTO Y GESTI\u00d3N DE PROCESOS<\/h2>\t\t<\/div>\n\t\t\t\t<\/div>\n\t\t\t\t<div class=\"elementor-element elementor-element-491e520 elementor-widget-divider--view-line elementor-widget elementor-widget-divider\" data-id=\"491e520\" data-element_type=\"widget\" data-widget_type=\"divider.default\">\n\t\t\t\t<div class=\"elementor-widget-container\">\n\t\t\t\t\t<div class=\"elementor-divider\">\n\t\t\t<span class=\"elementor-divider-separator\">\n\t\t\t\t\t\t<\/span>\n\t\t<\/div>\n\t\t\t\t<\/div>\n\t\t\t\t<\/div>\n\t\t\t\t<div class=\"elementor-element elementor-element-185b45e elementor-icon-list--layout-traditional elementor-list-item-link-full_width elementor-widget elementor-widget-icon-list\" data-id=\"185b45e\" data-element_type=\"widget\" data-widget_type=\"icon-list.default\">\n\t\t\t\t<div class=\"elementor-widget-container\">\n\t\t\t\t\t<ul class=\"elementor-icon-list-items\">\n\t\t\t\t\t\t\t<li class=\"elementor-icon-list-item\">\n\t\t\t\t\t<a href=\"https:\/\/www.uta.cl\/wp-content\/uploads\/2023\/04\/5.pdf\" target=\"_blank\">\t\t\t\t\t\t<span class=\"elementor-icon-list-icon\">\n\t\t\t\t\t\t\t<i aria-hidden=\"true\" class=\"far fa-file-pdf\"><\/i>\t\t\t\t\t\t<\/span>\n\t\t\t\t\t\t\t\t\t\t<span class=\"elementor-icon-list-text\">REX N\u00b00.005, Manual de Calidad Institucional<\/span>\n\t\t\t\t\t\t\t\t\t\t\t<\/a>\n\t\t\t\t\t\t\t\t\t<\/li>\n\t\t\t\t\t\t\t\t<li class=\"elementor-icon-list-item\">\n\t\t\t\t\t<a href=\"https:\/\/www.uta.cl\/wp-content\/uploads\/2023\/04\/6.pdf\" target=\"_blank\">\t\t\t\t\t\t<span class=\"elementor-icon-list-icon\">\n\t\t\t\t\t\t\t<i aria-hidden=\"true\" class=\"far fa-file-pdf\"><\/i>\t\t\t\t\t\t<\/span>\n\t\t\t\t\t\t\t\t\t\t<span class=\"elementor-icon-list-text\">REX N\u00b00.006, Metodolog\u00eda de Levantamiento y Gesti\u00f3n de Procesos<\/span>\n\t\t\t\t\t\t\t\t\t\t\t<\/a>\n\t\t\t\t\t\t\t\t\t<\/li>\n\t\t\t\t\t\t<\/ul>\n\t\t\t\t<\/div>\n\t\t\t\t<\/div>\n\t\t\t\t\t\t<\/div>\n\t\t\t\t\t<\/div>\n\t\t<\/div>\n\t\t\t\t\t\t\t\t<\/div>\n\t\t\t\t\t<\/div>\n\t\t<\/section>\n\t\t\t\t\t\t<\/div>\n\t\t\t\t\t\t<\/div>\n\t\t\t\t\t<\/div>\n\t\t","protected":false},"excerpt":{"rendered":"<p>La Direcci\u00f3n de planificaci\u00f3n y Proyectos asume el compromiso deconducir la misi\u00f3n institucional, y alcanzar la visi\u00f3n y el prop\u00f3sitoestrat\u00e9gico de la Universidad de Tarapac\u00e1La Direcci\u00f3n de planificaci\u00f3n y Proyectos asume el compromiso deconducir la misi\u00f3n institucional, y alcanzar la visi\u00f3n y el prop\u00f3sitoestrat\u00e9gico de la Universidad de Tarapac\u00e1La Direcci\u00f3n de planificaci\u00f3n y Proyectos asume [&hellip;]<\/p>\n","protected":false},"author":1,"featured_media":0,"parent":0,"menu_order":0,"comment_status":"closed","ping_status":"closed","template":"elementor_header_footer","meta":[],"_links":{"self":[{"href":"https:\/\/www.uta.cl\/index.php\/wp-json\/wp\/v2\/pages\/43956"}],"collection":[{"href":"https:\/\/www.uta.cl\/index.php\/wp-json\/wp\/v2\/pages"}],"about":[{"href":"https:\/\/www.uta.cl\/index.php\/wp-json\/wp\/v2\/types\/page"}],"author":[{"embeddable":true,"href":"https:\/\/www.uta.cl\/index.php\/wp-json\/wp\/v2\/users\/1"}],"replies":[{"embeddable":true,"href":"https:\/\/www.uta.cl\/index.php\/wp-json\/wp\/v2\/comments?post=43956"}],"version-history":[{"count":28,"href":"https:\/\/www.uta.cl\/index.php\/wp-json\/wp\/v2\/pages\/43956\/revisions"}],"predecessor-version":[{"id":46034,"href":"https:\/\/www.uta.cl\/index.php\/wp-json\/wp\/v2\/pages\/43956\/revisions\/46034"}],"wp:attachment":[{"href":"https:\/\/www.uta.cl\/index.php\/wp-json\/wp\/v2\/media?parent=43956"}],"curies":[{"name":"wp","href":"https:\/\/api.w.org\/{rel}","templated":true}]}}