{"id":4142,"date":"2018-12-21T02:05:28","date_gmt":"2018-12-21T02:05:28","guid":{"rendered":"http:\/\/www.uta.cl\/?page_id=4142"},"modified":"2025-09-11T12:57:52","modified_gmt":"2025-09-11T12:57:52","slug":"convocatoria-vinculacion-uta","status":"publish","type":"page","link":"https:\/\/www.uta.cl\/index.php\/convocatoria-vinculacion-uta\/","title":{"rendered":"Convocatoria  Vinculaci\u00f3n UTA"},"content":{"rendered":"\t\t<div data-elementor-type=\"wp-post\" data-elementor-id=\"4142\" class=\"elementor elementor-4142\" data-elementor-settings=\"[]\">\n\t\t\t\t\t\t<div class=\"elementor-inner\">\n\t\t\t\t\t\t\t<div class=\"elementor-section-wrap\">\n\t\t\t\t\t\t\t<section class=\"elementor-section elementor-top-section elementor-element elementor-element-720196e elementor-section-full_width elementor-section-height-default elementor-section-height-default\" data-id=\"720196e\" data-element_type=\"section\" data-settings=\"{&quot;background_image&quot;:{&quot;url&quot;:&quot;https:\\\/\\\/www.uta.cl\\\/wp-content\\\/uploads\\\/2018\\\/12\\\/patron_bg-01.png&quot;,&quot;id&quot;:3119},&quot;background_background&quot;:&quot;classic&quot;,&quot;background_image_tablet&quot;:{&quot;url&quot;:&quot;&quot;,&quot;id&quot;:&quot;&quot;},&quot;background_image_mobile&quot;:{&quot;url&quot;:&quot;&quot;,&quot;id&quot;:&quot;&quot;}}\">\n\t\t\t\t\t\t\t<div class=\"elementor-background-overlay\"><\/div>\n\t\t\t\t\t\t\t<div class=\"elementor-container elementor-column-gap-default\">\n\t\t\t\t\t\t\t<div class=\"elementor-row\">\n\t\t\t\t\t<div class=\"elementor-column elementor-col-100 elementor-top-column elementor-element elementor-element-703359d\" data-id=\"703359d\" data-element_type=\"column\">\n\t\t\t<div class=\"elementor-column-wrap elementor-element-populated\">\n\t\t\t\t\t\t\t<div class=\"elementor-widget-wrap\">\n\t\t\t\t\t\t<section class=\"elementor-section elementor-inner-section elementor-element elementor-element-cad0919 elementor-section-height-min-height elementor-section-boxed elementor-section-height-default\" data-id=\"cad0919\" data-element_type=\"section\" data-settings=\"{&quot;background_background&quot;:&quot;classic&quot;,&quot;background_image&quot;:{&quot;url&quot;:&quot;&quot;,&quot;id&quot;:&quot;&quot;},&quot;background_image_tablet&quot;:{&quot;url&quot;:&quot;&quot;,&quot;id&quot;:&quot;&quot;},&quot;background_image_mobile&quot;:{&quot;url&quot;:&quot;&quot;,&quot;id&quot;:&quot;&quot;}}\">\n\t\t\t\t\t\t\t<div class=\"elementor-background-overlay\"><\/div>\n\t\t\t\t\t\t\t<div class=\"elementor-container elementor-column-gap-default\">\n\t\t\t\t\t\t\t<div class=\"elementor-row\">\n\t\t\t\t\t<div class=\"elementor-column elementor-col-100 elementor-inner-column elementor-element elementor-element-3c0df50\" data-id=\"3c0df50\" data-element_type=\"column\">\n\t\t\t<div class=\"elementor-column-wrap elementor-element-populated\">\n\t\t\t\t\t\t\t<div class=\"elementor-widget-wrap\">\n\t\t\t\t\t\t<div class=\"elementor-element elementor-element-3b19219 elementor-widget elementor-widget-heading\" data-id=\"3b19219\" data-element_type=\"widget\" data-widget_type=\"heading.default\">\n\t\t\t\t<div class=\"elementor-widget-container\">\n\t\t\t<h2 class=\"elementor-heading-title elementor-size-default\"><b>Convocatoria<\/b><\/h2>\t\t<\/div>\n\t\t\t\t<\/div>\n\t\t\t\t\t\t<\/div>\n\t\t\t\t\t<\/div>\n\t\t<\/div>\n\t\t\t\t\t\t\t\t<\/div>\n\t\t\t\t\t<\/div>\n\t\t<\/section>\n\t\t\t\t<section class=\"elementor-section elementor-top-section elementor-element elementor-element-fda569f elementor-hidden-phone elementor-section-boxed elementor-section-height-default elementor-section-height-default\" data-id=\"fda569f\" data-element_type=\"section\" data-settings=\"{&quot;background_background&quot;:&quot;classic&quot;,&quot;sticky&quot;:&quot;top&quot;,&quot;sticky_on&quot;:[&quot;desktop&quot;,&quot;tablet&quot;],&quot;background_image&quot;:{&quot;url&quot;:&quot;&quot;,&quot;id&quot;:&quot;&quot;},&quot;background_image_tablet&quot;:{&quot;url&quot;:&quot;&quot;,&quot;id&quot;:&quot;&quot;},&quot;background_image_mobile&quot;:{&quot;url&quot;:&quot;&quot;,&quot;id&quot;:&quot;&quot;},&quot;sticky_offset&quot;:0,&quot;sticky_effects_offset&quot;:0}\">\n\t\t\t\t\t\t<div class=\"elementor-container elementor-column-gap-default\">\n\t\t\t\t\t\t\t<div class=\"elementor-row\">\n\t\t\t\t\t<div class=\"elementor-column elementor-col-33 elementor-top-column elementor-element elementor-element-6c19055\" data-id=\"6c19055\" data-element_type=\"column\">\n\t\t\t<div class=\"elementor-column-wrap elementor-element-populated\">\n\t\t\t\t\t\t\t<div class=\"elementor-widget-wrap\">\n\t\t\t\t\t\t<div class=\"elementor-element elementor-element-0f7f8d3 elementor-hidden-phone elementor-widget elementor-widget-heading\" data-id=\"0f7f8d3\" data-element_type=\"widget\" data-widget_type=\"heading.default\">\n\t\t\t\t<div class=\"elementor-widget-container\">\n\t\t\t<h2 class=\"elementor-heading-title elementor-size-default\"><font face=\"Montserrat, Ubuntu\">Vinculaci\u00f3n<\/font><\/h2>\t\t<\/div>\n\t\t\t\t<\/div>\n\t\t\t\t\t\t<\/div>\n\t\t\t\t\t<\/div>\n\t\t<\/div>\n\t\t\t\t<div class=\"elementor-column elementor-col-33 elementor-top-column elementor-element elementor-element-d46a396\" data-id=\"d46a396\" data-element_type=\"column\">\n\t\t\t<div class=\"elementor-column-wrap elementor-element-populated\">\n\t\t\t\t\t\t\t<div class=\"elementor-widget-wrap\">\n\t\t\t\t\t\t<div class=\"elementor-element elementor-element-c1b38c3 elementor-nav-menu--indicator-classic elementor-nav-menu__text-align-aside elementor-nav-menu--toggle elementor-nav-menu--burger elementor-widget elementor-widget-nav-menu\" data-id=\"c1b38c3\" data-element_type=\"widget\" data-settings=\"{&quot;layout&quot;:&quot;dropdown&quot;,&quot;toggle&quot;:&quot;burger&quot;}\" data-widget_type=\"nav-menu.default\">\n\t\t\t\t<div class=\"elementor-widget-container\">\n\t\t\t\t\t<div class=\"elementor-menu-toggle\" role=\"button\" tabindex=\"0\" aria-label=\"Alternar men\u00fa\" aria-expanded=\"false\">\n\t\t\t<i class=\"eicon-menu-bar\" aria-hidden=\"true\"><\/i>\n\t\t\t<span class=\"elementor-screen-only\">Men\u00fa<\/span>\n\t\t<\/div>\n\t\t\t<nav class=\"elementor-nav-menu--dropdown elementor-nav-menu__container\" role=\"navigation\" aria-hidden=\"true\"><ul id=\"menu-2-c1b38c3\" class=\"elementor-nav-menu\"><li class=\"menu-item menu-item-type-post_type menu-item-object-page menu-item-8121\"><a href=\"https:\/\/www.uta.cl\/index.php\/contacto-extension-y-vinculacion-con-el-medio\/\" class=\"elementor-item\">Direcci\u00f3n de Extensi\u00f3n y Vinculaci\u00f3n con el Medio<\/a><\/li>\n<li class=\"menu-item menu-item-type-custom menu-item-object-custom menu-item-4156\"><a target=\"_blank\" rel=\"noopener\" href=\"http:\/\/www.uta.cl\/wp-content\/uploads\/2018\/12\/Reglamento-de-Vinculacion-con-el-Medio.pdf\" class=\"elementor-item\">Reglamento<\/a><\/li>\n<li class=\"menu-item menu-item-type-post_type menu-item-object-page menu-item-4154\"><a href=\"https:\/\/www.uta.cl\/index.php\/convocatoria-vinculacion-uta\/\" class=\"elementor-item\">Convocatoria  Proyectos de Vinculaci\u00f3n con el Medio<\/a><\/li>\n<li class=\"menu-item menu-item-type-post_type menu-item-object-page menu-item-4175\"><a href=\"https:\/\/www.uta.cl\/index.php\/consejo-consultivo-regional-de-vinculacion-con-el-medio\/\" class=\"elementor-item\">Consejo Consultivo Regional<\/a><\/li>\n<li class=\"menu-item menu-item-type-custom menu-item-object-custom menu-item-4155\"><a target=\"_blank\" rel=\"noopener\" href=\"http:\/\/www.uta.cl\/wp-content\/uploads\/2018\/12\/Formulario-Eventos-y-Actividades.doc\" class=\"elementor-item\">Formulario Eventos y\/o Actividades<\/a><\/li>\n<\/ul><\/nav>\n\t\t\t\t<\/div>\n\t\t\t\t<\/div>\n\t\t\t\t\t\t<\/div>\n\t\t\t\t\t<\/div>\n\t\t<\/div>\n\t\t\t\t<div class=\"elementor-column elementor-col-33 elementor-top-column elementor-element elementor-element-5e16ba9\" data-id=\"5e16ba9\" data-element_type=\"column\">\n\t\t\t<div class=\"elementor-column-wrap elementor-element-populated\">\n\t\t\t\t\t\t\t<div class=\"elementor-widget-wrap\">\n\t\t\t\t\t\t<div class=\"elementor-element elementor-element-1cf0e70 elementor-align-right elementor-mobile-align-right elementor-widget elementor-widget-button\" data-id=\"1cf0e70\" data-element_type=\"widget\" data-widget_type=\"button.default\">\n\t\t\t\t<div class=\"elementor-widget-container\">\n\t\t\t\t\t<div class=\"elementor-button-wrapper\">\n\t\t\t<a href=\"https:\/\/www.uta.cl\/index.php\/vinculacion-y-extension\/\" class=\"elementor-button-link elementor-button elementor-size-sm\" role=\"button\">\n\t\t\t\t\t\t<span class=\"elementor-button-content-wrapper\">\n\t\t\t\t\t\t<span class=\"elementor-button-icon elementor-align-icon-left\">\n\t\t\t\t\t\t\t\t\t<i class=\"fa fa-angle-left\" aria-hidden=\"true\"><\/i>\n\t\t\t\t\t\t\t<\/span>\n\t\t\t\t\t\t<span class=\"elementor-button-text\">Volver<\/span>\n\t\t<\/span>\n\t\t\t\t\t<\/a>\n\t\t<\/div>\n\t\t\t\t<\/div>\n\t\t\t\t<\/div>\n\t\t\t\t\t\t<\/div>\n\t\t\t\t\t<\/div>\n\t\t<\/div>\n\t\t\t\t\t\t\t\t<\/div>\n\t\t\t\t\t<\/div>\n\t\t<\/section>\n\t\t\t\t<section class=\"elementor-section elementor-top-section elementor-element elementor-element-5e64c23 elementor-hidden-desktop elementor-hidden-tablet elementor-section-content-middle elementor-section-height-min-height elementor-section-boxed elementor-section-height-default elementor-section-items-middle\" data-id=\"5e64c23\" data-element_type=\"section\" data-settings=\"{&quot;background_background&quot;:&quot;classic&quot;,&quot;sticky&quot;:&quot;top&quot;,&quot;sticky_offset&quot;:67,&quot;sticky_on&quot;:[&quot;mobile&quot;],&quot;background_image&quot;:{&quot;url&quot;:&quot;&quot;,&quot;id&quot;:&quot;&quot;},&quot;background_image_tablet&quot;:{&quot;url&quot;:&quot;&quot;,&quot;id&quot;:&quot;&quot;},&quot;background_image_mobile&quot;:{&quot;url&quot;:&quot;&quot;,&quot;id&quot;:&quot;&quot;},&quot;sticky_effects_offset&quot;:0}\">\n\t\t\t\t\t\t<div class=\"elementor-container elementor-column-gap-default\">\n\t\t\t\t\t\t\t<div class=\"elementor-row\">\n\t\t\t\t\t<div class=\"elementor-column elementor-col-33 elementor-top-column elementor-element elementor-element-480fa41\" data-id=\"480fa41\" data-element_type=\"column\">\n\t\t\t<div class=\"elementor-column-wrap elementor-element-populated\">\n\t\t\t\t\t\t\t<div class=\"elementor-widget-wrap\">\n\t\t\t\t\t\t<div class=\"elementor-element elementor-element-f78985c elementor-widget elementor-widget-heading\" data-id=\"f78985c\" data-element_type=\"widget\" data-widget_type=\"heading.default\">\n\t\t\t\t<div class=\"elementor-widget-container\">\n\t\t\t<h2 class=\"elementor-heading-title elementor-size-default\">Vinculaci\u00f3n\u200b<\/h2>\t\t<\/div>\n\t\t\t\t<\/div>\n\t\t\t\t\t\t<\/div>\n\t\t\t\t\t<\/div>\n\t\t<\/div>\n\t\t\t\t<div class=\"elementor-column elementor-col-33 elementor-top-column elementor-element elementor-element-adf10c2\" data-id=\"adf10c2\" data-element_type=\"column\">\n\t\t\t<div class=\"elementor-column-wrap elementor-element-populated\">\n\t\t\t\t\t\t\t<div class=\"elementor-widget-wrap\">\n\t\t\t\t\t\t<div class=\"elementor-element elementor-element-82d4e3b elementor-nav-menu--stretch elementor-nav-menu__text-align-center elementor-nav-menu--indicator-classic elementor-nav-menu--toggle elementor-nav-menu--burger elementor-widget elementor-widget-nav-menu\" data-id=\"82d4e3b\" data-element_type=\"widget\" data-settings=\"{&quot;full_width&quot;:&quot;stretch&quot;,&quot;layout&quot;:&quot;dropdown&quot;,&quot;toggle&quot;:&quot;burger&quot;}\" data-widget_type=\"nav-menu.default\">\n\t\t\t\t<div class=\"elementor-widget-container\">\n\t\t\t\t\t<div class=\"elementor-menu-toggle\" role=\"button\" tabindex=\"0\" aria-label=\"Alternar men\u00fa\" aria-expanded=\"false\">\n\t\t\t<i class=\"eicon-menu-bar\" aria-hidden=\"true\"><\/i>\n\t\t\t<span class=\"elementor-screen-only\">Men\u00fa<\/span>\n\t\t<\/div>\n\t\t\t<nav class=\"elementor-nav-menu--dropdown elementor-nav-menu__container\" role=\"navigation\" aria-hidden=\"true\"><ul id=\"menu-2-82d4e3b\" class=\"elementor-nav-menu\"><li class=\"menu-item menu-item-type-post_type menu-item-object-page menu-item-8121\"><a href=\"https:\/\/www.uta.cl\/index.php\/contacto-extension-y-vinculacion-con-el-medio\/\" class=\"elementor-item\">Direcci\u00f3n de Extensi\u00f3n y Vinculaci\u00f3n con el Medio<\/a><\/li>\n<li class=\"menu-item menu-item-type-custom menu-item-object-custom menu-item-4156\"><a target=\"_blank\" rel=\"noopener\" href=\"http:\/\/www.uta.cl\/wp-content\/uploads\/2018\/12\/Reglamento-de-Vinculacion-con-el-Medio.pdf\" class=\"elementor-item\">Reglamento<\/a><\/li>\n<li class=\"menu-item menu-item-type-post_type menu-item-object-page menu-item-4154\"><a href=\"https:\/\/www.uta.cl\/index.php\/convocatoria-vinculacion-uta\/\" class=\"elementor-item\">Convocatoria  Proyectos de Vinculaci\u00f3n con el Medio<\/a><\/li>\n<li class=\"menu-item menu-item-type-post_type menu-item-object-page menu-item-4175\"><a href=\"https:\/\/www.uta.cl\/index.php\/consejo-consultivo-regional-de-vinculacion-con-el-medio\/\" class=\"elementor-item\">Consejo Consultivo Regional<\/a><\/li>\n<li class=\"menu-item menu-item-type-custom menu-item-object-custom menu-item-4155\"><a target=\"_blank\" rel=\"noopener\" href=\"http:\/\/www.uta.cl\/wp-content\/uploads\/2018\/12\/Formulario-Eventos-y-Actividades.doc\" class=\"elementor-item\">Formulario Eventos y\/o Actividades<\/a><\/li>\n<\/ul><\/nav>\n\t\t\t\t<\/div>\n\t\t\t\t<\/div>\n\t\t\t\t\t\t<\/div>\n\t\t\t\t\t<\/div>\n\t\t<\/div>\n\t\t\t\t<div class=\"elementor-column elementor-col-33 elementor-top-column elementor-element elementor-element-5ee998e\" data-id=\"5ee998e\" data-element_type=\"column\">\n\t\t\t<div class=\"elementor-column-wrap elementor-element-populated\">\n\t\t\t\t\t\t\t<div class=\"elementor-widget-wrap\">\n\t\t\t\t\t\t<div class=\"elementor-element elementor-element-4371573 elementor-align-right elementor-mobile-align-right elementor-widget elementor-widget-button\" data-id=\"4371573\" data-element_type=\"widget\" data-widget_type=\"button.default\">\n\t\t\t\t<div class=\"elementor-widget-container\">\n\t\t\t\t\t<div class=\"elementor-button-wrapper\">\n\t\t\t<a href=\"https:\/\/www.uta.cl\/index.php\/vinculacion-y-extension\/\" class=\"elementor-button-link elementor-button elementor-size-sm\" role=\"button\">\n\t\t\t\t\t\t<span class=\"elementor-button-content-wrapper\">\n\t\t\t\t\t\t<span class=\"elementor-button-icon elementor-align-icon-left\">\n\t\t\t\t\t\t\t\t\t<i class=\"fa fa-angle-left\" aria-hidden=\"true\"><\/i>\n\t\t\t\t\t\t\t<\/span>\n\t\t\t\t\t\t<span class=\"elementor-button-text\">Volver<\/span>\n\t\t<\/span>\n\t\t\t\t\t<\/a>\n\t\t<\/div>\n\t\t\t\t<\/div>\n\t\t\t\t<\/div>\n\t\t\t\t\t\t<\/div>\n\t\t\t\t\t<\/div>\n\t\t<\/div>\n\t\t\t\t\t\t\t\t<\/div>\n\t\t\t\t\t<\/div>\n\t\t<\/section>\n\t\t\t\t\t\t<\/div>\n\t\t\t\t\t<\/div>\n\t\t<\/div>\n\t\t\t\t\t\t\t\t<\/div>\n\t\t\t\t\t<\/div>\n\t\t<\/section>\n\t\t\t\t<section class=\"elementor-section elementor-top-section elementor-element elementor-element-ebe0fd0 elementor-section-boxed elementor-section-height-default elementor-section-height-default\" data-id=\"ebe0fd0\" data-element_type=\"section\" data-settings=\"{&quot;background_image&quot;:{&quot;url&quot;:&quot;https:\\\/\\\/www.uta.cl\\\/wp-content\\\/uploads\\\/2018\\\/12\\\/patron_bg-01.png&quot;,&quot;id&quot;:3119},&quot;background_background&quot;:&quot;classic&quot;,&quot;background_image_tablet&quot;:{&quot;url&quot;:&quot;&quot;,&quot;id&quot;:&quot;&quot;},&quot;background_image_mobile&quot;:{&quot;url&quot;:&quot;&quot;,&quot;id&quot;:&quot;&quot;}}\">\n\t\t\t\t\t\t\t<div class=\"elementor-background-overlay\"><\/div>\n\t\t\t\t\t\t\t<div class=\"elementor-container elementor-column-gap-default\">\n\t\t\t\t\t\t\t<div class=\"elementor-row\">\n\t\t\t\t\t<div class=\"elementor-column elementor-col-100 elementor-top-column elementor-element elementor-element-6f4e14a\" data-id=\"6f4e14a\" data-element_type=\"column\" data-settings=\"{&quot;background_background&quot;:&quot;classic&quot;}\">\n\t\t\t<div class=\"elementor-column-wrap elementor-element-populated\">\n\t\t\t\t\t\t\t<div class=\"elementor-widget-wrap\">\n\t\t\t\t\t\t<div class=\"elementor-element elementor-element-3b1d5ff elementor-widget elementor-widget-heading\" data-id=\"3b1d5ff\" data-element_type=\"widget\" data-widget_type=\"heading.default\">\n\t\t\t\t<div class=\"elementor-widget-container\">\n\t\t\t<h2 class=\"elementor-heading-title elementor-size-default\">CONVOCATORIA<br>\nCONCURSO DEL FONDO DE VINCULACI\u00d3N CON EL MEDIO\n<br>A\u00d1O 2025<\/h2>\t\t<\/div>\n\t\t\t\t<\/div>\n\t\t\t\t<div class=\"elementor-element elementor-element-1fd5201 elementor-widget elementor-widget-text-editor\" data-id=\"1fd5201\" data-element_type=\"widget\" data-widget_type=\"text-editor.default\">\n\t\t\t\t<div class=\"elementor-widget-container\">\n\t\t\t\t\t<div class=\"elementor-text-editor elementor-clearfix\"><div>La\u00a0<b>Direcci\u00f3n General de Vinculaci\u00f3n con el Medio<\/b>\u00a0invita a los alumnos de pre y postgrado de la UTarapaca a enviar sus postulaciones para el\u00a0<b>&#8220;3er\u00a0Concurso de Proyectos de\u00a0VcM\u00a0para\u00a0Estudiantes\u00a0a\u00f1o 2025&#8221;<\/b><a class=\"gmail_plusreply\"><br \/><\/a><br \/>Este 3er\u00a0Concurso, es de continuidad de las versiones 2024 y 2023 y que busca\u00a0<i>Fortalecer el\u00a0valor p\u00fablico de la Universidad de Tarapac\u00e1 para contribuir al mejoramiento de la calidad de vida en los territorios, a trav\u00e9s de nuevas formas de relacionamiento de la vinculaci\u00f3n con el medio en cooperaci\u00f3n con el ecosistema p\u00fablico regional, gestionado por los estudiantes&#8221;.<\/i><\/div><div><br \/>La Convocatoria, Bases y documentos de apoyo a la Postulaci\u00f3n se pueden revisar y descargar en el siguiente link:\u00a0<a href=\"https:\/\/drive.google.com\/drive\/folders\/11zPnB4b1zJ8ZSVABbvHzCiBlz08Cs6S9?usp=sharing\" target=\"_blank\" rel=\"noopener\" data-saferedirecturl=\"https:\/\/www.google.com\/url?q=https:\/\/drive.google.com\/drive\/folders\/11zPnB4b1zJ8ZSVABbvHzCiBlz08Cs6S9?usp%3Dsharing&amp;source=gmail&amp;ust=1757677975048000&amp;usg=AOvVaw09Afv2boccXmOjHtZ1pkBn\">https:\/\/drive.google.com\/<wbr \/>drive\/folders\/<wbr \/>11zPnB4b1zJ8ZSVABbvHzCiBlz08Cs<wbr \/>6S9?usp=sharing<\/a><\/div><div>(solo se puede acceder desde cuentas de correos institucionales de la UTarapaca)<\/div><div>\u00a0<\/div><div>La postulaci\u00f3n on line se puede hacer en el siguiente link:<\/div><div><a href=\"https:\/\/forms.gle\/rARCHA4y3M6pUAFs6\" target=\"_blank\" rel=\"noopener\" data-saferedirecturl=\"https:\/\/www.google.com\/url?q=https:\/\/forms.gle\/rARCHA4y3M6pUAFs6&amp;source=gmail&amp;ust=1757677975048000&amp;usg=AOvVaw1_CGjSjF6fQPMFdhqyI6HR\">https:\/\/forms.gle\/<wbr \/>rARCHA4y3M6pUAFs6<\/a><\/div><div>\u00a0<\/div><div>El plazo de postulaci\u00f3n vence el 30 de septiembre de 2025.<\/div><div>\u00a0<\/div><div><b>TE INVITAMOS A PARTICIPAR y VINCULARTE con el MEDIO de las REGIONES DE ARICA\/PARINACOTA y TARAPAC\u00c1<\/b><\/div><\/div>\n\t\t\t\t<\/div>\n\t\t\t\t<\/div>\n\t\t\t\t<div class=\"elementor-element elementor-element-0b33b8b elementor-hidden-desktop elementor-hidden-tablet elementor-hidden-phone elementor-widget elementor-widget-heading\" data-id=\"0b33b8b\" data-element_type=\"widget\" data-widget_type=\"heading.default\">\n\t\t\t\t<div class=\"elementor-widget-container\">\n\t\t\t<h2 class=\"elementor-heading-title elementor-size-default\">CONVOCATORIA<br>\nCONCURSO DEL FONDO DE VINCULACI\u00d3N CON EL MEDIO\n<br>A\u00d1O 2024<\/h2>\t\t<\/div>\n\t\t\t\t<\/div>\n\t\t\t\t<div class=\"elementor-element elementor-element-0ac110e elementor-hidden-desktop elementor-hidden-tablet elementor-hidden-phone elementor-widget elementor-widget-text-editor\" data-id=\"0ac110e\" data-element_type=\"widget\" data-widget_type=\"text-editor.default\">\n\t\t\t\t<div class=\"elementor-widget-container\">\n\t\t\t\t\t<div class=\"elementor-text-editor elementor-clearfix\"><p>\u201cLa Universidad de Tarapac\u00e1 en su b\u00fasqueda permanente de promover la Vinculaci\u00f3n institucional, llama a concursar a todas las unidades acad\u00e9micas de la Casa Central Arica y Sede Iquique, al Fondo de Vinculaci\u00f3n con el Medio, el cual fortalece el quehacer y desarrollo continuo en las \u00e1reas de Pregrado, Postgrado, Gesti\u00f3n Institucional, Investigaci\u00f3n y Vinculaci\u00f3n con el Medio.<\/p><p>La Vicerrector\u00eda Acad\u00e9mica, a trav\u00e9s de la Direcci\u00f3n General de Vinculaci\u00f3n con el Medio, lidera este proceso desde la postulaci\u00f3n de los proyectos hasta la oficializaci\u00f3n de los seleccionados.<\/p><p>De acuerdo con lo estipulado en la Resoluci\u00f3n Exenta N\u00b0 0.180\/2024 con fecha 31 de mayo 2024, se pone a disposici\u00f3n de las unidades acad\u00e9micas la siguiente calendarizaci\u00f3n de actividades:\u201d<\/p><table width=\"673\"><tbody><tr><td colspan=\"2\" width=\"589\"><p><strong>CALENDARIO <\/strong><\/p><p><strong>\u00a0CONCURSO PROYECTOS DE VINCULACI\u00d3N CON EL MEDIO 2024<\/strong><\/p><\/td><\/tr><tr><td width=\"128\"><p>10 junio 2024<\/p><\/td><td width=\"460\"><p>Convocatoria Concurso Fondo de Vinculaci\u00f3n con el Medio.<\/p><\/td><\/tr><tr><td width=\"128\"><p>24 junio 2024<\/p><p>(12:00 hrs.)<\/p><\/td><td width=\"460\"><p>Cierre del plazo de recepci\u00f3n de proyectos en la Direcci\u00f3n General de Vinculaci\u00f3n con el Medio (v\u00eda digital).<\/p><\/td><\/tr><tr><td width=\"128\"><p>02 julio 2024<\/p><\/td><td width=\"460\"><p>Selecci\u00f3n de proyectos.<\/p><\/td><\/tr><tr><td width=\"128\"><p>05 julio 2024<\/p><\/td><td width=\"460\"><p>Proposici\u00f3n de proyectos seleccionados a la Vicerrector\u00eda Acad\u00e9mica.<\/p><\/td><\/tr><tr><td width=\"128\"><p>09 julio 2024<\/p><\/td><td width=\"460\"><p>Resoluci\u00f3n del Concurso Fondo de Vinculaci\u00f3n con el Medio.<\/p><\/td><\/tr><tr><td width=\"128\"><p>18 julio 2024<\/p><\/td><td width=\"460\"><p>Comunicaci\u00f3n de resultados.<\/p><\/td><\/tr><\/tbody><\/table><p><strong>Adjuntos:<\/strong><\/p><ul><li><a href=\"https:\/\/www.uta.cl\/utaaldia\/2024\/Junio\/13vcm1.pdf\">Resoluci\u00f3n Exenta VRA N\u00b0 180\/2024<\/a><\/li><\/ul><ul><li><a href=\"https:\/\/www.uta.cl\/utaaldia\/2024\/Junio\/13vcm1.doc\">Formulario de Presentaci\u00f3n Proyectos del FVCM<\/a><\/li><\/ul><ul><li><a href=\"https:\/\/www.uta.cl\/utaaldia\/2024\/Junio\/13vcm2.doc\">Bases<\/a><\/li><\/ul><ul><li><a href=\"https:\/\/www.uta.cl\/utaaldia\/2024\/Junio\/13vcm2.pdf\">Presentaci\u00f3n: Fondo de Vinculaci\u00f3n con el Medio<\/a><\/li><\/ul><\/div>\n\t\t\t\t<\/div>\n\t\t\t\t<\/div>\n\t\t\t\t<div class=\"elementor-element elementor-element-bf22d1c elementor-widget elementor-widget-text-editor\" data-id=\"bf22d1c\" data-element_type=\"widget\" data-widget_type=\"text-editor.default\">\n\t\t\t\t<div class=\"elementor-widget-container\">\n\t\t\t\t\t<div class=\"elementor-text-editor elementor-clearfix\"><\/div>\n\t\t\t\t<\/div>\n\t\t\t\t<\/div>\n\t\t\t\t\t\t<\/div>\n\t\t\t\t\t<\/div>\n\t\t<\/div>\n\t\t\t\t\t\t\t\t<\/div>\n\t\t\t\t\t<\/div>\n\t\t<\/section>\n\t\t\t\t\t\t<\/div>\n\t\t\t\t\t\t<\/div>\n\t\t\t\t\t<\/div>\n\t\t","protected":false},"excerpt":{"rendered":"<p>Convocatoria Vinculaci\u00f3n Volver Vinculaci\u00f3n\u200b Volver CONVOCATORIA CONCURSO DEL FONDO DE VINCULACI\u00d3N CON EL MEDIO A\u00d1O 2025 La\u00a0Direcci\u00f3n General de Vinculaci\u00f3n con el Medio\u00a0invita a los alumnos de pre y postgrado de la UTarapaca a enviar sus postulaciones para el\u00a0&#8220;3er\u00a0Concurso de Proyectos de\u00a0VcM\u00a0para\u00a0Estudiantes\u00a0a\u00f1o 2025&#8221;Este 3er\u00a0Concurso, es de continuidad de las versiones 2024 y 2023 y que [&hellip;]<\/p>\n","protected":false},"author":1,"featured_media":0,"parent":0,"menu_order":0,"comment_status":"closed","ping_status":"closed","template":"elementor_header_footer","meta":[],"_links":{"self":[{"href":"https:\/\/www.uta.cl\/index.php\/wp-json\/wp\/v2\/pages\/4142"}],"collection":[{"href":"https:\/\/www.uta.cl\/index.php\/wp-json\/wp\/v2\/pages"}],"about":[{"href":"https:\/\/www.uta.cl\/index.php\/wp-json\/wp\/v2\/types\/page"}],"author":[{"embeddable":true,"href":"https:\/\/www.uta.cl\/index.php\/wp-json\/wp\/v2\/users\/1"}],"replies":[{"embeddable":true,"href":"https:\/\/www.uta.cl\/index.php\/wp-json\/wp\/v2\/comments?post=4142"}],"version-history":[{"count":58,"href":"https:\/\/www.uta.cl\/index.php\/wp-json\/wp\/v2\/pages\/4142\/revisions"}],"predecessor-version":[{"id":69242,"href":"https:\/\/www.uta.cl\/index.php\/wp-json\/wp\/v2\/pages\/4142\/revisions\/69242"}],"wp:attachment":[{"href":"https:\/\/www.uta.cl\/index.php\/wp-json\/wp\/v2\/media?parent=4142"}],"curies":[{"name":"wp","href":"https:\/\/api.w.org\/{rel}","templated":true}]}}