{"id":40634,"date":"2023-01-09T19:15:40","date_gmt":"2023-01-09T19:15:40","guid":{"rendered":"https:\/\/www.uta.cl\/?page_id=40634"},"modified":"2023-01-16T19:05:18","modified_gmt":"2023-01-16T19:05:18","slug":"noticias-iai","status":"publish","type":"page","link":"https:\/\/www.uta.cl\/index.php\/noticias-iai\/","title":{"rendered":"Noticias &#8211; Instituto de Alta Investigaci\u00f3n"},"content":{"rendered":"\t\t<div data-elementor-type=\"wp-post\" data-elementor-id=\"40634\" class=\"elementor elementor-40634\" data-elementor-settings=\"[]\">\n\t\t\t\t\t\t<div class=\"elementor-inner\">\n\t\t\t\t\t\t\t<div class=\"elementor-section-wrap\">\n\t\t\t\t\t\t\t<section class=\"elementor-section elementor-top-section elementor-element elementor-element-ee68961 elementor-section-full_width elementor-section-height-default elementor-section-height-default\" data-id=\"ee68961\" data-element_type=\"section\" data-settings=\"{&quot;background_image&quot;:{&quot;url&quot;:&quot;https:\\\/\\\/www.uta.cl\\\/wp-content\\\/uploads\\\/2018\\\/12\\\/patron_bg-01.png&quot;,&quot;id&quot;:3119},&quot;background_background&quot;:&quot;classic&quot;,&quot;background_image_tablet&quot;:{&quot;url&quot;:&quot;&quot;,&quot;id&quot;:&quot;&quot;},&quot;background_image_mobile&quot;:{&quot;url&quot;:&quot;&quot;,&quot;id&quot;:&quot;&quot;}}\">\n\t\t\t\t\t\t\t<div class=\"elementor-background-overlay\"><\/div>\n\t\t\t\t\t\t\t<div class=\"elementor-container elementor-column-gap-default\">\n\t\t\t\t\t\t\t<div class=\"elementor-row\">\n\t\t\t\t\t<div class=\"elementor-column elementor-col-100 elementor-top-column elementor-element elementor-element-814bf25\" data-id=\"814bf25\" data-element_type=\"column\">\n\t\t\t<div class=\"elementor-column-wrap elementor-element-populated\">\n\t\t\t\t\t\t\t<div class=\"elementor-widget-wrap\">\n\t\t\t\t\t\t<section class=\"elementor-section elementor-inner-section elementor-element elementor-element-e0e3c87 elementor-section-height-min-height elementor-section-boxed elementor-section-height-default\" data-id=\"e0e3c87\" data-element_type=\"section\" data-settings=\"{&quot;background_background&quot;:&quot;classic&quot;,&quot;background_image&quot;:{&quot;url&quot;:&quot;&quot;,&quot;id&quot;:&quot;&quot;},&quot;background_image_tablet&quot;:{&quot;url&quot;:&quot;&quot;,&quot;id&quot;:&quot;&quot;},&quot;background_image_mobile&quot;:{&quot;url&quot;:&quot;&quot;,&quot;id&quot;:&quot;&quot;}}\">\n\t\t\t\t\t\t\t<div class=\"elementor-background-overlay\"><\/div>\n\t\t\t\t\t\t\t<div class=\"elementor-container elementor-column-gap-default\">\n\t\t\t\t\t\t\t<div class=\"elementor-row\">\n\t\t\t\t\t<div class=\"elementor-column elementor-col-100 elementor-inner-column elementor-element elementor-element-a74e20e\" data-id=\"a74e20e\" data-element_type=\"column\">\n\t\t\t<div class=\"elementor-column-wrap elementor-element-populated\">\n\t\t\t\t\t\t\t<div class=\"elementor-widget-wrap\">\n\t\t\t\t\t\t<div class=\"elementor-element elementor-element-b7c52c8 elementor-widget elementor-widget-heading\" data-id=\"b7c52c8\" data-element_type=\"widget\" data-widget_type=\"heading.default\">\n\t\t\t\t<div class=\"elementor-widget-container\">\n\t\t\t<h2 class=\"elementor-heading-title elementor-size-default\">Noticias <b>IAI<\/b><\/h2>\t\t<\/div>\n\t\t\t\t<\/div>\n\t\t\t\t\t\t<\/div>\n\t\t\t\t\t<\/div>\n\t\t<\/div>\n\t\t\t\t\t\t\t\t<\/div>\n\t\t\t\t\t<\/div>\n\t\t<\/section>\n\t\t\t\t<section class=\"elementor-section elementor-top-section elementor-element elementor-element-835fd68 elementor-hidden-phone elementor-section-boxed elementor-section-height-default elementor-section-height-default\" data-id=\"835fd68\" data-element_type=\"section\" data-settings=\"{&quot;background_background&quot;:&quot;classic&quot;,&quot;sticky&quot;:&quot;top&quot;,&quot;sticky_on&quot;:[&quot;desktop&quot;,&quot;tablet&quot;],&quot;background_image&quot;:{&quot;url&quot;:&quot;&quot;,&quot;id&quot;:&quot;&quot;},&quot;background_image_tablet&quot;:{&quot;url&quot;:&quot;&quot;,&quot;id&quot;:&quot;&quot;},&quot;background_image_mobile&quot;:{&quot;url&quot;:&quot;&quot;,&quot;id&quot;:&quot;&quot;},&quot;sticky_offset&quot;:0,&quot;sticky_effects_offset&quot;:0}\">\n\t\t\t\t\t\t<div class=\"elementor-container elementor-column-gap-default\">\n\t\t\t\t\t\t\t<div class=\"elementor-row\">\n\t\t\t\t\t<div class=\"elementor-column elementor-col-33 elementor-top-column elementor-element elementor-element-34c78f7\" data-id=\"34c78f7\" data-element_type=\"column\">\n\t\t\t<div class=\"elementor-column-wrap\">\n\t\t\t\t\t\t\t<div class=\"elementor-widget-wrap\">\n\t\t\t\t\t\t\t\t<\/div>\n\t\t\t\t\t<\/div>\n\t\t<\/div>\n\t\t\t\t<div class=\"elementor-column elementor-col-33 elementor-top-column elementor-element elementor-element-19b5745\" data-id=\"19b5745\" data-element_type=\"column\">\n\t\t\t<div class=\"elementor-column-wrap\">\n\t\t\t\t\t\t\t<div class=\"elementor-widget-wrap\">\n\t\t\t\t\t\t\t\t<\/div>\n\t\t\t\t\t<\/div>\n\t\t<\/div>\n\t\t\t\t<div class=\"elementor-column elementor-col-33 elementor-top-column elementor-element elementor-element-ead1dfb\" data-id=\"ead1dfb\" data-element_type=\"column\">\n\t\t\t<div class=\"elementor-column-wrap elementor-element-populated\">\n\t\t\t\t\t\t\t<div class=\"elementor-widget-wrap\">\n\t\t\t\t\t\t<div class=\"elementor-element elementor-element-7e8bcfd elementor-align-right elementor-mobile-align-right elementor-widget elementor-widget-button\" data-id=\"7e8bcfd\" data-element_type=\"widget\" data-widget_type=\"button.default\">\n\t\t\t\t<div class=\"elementor-widget-container\">\n\t\t\t\t\t<div class=\"elementor-button-wrapper\">\n\t\t\t<a href=\"https:\/\/www.uta.cl\/index.php\/portada-facultad-de-ingenieria\/\" class=\"elementor-button-link elementor-button elementor-size-sm\" role=\"button\">\n\t\t\t\t\t\t<span class=\"elementor-button-content-wrapper\">\n\t\t\t\t\t\t<span class=\"elementor-button-icon elementor-align-icon-left\">\n\t\t\t\t<i aria-hidden=\"true\" class=\"fas fa-angle-left\"><\/i>\t\t\t<\/span>\n\t\t\t\t\t\t<span class=\"elementor-button-text\">Volver<\/span>\n\t\t<\/span>\n\t\t\t\t\t<\/a>\n\t\t<\/div>\n\t\t\t\t<\/div>\n\t\t\t\t<\/div>\n\t\t\t\t\t\t<\/div>\n\t\t\t\t\t<\/div>\n\t\t<\/div>\n\t\t\t\t\t\t\t\t<\/div>\n\t\t\t\t\t<\/div>\n\t\t<\/section>\n\t\t\t\t<section class=\"elementor-section elementor-top-section elementor-element elementor-element-b892f36 elementor-hidden-desktop elementor-hidden-tablet elementor-section-content-middle elementor-section-height-min-height elementor-section-boxed elementor-section-height-default elementor-section-items-middle\" data-id=\"b892f36\" data-element_type=\"section\" data-settings=\"{&quot;background_background&quot;:&quot;classic&quot;,&quot;sticky&quot;:&quot;top&quot;,&quot;sticky_offset&quot;:67,&quot;sticky_on&quot;:[&quot;mobile&quot;],&quot;background_image&quot;:{&quot;url&quot;:&quot;&quot;,&quot;id&quot;:&quot;&quot;},&quot;background_image_tablet&quot;:{&quot;url&quot;:&quot;&quot;,&quot;id&quot;:&quot;&quot;},&quot;background_image_mobile&quot;:{&quot;url&quot;:&quot;&quot;,&quot;id&quot;:&quot;&quot;},&quot;sticky_effects_offset&quot;:0}\">\n\t\t\t\t\t\t<div class=\"elementor-container elementor-column-gap-default\">\n\t\t\t\t\t\t\t<div class=\"elementor-row\">\n\t\t\t\t\t<div class=\"elementor-column elementor-col-33 elementor-top-column elementor-element elementor-element-619c880\" data-id=\"619c880\" data-element_type=\"column\">\n\t\t\t<div class=\"elementor-column-wrap\">\n\t\t\t\t\t\t\t<div class=\"elementor-widget-wrap\">\n\t\t\t\t\t\t\t\t<\/div>\n\t\t\t\t\t<\/div>\n\t\t<\/div>\n\t\t\t\t<div class=\"elementor-column elementor-col-33 elementor-top-column elementor-element elementor-element-ca61359\" data-id=\"ca61359\" data-element_type=\"column\">\n\t\t\t<div class=\"elementor-column-wrap\">\n\t\t\t\t\t\t\t<div class=\"elementor-widget-wrap\">\n\t\t\t\t\t\t\t\t<\/div>\n\t\t\t\t\t<\/div>\n\t\t<\/div>\n\t\t\t\t<div class=\"elementor-column elementor-col-33 elementor-top-column elementor-element elementor-element-3a4adba\" data-id=\"3a4adba\" data-element_type=\"column\">\n\t\t\t<div class=\"elementor-column-wrap elementor-element-populated\">\n\t\t\t\t\t\t\t<div class=\"elementor-widget-wrap\">\n\t\t\t\t\t\t<div class=\"elementor-element elementor-element-2058b4f elementor-align-right elementor-mobile-align-left elementor-widget elementor-widget-button\" data-id=\"2058b4f\" data-element_type=\"widget\" data-widget_type=\"button.default\">\n\t\t\t\t<div class=\"elementor-widget-container\">\n\t\t\t\t\t<div class=\"elementor-button-wrapper\">\n\t\t\t<a href=\"https:\/\/www.uta.cl\/index.php\/portada-facultad-de-ingenieria\/\" class=\"elementor-button-link elementor-button elementor-size-sm\" role=\"button\">\n\t\t\t\t\t\t<span class=\"elementor-button-content-wrapper\">\n\t\t\t\t\t\t<span class=\"elementor-button-icon elementor-align-icon-left\">\n\t\t\t\t<i aria-hidden=\"true\" class=\"fas fa-angle-left\"><\/i>\t\t\t<\/span>\n\t\t\t\t\t\t<span class=\"elementor-button-text\">Volver<\/span>\n\t\t<\/span>\n\t\t\t\t\t<\/a>\n\t\t<\/div>\n\t\t\t\t<\/div>\n\t\t\t\t<\/div>\n\t\t\t\t\t\t<\/div>\n\t\t\t\t\t<\/div>\n\t\t<\/div>\n\t\t\t\t\t\t\t\t<\/div>\n\t\t\t\t\t<\/div>\n\t\t<\/section>\n\t\t\t\t\t\t<\/div>\n\t\t\t\t\t<\/div>\n\t\t<\/div>\n\t\t\t\t\t\t\t\t<\/div>\n\t\t\t\t\t<\/div>\n\t\t<\/section>\n\t\t\t\t<section class=\"elementor-section elementor-top-section elementor-element elementor-element-c2c0c64 elementor-section-boxed elementor-section-height-default elementor-section-height-default\" data-id=\"c2c0c64\" data-element_type=\"section\" data-settings=\"{&quot;background_background&quot;:&quot;classic&quot;,&quot;background_image&quot;:{&quot;url&quot;:&quot;https:\\\/\\\/www.uta.cl\\\/wp-content\\\/uploads\\\/2018\\\/12\\\/patron_bg-01.png&quot;,&quot;id&quot;:3119},&quot;background_image_tablet&quot;:{&quot;url&quot;:&quot;&quot;,&quot;id&quot;:&quot;&quot;},&quot;background_image_mobile&quot;:{&quot;url&quot;:&quot;&quot;,&quot;id&quot;:&quot;&quot;}}\">\n\t\t\t\t\t\t\t<div class=\"elementor-background-overlay\"><\/div>\n\t\t\t\t\t\t\t<div class=\"elementor-container elementor-column-gap-default\">\n\t\t\t\t\t\t\t<div class=\"elementor-row\">\n\t\t\t\t\t<div class=\"elementor-column elementor-col-50 elementor-top-column elementor-element elementor-element-7cc78f9\" data-id=\"7cc78f9\" data-element_type=\"column\">\n\t\t\t<div class=\"elementor-column-wrap elementor-element-populated\">\n\t\t\t\t\t\t\t<div class=\"elementor-widget-wrap\">\n\t\t\t\t\t\t<div class=\"elementor-element elementor-element-97b2120 elementor-grid-2 elementor-posts--align-left elementor-grid-tablet-2 elementor-grid-mobile-1 elementor-posts--thumbnail-top elementor-posts__hover-gradient elementor-widget elementor-widget-posts\" data-id=\"97b2120\" data-element_type=\"widget\" data-settings=\"{&quot;cards_row_gap&quot;:{&quot;unit&quot;:&quot;px&quot;,&quot;size&quot;:20,&quot;sizes&quot;:[]},&quot;cards_columns&quot;:&quot;2&quot;,&quot;cards_columns_tablet&quot;:&quot;2&quot;,&quot;cards_columns_mobile&quot;:&quot;1&quot;}\" data-widget_type=\"posts.cards\">\n\t\t\t\t<div class=\"elementor-widget-container\">\n\t\t\t\t\t<div class=\"elementor-posts-container elementor-posts elementor-posts--skin-cards elementor-grid\">\n\t\t\t\t<article class=\"elementor-post elementor-grid-item post-34075 post type-post status-publish format-standard has-post-thumbnail hentry category-iai entry has-media\">\n\t\t\t<div class=\"elementor-post__card\">\n\t\t\t\t<a class=\"elementor-post__thumbnail__link\" href=\"https:\/\/www.uta.cl\/index.php\/2022\/01\/06\/dr-sergio-gonzalez-miranda-premio-nacional-de-historia-2014-e-investigador-del-iai-de-la-uta-lanza-libro-sobre-el-rol-femenino-en-el-ciclo-salitrero\/\" >\n\t\t\t<div class=\"elementor-post__thumbnail\"><img width=\"300\" height=\"200\" src=\"https:\/\/www.uta.cl\/wp-content\/uploads\/2022\/01\/CVR5218-300x200.jpg\" class=\"attachment-medium size-medium\" alt=\"\" loading=\"lazy\" srcset=\"https:\/\/www.uta.cl\/wp-content\/uploads\/2022\/01\/CVR5218-300x200.jpg 300w, https:\/\/www.uta.cl\/wp-content\/uploads\/2022\/01\/CVR5218-768x512.jpg 768w, https:\/\/www.uta.cl\/wp-content\/uploads\/2022\/01\/CVR5218.jpg 1000w\" sizes=\"(max-width: 300px) 100vw, 300px\" \/><\/div>\n\t\t<\/a>\n\t\t\t\t<div class=\"elementor-post__badge\">IAI<\/div>\n\t\t\t\t<div class=\"elementor-post__text\">\n\t\t\t\t<h3 class=\"elementor-post__title\">\n\t\t\t<a href=\"https:\/\/www.uta.cl\/index.php\/2022\/01\/06\/dr-sergio-gonzalez-miranda-premio-nacional-de-historia-2014-e-investigador-del-iai-de-la-uta-lanza-libro-sobre-el-rol-femenino-en-el-ciclo-salitrero\/\" >\n\t\t\t\tDr. Sergio Gonz\u00e1lez Miranda, Premio Nacional de Historia 2014 e investigador del IAI de la UTA lanza libro sobre el rol femenino en el ciclo salitrero\t\t\t<\/a>\n\t\t<\/h3>\n\t\t\t\t<\/div>\n\t\t\t\t<div class=\"elementor-post__meta-data\">\n\t\t\t\t\t<span class=\"elementor-post-author\">\n\t\t\tDirecci\u00f3n de Extensi\u00f3n y Vinculaci\u00f3n con el Medio\t\t<\/span>\n\t\t\t\t<span class=\"elementor-post-date\">\n\t\t\t6 enero, 2022\t\t<\/span>\n\t\t\t\t<\/div>\n\t\t\t\t\t<\/div>\n\t\t<\/article>\n\t\t\t\t<article class=\"elementor-post elementor-grid-item post-30525 post type-post status-publish format-standard has-post-thumbnail hentry category-iai category-investigacion entry has-media\">\n\t\t\t<div class=\"elementor-post__card\">\n\t\t\t\t<a class=\"elementor-post__thumbnail__link\" href=\"https:\/\/www.uta.cl\/index.php\/2021\/06\/08\/nuestra-universidad-se-desplaza-por-un-excelente-camino-dr-francisco-ganga-destaca-el-desempeno-de-la-uta-en-los-ranking-nacionales-e-internacionales\/\" >\n\t\t\t<div class=\"elementor-post__thumbnail\"><img width=\"300\" height=\"200\" src=\"https:\/\/www.uta.cl\/wp-content\/uploads\/2021\/06\/DR.-FRANCISCO-GANGA-300x200.jpg\" class=\"attachment-medium size-medium\" alt=\"\" loading=\"lazy\" srcset=\"https:\/\/www.uta.cl\/wp-content\/uploads\/2021\/06\/DR.-FRANCISCO-GANGA-300x200.jpg 300w, https:\/\/www.uta.cl\/wp-content\/uploads\/2021\/06\/DR.-FRANCISCO-GANGA-768x512.jpg 768w, https:\/\/www.uta.cl\/wp-content\/uploads\/2021\/06\/DR.-FRANCISCO-GANGA.jpg 1000w\" sizes=\"(max-width: 300px) 100vw, 300px\" \/><\/div>\n\t\t<\/a>\n\t\t\t\t<div class=\"elementor-post__badge\">IAI<\/div>\n\t\t\t\t<div class=\"elementor-post__text\">\n\t\t\t\t<h3 class=\"elementor-post__title\">\n\t\t\t<a href=\"https:\/\/www.uta.cl\/index.php\/2021\/06\/08\/nuestra-universidad-se-desplaza-por-un-excelente-camino-dr-francisco-ganga-destaca-el-desempeno-de-la-uta-en-los-ranking-nacionales-e-internacionales\/\" >\n\t\t\t\t\u201cNuestra Universidad se desplaza por un excelente camino\u201d. Dr. Francisco Ganga destaca el desempe\u00f1o de la UTA en los rankings nacionales e internacionales\t\t\t<\/a>\n\t\t<\/h3>\n\t\t\t\t<\/div>\n\t\t\t\t<div class=\"elementor-post__meta-data\">\n\t\t\t\t\t<span class=\"elementor-post-author\">\n\t\t\tDirecci\u00f3n de Extensi\u00f3n y Vinculaci\u00f3n con el Medio\t\t<\/span>\n\t\t\t\t<span class=\"elementor-post-date\">\n\t\t\t8 junio, 2021\t\t<\/span>\n\t\t\t\t<\/div>\n\t\t\t\t\t<\/div>\n\t\t<\/article>\n\t\t\t\t<article class=\"elementor-post elementor-grid-item post-29178 post type-post status-publish format-standard has-post-thumbnail hentry category-iai category-investigacion entry has-media\">\n\t\t\t<div class=\"elementor-post__card\">\n\t\t\t\t<a class=\"elementor-post__thumbnail__link\" href=\"https:\/\/www.uta.cl\/index.php\/2021\/04\/16\/dr-heriberto-roman-investigador-del-iai-de-la-uta-figura-entre-los-cientificos-mas-relevantes-a-nivel-mundial\/\" >\n\t\t\t<div class=\"elementor-post__thumbnail\"><img width=\"300\" height=\"200\" src=\"https:\/\/www.uta.cl\/wp-content\/uploads\/2021\/04\/baseWWW-4-300x200.jpg\" class=\"attachment-medium size-medium\" alt=\"\" loading=\"lazy\" srcset=\"https:\/\/www.uta.cl\/wp-content\/uploads\/2021\/04\/baseWWW-4-300x200.jpg 300w, https:\/\/www.uta.cl\/wp-content\/uploads\/2021\/04\/baseWWW-4-768x511.jpg 768w, https:\/\/www.uta.cl\/wp-content\/uploads\/2021\/04\/baseWWW-4.jpg 793w\" sizes=\"(max-width: 300px) 100vw, 300px\" \/><\/div>\n\t\t<\/a>\n\t\t\t\t<div class=\"elementor-post__badge\">IAI<\/div>\n\t\t\t\t<div class=\"elementor-post__text\">\n\t\t\t\t<h3 class=\"elementor-post__title\">\n\t\t\t<a href=\"https:\/\/www.uta.cl\/index.php\/2021\/04\/16\/dr-heriberto-roman-investigador-del-iai-de-la-uta-figura-entre-los-cientificos-mas-relevantes-a-nivel-mundial\/\" >\n\t\t\t\tDr. Heriberto Rom\u00e1n, investigador del IAI de la UTA figura entre los cient\u00edficos m\u00e1s relevantes a nivel mundial\t\t\t<\/a>\n\t\t<\/h3>\n\t\t\t\t<\/div>\n\t\t\t\t<div class=\"elementor-post__meta-data\">\n\t\t\t\t\t<span class=\"elementor-post-author\">\n\t\t\tDirecci\u00f3n de Extensi\u00f3n y Vinculaci\u00f3n con el Medio\t\t<\/span>\n\t\t\t\t<span class=\"elementor-post-date\">\n\t\t\t16 abril, 2021\t\t<\/span>\n\t\t\t\t<\/div>\n\t\t\t\t\t<\/div>\n\t\t<\/article>\n\t\t\t\t<article class=\"elementor-post elementor-grid-item post-25975 post type-post status-publish format-standard has-post-thumbnail hentry category-iai category-investigacion category-principal-lista entry has-media\">\n\t\t\t<div class=\"elementor-post__card\">\n\t\t\t\t<a class=\"elementor-post__thumbnail__link\" href=\"https:\/\/www.uta.cl\/index.php\/2020\/09\/09\/dra-natalia-villavicencio-expone-sobre-la-extincion-de-grandes-mamiferos-en-nuestro-planeta-desde-finales-del-cuaternario\/\" >\n\t\t\t<div class=\"elementor-post__thumbnail\"><img width=\"300\" height=\"170\" src=\"https:\/\/www.uta.cl\/wp-content\/uploads\/2020\/09\/1-3-300x170.jpg\" class=\"attachment-medium size-medium\" alt=\"\" loading=\"lazy\" srcset=\"https:\/\/www.uta.cl\/wp-content\/uploads\/2020\/09\/1-3-300x170.jpg 300w, https:\/\/www.uta.cl\/wp-content\/uploads\/2020\/09\/1-3-768x434.jpg 768w, https:\/\/www.uta.cl\/wp-content\/uploads\/2020\/09\/1-3.jpg 847w\" sizes=\"(max-width: 300px) 100vw, 300px\" \/><\/div>\n\t\t<\/a>\n\t\t\t\t<div class=\"elementor-post__badge\">IAI<\/div>\n\t\t\t\t<div class=\"elementor-post__text\">\n\t\t\t\t<h3 class=\"elementor-post__title\">\n\t\t\t<a href=\"https:\/\/www.uta.cl\/index.php\/2020\/09\/09\/dra-natalia-villavicencio-expone-sobre-la-extincion-de-grandes-mamiferos-en-nuestro-planeta-desde-finales-del-cuaternario\/\" >\n\t\t\t\tDra. Natalia Villavicencio expone sobre la extinci\u00f3n de grandes mam\u00edferos en nuestro planeta desde finales del Cuaternario\t\t\t<\/a>\n\t\t<\/h3>\n\t\t\t\t<\/div>\n\t\t\t\t<div class=\"elementor-post__meta-data\">\n\t\t\t\t\t<span class=\"elementor-post-author\">\n\t\t\tDirecci\u00f3n de Extensi\u00f3n y Vinculaci\u00f3n con el Medio\t\t<\/span>\n\t\t\t\t<span class=\"elementor-post-date\">\n\t\t\t9 septiembre, 2020\t\t<\/span>\n\t\t\t\t<\/div>\n\t\t\t\t\t<\/div>\n\t\t<\/article>\n\t\t\t\t<article class=\"elementor-post elementor-grid-item post-4455 post type-post status-publish format-standard has-post-thumbnail hentry category-iai entry has-media\">\n\t\t\t<div class=\"elementor-post__card\">\n\t\t\t\t<a class=\"elementor-post__thumbnail__link\" href=\"https:\/\/www.uta.cl\/index.php\/2019\/01\/02\/en-egipto-se-difundio-cultura-chinchorro\/\" >\n\t\t\t<div class=\"elementor-post__thumbnail\"><img width=\"300\" height=\"225\" src=\"https:\/\/www.uta.cl\/wp-content\/uploads\/2019\/01\/n4_02012019-300x225.jpg\" class=\"attachment-medium size-medium\" alt=\"\" loading=\"lazy\" srcset=\"https:\/\/www.uta.cl\/wp-content\/uploads\/2019\/01\/n4_02012019-300x225.jpg 300w, https:\/\/www.uta.cl\/wp-content\/uploads\/2019\/01\/n4_02012019-768x576.jpg 768w, https:\/\/www.uta.cl\/wp-content\/uploads\/2019\/01\/n4_02012019-1024x768.jpg 1024w, https:\/\/www.uta.cl\/wp-content\/uploads\/2019\/01\/n4_02012019.jpg 1280w\" sizes=\"(max-width: 300px) 100vw, 300px\" \/><\/div>\n\t\t<\/a>\n\t\t\t\t<div class=\"elementor-post__badge\">IAI<\/div>\n\t\t\t\t<div class=\"elementor-post__text\">\n\t\t\t\t<h3 class=\"elementor-post__title\">\n\t\t\t<a href=\"https:\/\/www.uta.cl\/index.php\/2019\/01\/02\/en-egipto-se-difundio-cultura-chinchorro\/\" >\n\t\t\t\tEn Egipto se difundi\u00f3 Cultura Chinchorro\t\t\t<\/a>\n\t\t<\/h3>\n\t\t\t\t<\/div>\n\t\t\t\t<div class=\"elementor-post__meta-data\">\n\t\t\t\t\t<span class=\"elementor-post-author\">\n\t\t\tDirecci\u00f3n de Extensi\u00f3n y Vinculaci\u00f3n con el Medio\t\t<\/span>\n\t\t\t\t<span class=\"elementor-post-date\">\n\t\t\t2 enero, 2019\t\t<\/span>\n\t\t\t\t<\/div>\n\t\t\t\t\t<\/div>\n\t\t<\/article>\n\t\t\t\t<article class=\"elementor-post elementor-grid-item post-4438 post type-post status-publish format-standard has-post-thumbnail hentry category-iai entry has-media\">\n\t\t\t<div class=\"elementor-post__card\">\n\t\t\t\t<a class=\"elementor-post__thumbnail__link\" href=\"https:\/\/www.uta.cl\/index.php\/2019\/01\/02\/dr-francisco-rothhammer-publica-articulo-en-prestigiosa-revista-cientifica-nature-communications\/\" >\n\t\t\t<div class=\"elementor-post__thumbnail\"><img width=\"300\" height=\"178\" src=\"https:\/\/www.uta.cl\/wp-content\/uploads\/2019\/01\/n1_02012019-300x178.png\" class=\"attachment-medium size-medium\" alt=\"\" loading=\"lazy\" srcset=\"https:\/\/www.uta.cl\/wp-content\/uploads\/2019\/01\/n1_02012019-300x178.png 300w, https:\/\/www.uta.cl\/wp-content\/uploads\/2019\/01\/n1_02012019.png 360w\" sizes=\"(max-width: 300px) 100vw, 300px\" \/><\/div>\n\t\t<\/a>\n\t\t\t\t<div class=\"elementor-post__badge\">IAI<\/div>\n\t\t\t\t<div class=\"elementor-post__text\">\n\t\t\t\t<h3 class=\"elementor-post__title\">\n\t\t\t<a href=\"https:\/\/www.uta.cl\/index.php\/2019\/01\/02\/dr-francisco-rothhammer-publica-articulo-en-prestigiosa-revista-cientifica-nature-communications\/\" >\n\t\t\t\tDr. Francisco Rothhammer publica art\u00edculo en prestigiosa revista cient\u00edfica \u201cNature Communications\u201d.\t\t\t<\/a>\n\t\t<\/h3>\n\t\t\t\t<\/div>\n\t\t\t\t<div class=\"elementor-post__meta-data\">\n\t\t\t\t\t<span class=\"elementor-post-author\">\n\t\t\tDirecci\u00f3n de Extensi\u00f3n y Vinculaci\u00f3n con el Medio\t\t<\/span>\n\t\t\t\t<span class=\"elementor-post-date\">\n\t\t\t2 enero, 2019\t\t<\/span>\n\t\t\t\t<\/div>\n\t\t\t\t\t<\/div>\n\t\t<\/article>\n\t\t\t\t<\/div>\n\t\t\t\t<\/div>\n\t\t\t\t<\/div>\n\t\t\t\t\t\t<\/div>\n\t\t\t\t\t<\/div>\n\t\t<\/div>\n\t\t\t\t<div class=\"elementor-column elementor-col-50 elementor-top-column elementor-element elementor-element-2f51437\" data-id=\"2f51437\" data-element_type=\"column\" data-settings=\"{&quot;background_background&quot;:&quot;classic&quot;}\">\n\t\t\t<div class=\"elementor-column-wrap elementor-element-populated\">\n\t\t\t\t\t\t\t<div class=\"elementor-widget-wrap\">\n\t\t\t\t\t\t<div class=\"elementor-element elementor-element-2826ac0 elementor-widget-divider--view-line elementor-invisible elementor-widget elementor-widget-divider\" data-id=\"2826ac0\" data-element_type=\"widget\" data-settings=\"{&quot;_animation&quot;:&quot;fadeInUp&quot;}\" data-widget_type=\"divider.default\">\n\t\t\t\t<div class=\"elementor-widget-container\">\n\t\t\t\t\t<div class=\"elementor-divider\">\n\t\t\t<span class=\"elementor-divider-separator\">\n\t\t\t\t\t\t<\/span>\n\t\t<\/div>\n\t\t\t\t<\/div>\n\t\t\t\t<\/div>\n\t\t\t\t\t\t<\/div>\n\t\t\t\t\t<\/div>\n\t\t<\/div>\n\t\t\t\t\t\t\t\t<\/div>\n\t\t\t\t\t<\/div>\n\t\t<\/section>\n\t\t\t\t\t\t<\/div>\n\t\t\t\t\t\t<\/div>\n\t\t\t\t\t<\/div>\n\t\t","protected":false},"excerpt":{"rendered":"<p>Noticias IAI Volver Volver<\/p>\n","protected":false},"author":9,"featured_media":0,"parent":0,"menu_order":0,"comment_status":"closed","ping_status":"closed","template":"elementor_header_footer","meta":[],"_links":{"self":[{"href":"https:\/\/www.uta.cl\/index.php\/wp-json\/wp\/v2\/pages\/40634"}],"collection":[{"href":"https:\/\/www.uta.cl\/index.php\/wp-json\/wp\/v2\/pages"}],"about":[{"href":"https:\/\/www.uta.cl\/index.php\/wp-json\/wp\/v2\/types\/page"}],"author":[{"embeddable":true,"href":"https:\/\/www.uta.cl\/index.php\/wp-json\/wp\/v2\/users\/9"}],"replies":[{"embeddable":true,"href":"https:\/\/www.uta.cl\/index.php\/wp-json\/wp\/v2\/comments?post=40634"}],"version-history":[{"count":4,"href":"https:\/\/www.uta.cl\/index.php\/wp-json\/wp\/v2\/pages\/40634\/revisions"}],"predecessor-version":[{"id":40772,"href":"https:\/\/www.uta.cl\/index.php\/wp-json\/wp\/v2\/pages\/40634\/revisions\/40772"}],"wp:attachment":[{"href":"https:\/\/www.uta.cl\/index.php\/wp-json\/wp\/v2\/media?parent=40634"}],"curies":[{"name":"wp","href":"https:\/\/api.w.org\/{rel}","templated":true}]}}