{"id":3842,"date":"2018-12-17T14:49:53","date_gmt":"2018-12-17T14:49:53","guid":{"rendered":"http:\/\/www.uta.cl\/?page_id=3842"},"modified":"2019-05-22T16:08:39","modified_gmt":"2019-05-22T16:08:39","slug":"historia","status":"publish","type":"page","link":"https:\/\/www.uta.cl\/index.php\/historia\/","title":{"rendered":"Historia"},"content":{"rendered":"\t\t<div data-elementor-type=\"wp-post\" data-elementor-id=\"3842\" class=\"elementor elementor-3842\" data-elementor-settings=\"[]\">\n\t\t\t\t\t\t<div class=\"elementor-inner\">\n\t\t\t\t\t\t\t<div class=\"elementor-section-wrap\">\n\t\t\t\t\t\t\t<section class=\"elementor-section elementor-top-section elementor-element elementor-element-c2717a9 elementor-section-full_width elementor-section-height-default elementor-section-height-default\" data-id=\"c2717a9\" data-element_type=\"section\" data-settings=\"{&quot;background_image&quot;:{&quot;url&quot;:&quot;https:\\\/\\\/www.uta.cl\\\/wp-content\\\/uploads\\\/2018\\\/12\\\/patron_bg-01.png&quot;,&quot;id&quot;:3119},&quot;background_background&quot;:&quot;classic&quot;,&quot;background_image_tablet&quot;:{&quot;url&quot;:&quot;&quot;,&quot;id&quot;:&quot;&quot;},&quot;background_image_mobile&quot;:{&quot;url&quot;:&quot;&quot;,&quot;id&quot;:&quot;&quot;}}\">\n\t\t\t\t\t\t\t<div class=\"elementor-background-overlay\"><\/div>\n\t\t\t\t\t\t\t<div class=\"elementor-container elementor-column-gap-default\">\n\t\t\t\t\t\t\t<div class=\"elementor-row\">\n\t\t\t\t\t<div class=\"elementor-column elementor-col-100 elementor-top-column elementor-element elementor-element-94e0a6a\" data-id=\"94e0a6a\" data-element_type=\"column\">\n\t\t\t<div class=\"elementor-column-wrap elementor-element-populated\">\n\t\t\t\t\t\t\t<div class=\"elementor-widget-wrap\">\n\t\t\t\t\t\t<section class=\"elementor-section elementor-inner-section elementor-element elementor-element-b20bc83 elementor-section-height-min-height elementor-section-boxed elementor-section-height-default\" data-id=\"b20bc83\" data-element_type=\"section\" data-settings=\"{&quot;background_background&quot;:&quot;classic&quot;,&quot;background_image&quot;:{&quot;url&quot;:&quot;&quot;,&quot;id&quot;:&quot;&quot;},&quot;background_image_tablet&quot;:{&quot;url&quot;:&quot;&quot;,&quot;id&quot;:&quot;&quot;},&quot;background_image_mobile&quot;:{&quot;url&quot;:&quot;&quot;,&quot;id&quot;:&quot;&quot;}}\">\n\t\t\t\t\t\t\t<div class=\"elementor-background-overlay\"><\/div>\n\t\t\t\t\t\t\t<div class=\"elementor-container elementor-column-gap-default\">\n\t\t\t\t\t\t\t<div class=\"elementor-row\">\n\t\t\t\t\t<div class=\"elementor-column elementor-col-100 elementor-inner-column elementor-element elementor-element-82fe62e\" data-id=\"82fe62e\" data-element_type=\"column\">\n\t\t\t<div class=\"elementor-column-wrap elementor-element-populated\">\n\t\t\t\t\t\t\t<div class=\"elementor-widget-wrap\">\n\t\t\t\t\t\t<div class=\"elementor-element elementor-element-421d895 elementor-widget elementor-widget-heading\" data-id=\"421d895\" data-element_type=\"widget\" data-widget_type=\"heading.default\">\n\t\t\t\t<div class=\"elementor-widget-container\">\n\t\t\t<h2 class=\"elementor-heading-title elementor-size-default\"><b>Historia<\/b><\/h2>\t\t<\/div>\n\t\t\t\t<\/div>\n\t\t\t\t\t\t<\/div>\n\t\t\t\t\t<\/div>\n\t\t<\/div>\n\t\t\t\t\t\t\t\t<\/div>\n\t\t\t\t\t<\/div>\n\t\t<\/section>\n\t\t\t\t<section class=\"elementor-section elementor-top-section elementor-element elementor-element-b55c971 elementor-section-height-min-height elementor-section-boxed elementor-section-height-default elementor-section-items-middle\" data-id=\"b55c971\" data-element_type=\"section\" data-settings=\"{&quot;background_background&quot;:&quot;classic&quot;,&quot;sticky&quot;:&quot;top&quot;,&quot;background_image&quot;:{&quot;url&quot;:&quot;&quot;,&quot;id&quot;:&quot;&quot;},&quot;background_image_tablet&quot;:{&quot;url&quot;:&quot;&quot;,&quot;id&quot;:&quot;&quot;},&quot;background_image_mobile&quot;:{&quot;url&quot;:&quot;&quot;,&quot;id&quot;:&quot;&quot;},&quot;sticky_on&quot;:[&quot;desktop&quot;,&quot;tablet&quot;,&quot;mobile&quot;],&quot;sticky_offset&quot;:0,&quot;sticky_effects_offset&quot;:0}\">\n\t\t\t\t\t\t<div class=\"elementor-container elementor-column-gap-default\">\n\t\t\t\t\t\t\t<div class=\"elementor-row\">\n\t\t\t\t\t<div class=\"elementor-column elementor-col-100 elementor-top-column elementor-element elementor-element-19d3c2c\" data-id=\"19d3c2c\" data-element_type=\"column\">\n\t\t\t<div class=\"elementor-column-wrap elementor-element-populated\">\n\t\t\t\t\t\t\t<div class=\"elementor-widget-wrap\">\n\t\t\t\t\t\t<div class=\"elementor-element elementor-element-23debd7 elementor-align-right elementor-mobile-align-right elementor-widget elementor-widget-button\" data-id=\"23debd7\" data-element_type=\"widget\" data-widget_type=\"button.default\">\n\t\t\t\t<div class=\"elementor-widget-container\">\n\t\t\t\t\t<div class=\"elementor-button-wrapper\">\n\t\t\t<a href=\"https:\/\/www.uta.cl\/\" class=\"elementor-button-link elementor-button elementor-size-sm\" role=\"button\">\n\t\t\t\t\t\t<span class=\"elementor-button-content-wrapper\">\n\t\t\t\t\t\t<span class=\"elementor-button-icon elementor-align-icon-left\">\n\t\t\t\t\t\t\t\t\t<i class=\"fa fa-angle-left\" aria-hidden=\"true\"><\/i>\n\t\t\t\t\t\t\t<\/span>\n\t\t\t\t\t\t<span class=\"elementor-button-text\">Volver<\/span>\n\t\t<\/span>\n\t\t\t\t\t<\/a>\n\t\t<\/div>\n\t\t\t\t<\/div>\n\t\t\t\t<\/div>\n\t\t\t\t\t\t<\/div>\n\t\t\t\t\t<\/div>\n\t\t<\/div>\n\t\t\t\t\t\t\t\t<\/div>\n\t\t\t\t\t<\/div>\n\t\t<\/section>\n\t\t\t\t\t\t<\/div>\n\t\t\t\t\t<\/div>\n\t\t<\/div>\n\t\t\t\t\t\t\t\t<\/div>\n\t\t\t\t\t<\/div>\n\t\t<\/section>\n\t\t\t\t<section class=\"elementor-section elementor-top-section elementor-element elementor-element-603917e elementor-section-boxed elementor-section-height-default elementor-section-height-default\" data-id=\"603917e\" data-element_type=\"section\" data-settings=\"{&quot;background_image&quot;:{&quot;url&quot;:&quot;https:\\\/\\\/www.uta.cl\\\/wp-content\\\/uploads\\\/2018\\\/12\\\/patron_bg-01.png&quot;,&quot;id&quot;:3119},&quot;background_background&quot;:&quot;classic&quot;,&quot;background_image_tablet&quot;:{&quot;url&quot;:&quot;&quot;,&quot;id&quot;:&quot;&quot;},&quot;background_image_mobile&quot;:{&quot;url&quot;:&quot;&quot;,&quot;id&quot;:&quot;&quot;}}\">\n\t\t\t\t\t\t\t<div class=\"elementor-background-overlay\"><\/div>\n\t\t\t\t\t\t\t<div class=\"elementor-container elementor-column-gap-default\">\n\t\t\t\t\t\t\t<div class=\"elementor-row\">\n\t\t\t\t\t<div class=\"elementor-column elementor-col-100 elementor-top-column elementor-element elementor-element-3c6595a\" data-id=\"3c6595a\" data-element_type=\"column\" data-settings=\"{&quot;background_background&quot;:&quot;classic&quot;}\">\n\t\t\t<div class=\"elementor-column-wrap elementor-element-populated\">\n\t\t\t\t\t\t\t<div class=\"elementor-widget-wrap\">\n\t\t\t\t\t\t<div class=\"elementor-element elementor-element-ccd1261 elementor-drop-cap-yes elementor-drop-cap-view-default elementor-widget elementor-widget-text-editor\" data-id=\"ccd1261\" data-element_type=\"widget\" data-settings=\"{&quot;drop_cap&quot;:&quot;yes&quot;}\" data-widget_type=\"text-editor.default\">\n\t\t\t\t<div class=\"elementor-widget-container\">\n\t\t\t\t\t<div class=\"elementor-text-editor elementor-clearfix\"><p>Mediante Decreto con Fuerza de Ley N 150 del 11 de diciembre de 1981 del Ministerio de Educaci\u00f3n P\u00fablica, se crea la Universidad de Tarapac\u00e1, fusionando el\u00a0Instituto\u00a0Profesional de Arica con la sede Arica de la Universidad del Norte\u00a0(Anexo IV).<\/p><p>Para los acad\u00e9micos y funcionarios de la Universidad del Norte, la noticia sobre Arica caus\u00f3 sorpresa, si bien el hecho hab\u00eda tenido un largo proceso de incubaci\u00f3n. Fue inesperado que saliera a la luz p\u00fablica cuando las conversaciones con la Iglesia no llegaban a t\u00e9rmino y sin que la rector\u00eda de la universidad hubiera tenido ingerencia en la decisi\u00f3n. Tuvo una larga incubaci\u00f3n, pues desde los a\u00f1os 60 la sede Arica hab\u00eda estado aspirando a ser independiente de Antofagasta, pues exist\u00edan tensiones entre los dos centros universitarios. No obstante lo anterior, la iglesia en ning\u00fan momento renunci\u00f3 a sus derechos sobre la sede, que consider\u00f3 siempre inseparable del Alma Mater, incluso en la distribuci\u00f3n de los aportes estatales.<\/p><p>El primer rector delegado, nombrado por Decreto N\u00ba 131, a contar del 1 de febrero de 1982, fue Carlos Ra\u00fal Valcarce Medina.<\/p><p>La primera Junta Directiva de la Universidad estuvo conformada por:<\/p><p><b>Representantes del Presidente de la Rep\u00fablica:<\/b><\/p><ul><li>Mar\u00eda Luisa Barrios Merino<\/li><li>Andr\u00e9s Worm Drago<\/li><li>Luis Beretta Porcel<\/li><\/ul><p><b>Profesionales externos, representantes del Consejo Acad\u00e9mico:<\/b><\/p><ul><li>Sergio Fern\u00e1ndez Larra\u00edn<\/li><li>Francisco Javier Rodr\u00edguez Mc Cowley<\/li><li>Luc\u00eda Santa Cruz Sutil<\/li><\/ul><p><b>Representantes acad\u00e9micos:<\/b><\/p><ul><li>Rafael Montecinos D\u00edaz<\/li><li>\u00c1ngel Henr\u00edquez Aguilera<\/li><li>Hugo Mendiz\u00e1bal Jim\u00e9nez<\/li><\/ul><p>En los cargos superiores indicados en el D.F.L. N\u00ba 150 fueron designados:<\/p><ul><li>Vicerrector Acad\u00e9mico: Jos\u00e9 Weinborn del Villar<\/li><li>Vicerrector de Administraci\u00f3n y Finanzas: Jaime Mancilla Hidalgo<\/li><li>Secretario de la Universidad: Rafael Montecinos D\u00edaz<\/li><li>Registrador: Luis Berr\u00edos Olcay<\/li><li>Director de Asuntos Estudiantiles: Patricio Dur\u00e1n Gatica<\/li><li>Contralor: Fernando Cantellano \u00c1lvarez<\/li><\/ul><p>Otros cargos directivos fueron:<\/p><ul><li>Director de Planificaci\u00f3n: Juan Carlos Fanjul Herman<\/li><li>Director de Docencia: V\u00edctor Hugo Mu\u00f1oz Hidalgo<\/li><li>Director de Investigaci\u00f3n y Extensi\u00f3n: Carlos Arqueros Carvajal<\/li><li>Secretario de Estudios: Luis Cornejo S\u00e1nchez<\/li><li>Director de Relaciones Exteriores: Ren\u00e9 Lara Quiroz<\/li><li>Director de Extensi\u00f3n y Difusi\u00f3n Cultural: Jaime Torrealba Cubillos<\/li><\/ul><p>La Universidad se inicia con un cuerpo acad\u00e9mico en que tan s\u00f3lo el 5,6% de ellos contaba con estudios de postgrado, donde 2 eran doctores y 15 pose\u00edan el grado de mag\u00edster.<\/p><p>Mediante Decreto N\u00ba 674, emitido el 27 de julio de 1982, se oficializa la estructura acad\u00e9mica de la Universidad, creando seis Facultades y dos Institutos, adscribe los departamentos y carreras a cada Facultad, dependientes jer\u00e1rquicamente del Decano de Facultad y se\u00f1ala que entrar\u00e1 en vigencia a contar del 1 de marzo de 1983.<\/p><p>Las Facultades creadas fueron:<\/p><ul><li>Ciencias<\/li><li>Ingenier\u00eda<\/li><li>Administraci\u00f3n y Econom\u00eda<\/li><li>Ciencias de la Salud<\/li><li>Educaci\u00f3n<\/li><li>Humanidades y Letras<\/li><li>Instituto de Agronom\u00eda<\/li><li>Instituto de Antropolog\u00eda y Arqueolog\u00eda.<\/li><\/ul><p>A contar del segundo semestre de 1982 la Universidad de Tarapac\u00e1, en virtud de lo establecido en el DFL N\u00ba 1 y DFL N\u00ba 5 del Ministerio de Educaci\u00f3n P\u00fablica, inicia su participaci\u00f3n como entidad examinadora de diversas carreras conducentes a t\u00edtulo profesional impartidas por instituciones de Educaciones Superior que se hab\u00edan creado recientemente y que desarroll\u00f3 por alrededor de 8 a\u00f1os.<\/p><p>Intensa es la actividad de extensi\u00f3n que realiza la Universidad desde un comienzo en la comunidad, continuando la labor desarrollada en a\u00f1os anteriores, por las instituciones madres. Esta se efect\u00faa entre otras a trav\u00e9s del Departamento de Arte, mediante la presentaci\u00f3n del Coro Universitario el que es dirigido por Guillermo Vergara Carvajal, el grupo de teatro y el grupo de mimos, ambos dirigidos por Mario Rojas Recabal; el ballet, dirigido por Cecilia Huespe y el conjunto folkl\u00f3rico dirigido por Manuel Mamani. Tambi\u00e9n se organizan de inmediato Escuelas de Temporada para los arique\u00f1os.<\/p><p>Las publicaciones universitarias especializadas siguen siendo otro medio a trav\u00e9s del cual esta casa de estudios superiores proyecta la actividad investigativa, es el caso de la revista Di\u00e1logo Andino que publica el Departamento de Antropolog\u00eda Geograf\u00eda e Historia desde 1982, la revista Chungar\u00e1 del Instituto de Antropolog\u00eda, fundada en 1972, la revista Idesia del Instituto de Agronom\u00eda, editada desde 1981 y la revista Administraci\u00f3n y Econom\u00eda que edita la facultad del mismo nombre, a partir de 1983. La radio de la Universidad, creada el a\u00f1o 1970, es otra forma como se extiende la labor de la Universidad.<\/p><p>Desde sus inicios, la Universidad en b\u00fasqueda de la proyecci\u00f3n del conocimiento generado no s\u00f3lo por sus acad\u00e9micos sino tambi\u00e9n por personas externas estableci\u00f3 Ediciones Universidad de Tarapac\u00e1 , destinada a la publicaci\u00f3n y distribuci\u00f3n de textos de diversa \u00edndole. Es as\u00ed, como en este per\u00edodo de rectorado, se publicaron los primeros t\u00edtulos:<\/p><ul><li>En torno a lo cultural: Fen\u00f3meno del Hombre&#8221;. Autor: Mario Correa S. 1985<\/li><li>&#8220;Introducci\u00f3n a la ciencia y la tecnolog\u00eda&#8221;. Autor: Hern\u00e1n Sudy Pinto. 1986<\/li><li>&#8220;El oasis de Pica y sus nexos regionales&#8221;. Autor: Oscar Berm\u00fadez M. 1987<\/li><\/ul><p>El 2007 la Universidad logra la acreditaci\u00f3n institucional, otorgada por la Comisi\u00f3n Nacional de Acreditaci\u00f3n, por cinco a\u00f1os y en las \u00e1reas obligatorias de Gesti\u00f3n Institucional, Docencia de Pregrado y en las \u00e1reas electivas de Vinculaci\u00f3n con el medio y de Investigaci\u00f3n. Asimismo, en este per\u00edodo se intensifican los procesos de acreditaci\u00f3n de carreras de pregrado, logrando tener a fines de mayo 2010, un total de 27 carreras acreditadas, 3 en proceso de reacreditaci\u00f3n y 2 en proceso de acreditaci\u00f3n.<\/p><p>Importante logro, es haber adjudicado el proyecto Convenio de Desempe\u00f1o Mecesup2, denominado: Posicionamiento de la Universidad de Tarapac\u00e1 como Agente de Integraci\u00f3n Transfronteriza , el que tiene como principal objetivo transformar la Universidad en un referente de integraci\u00f3n acad\u00e9mica en la zona transfronteriza de Bolivia, Chile y Per\u00fa. Para ello se establecen l\u00edneas de investigaci\u00f3n para la realizaci\u00f3n de actividades en conjunto, que son: Ciencia b\u00e1sica como herramienta de integraci\u00f3n, Bioarqueolog\u00eda de las poblaciones pre hisp\u00e1nicas en ambiente des\u00e9rtico; Desarrollo e innovaci\u00f3n para solucionar el problema de la presencia de ars\u00e9nico y boro en el agua; Fitogen\u00e9tica aplicada a la protecci\u00f3n de germoplasma de especies nativas de la zona transfronteriza; Gen\u00f3mica humana de la vida en alturas.<\/p><p>Asimismo, se adjudic\u00f3 un segundo Convenio de Desempe\u00f1o en el \u00e1rea del Fortalecimiento de las Humanidades, las Ciencias Sociales y las Artes, con el proyecto denominado: Revitalizaci\u00f3n de las Disciplinas de Humanidades, Ciencias Sociales y Artes para el desarrollo de la Sociedad Contempor\u00e1nea Regional. Un nuevo trato Universidad &#8211; Regi\u00f3n<\/p><p>Con miras a renovar la acreditaci\u00f3n de nuestra Universidad en el \u00e1rea de Investigaci\u00f3n, se aplic\u00f3 una estrategia para instalar y potenciar las capacidades de investigaci\u00f3n en todas las unidades de nuestra universidad, que comprende:<\/p><ul><li>Reformulaci\u00f3n del concurso de proyectos mayores de investigaci\u00f3n<\/li><li>Creaci\u00f3n de unconcurso de inicio en investigaci\u00f3n<\/li><li>Creaci\u00f3n de un concurso de apoyo para la presentaci\u00f3n de proyectos FONDEF<\/li><li>Creaci\u00f3n de un concurso para investigaci\u00f3n en educaci\u00f3n<\/li><li>Creaci\u00f3n de un concurso para proyectos de investigaci\u00f3n estudiantil<\/li><\/ul><p>En materia de publicaciones indexadas en ISI, la Universidad pas\u00f3 de 12 publicaciones el 2001 a 109 publicaciones en el a\u00f1o 2011. Uno de los indicadores que demuestra la capacidad de investigaci\u00f3n de la UTA.<\/p><p>Debido al logro de la acreditaci\u00f3n institucional y a la creaci\u00f3n de la nueva Regi\u00f3n Arica y Parinacota, se realiz\u00f3 un proceso participativo en la comunidad acad\u00e9mica que condujo a la aprobaci\u00f3n del Ajuste al Plan de Desarrollo Estrat\u00e9gico 2006-2010, oficializado por Decreto Exento N\u00ba 00.715\/2009 de 15 de Junio de 2009<strong>.<\/strong><\/p><p>En los \u00faltimos a\u00f1os tambi\u00e9n destaca\u00a0una importante inversi\u00f3n en infraestructura, construy\u00e9ndose un total de 48.290m2\u00a0entre las que destacan la sede Iquique, el edificio aulario de la Facsojur, la ampliaci\u00f3n de Computaci\u00f3n e Industrias, edificio de laboratorios de la Escuela Universitaria de Ingenier\u00eda Mec\u00e1nica, edificio de la Escuela Universitaria de Ingenier\u00eda El\u00e9ctrica-Electr\u00f3nica, 5 gimnasios multifuncionales, inicio de la construcci\u00f3n del complejo deportivo, sala Chinchorro, museo de sitio Col\u00f3n 10, edificio de laboratorios del Instituto de Alta Investigaci\u00f3n, salas de estudios en campus Saucache, taller de cer\u00e1mica, remodelaci\u00f3n frontis del campus Saucache, entre otros.<\/p><\/div>\n\t\t\t\t<\/div>\n\t\t\t\t<\/div>\n\t\t\t\t\t\t<\/div>\n\t\t\t\t\t<\/div>\n\t\t<\/div>\n\t\t\t\t\t\t\t\t<\/div>\n\t\t\t\t\t<\/div>\n\t\t<\/section>\n\t\t\t\t\t\t<\/div>\n\t\t\t\t\t\t<\/div>\n\t\t\t\t\t<\/div>\n\t\t","protected":false},"excerpt":{"rendered":"<p>Historia Volver Mediante Decreto con Fuerza de Ley N 150 del 11 de diciembre de 1981 del Ministerio de Educaci\u00f3n P\u00fablica, se crea la Universidad de Tarapac\u00e1, fusionando el\u00a0Instituto\u00a0Profesional de Arica con la sede Arica de la Universidad del Norte\u00a0(Anexo IV). Para los acad\u00e9micos y funcionarios de la Universidad del Norte, la noticia sobre Arica [&hellip;]<\/p>\n","protected":false},"author":1,"featured_media":0,"parent":0,"menu_order":0,"comment_status":"closed","ping_status":"closed","template":"elementor_header_footer","meta":[],"_links":{"self":[{"href":"https:\/\/www.uta.cl\/index.php\/wp-json\/wp\/v2\/pages\/3842"}],"collection":[{"href":"https:\/\/www.uta.cl\/index.php\/wp-json\/wp\/v2\/pages"}],"about":[{"href":"https:\/\/www.uta.cl\/index.php\/wp-json\/wp\/v2\/types\/page"}],"author":[{"embeddable":true,"href":"https:\/\/www.uta.cl\/index.php\/wp-json\/wp\/v2\/users\/1"}],"replies":[{"embeddable":true,"href":"https:\/\/www.uta.cl\/index.php\/wp-json\/wp\/v2\/comments?post=3842"}],"version-history":[{"count":9,"href":"https:\/\/www.uta.cl\/index.php\/wp-json\/wp\/v2\/pages\/3842\/revisions"}],"predecessor-version":[{"id":8530,"href":"https:\/\/www.uta.cl\/index.php\/wp-json\/wp\/v2\/pages\/3842\/revisions\/8530"}],"wp:attachment":[{"href":"https:\/\/www.uta.cl\/index.php\/wp-json\/wp\/v2\/media?parent=3842"}],"curies":[{"name":"wp","href":"https:\/\/api.w.org\/{rel}","templated":true}]}}