{"id":20491,"date":"2019-08-20T12:42:14","date_gmt":"2019-08-20T12:42:14","guid":{"rendered":"https:\/\/www.uta.cl\/?page_id=20491"},"modified":"2019-08-20T12:47:54","modified_gmt":"2019-08-20T12:47:54","slug":"convocatoria-concurso-de-proyecto-fondecyt-postdoctorado-2020","status":"publish","type":"page","link":"https:\/\/www.uta.cl\/index.php\/convocatoria-concurso-de-proyecto-fondecyt-postdoctorado-2020\/","title":{"rendered":"Convocatoria concurso de proyecto FONDECYT POSTDOCTORADO 2020"},"content":{"rendered":"\t\t<div data-elementor-type=\"wp-post\" data-elementor-id=\"20491\" class=\"elementor elementor-20491\" data-elementor-settings=\"[]\">\n\t\t\t\t\t\t<div class=\"elementor-inner\">\n\t\t\t\t\t\t\t<div class=\"elementor-section-wrap\">\n\t\t\t\t\t\t\t<section class=\"elementor-section elementor-top-section elementor-element elementor-element-9553e0d elementor-section-full_width elementor-section-height-default elementor-section-height-default\" data-id=\"9553e0d\" data-element_type=\"section\" data-settings=\"{&quot;background_image&quot;:{&quot;url&quot;:&quot;https:\\\/\\\/www.uta.cl\\\/wp-content\\\/uploads\\\/2018\\\/12\\\/patron_bg-01.png&quot;,&quot;id&quot;:3119},&quot;background_background&quot;:&quot;classic&quot;,&quot;background_image_tablet&quot;:{&quot;url&quot;:&quot;&quot;,&quot;id&quot;:&quot;&quot;},&quot;background_image_mobile&quot;:{&quot;url&quot;:&quot;&quot;,&quot;id&quot;:&quot;&quot;}}\">\n\t\t\t\t\t\t\t<div class=\"elementor-background-overlay\"><\/div>\n\t\t\t\t\t\t\t<div class=\"elementor-container elementor-column-gap-default\">\n\t\t\t\t\t\t\t<div class=\"elementor-row\">\n\t\t\t\t\t<div class=\"elementor-column elementor-col-100 elementor-top-column elementor-element elementor-element-31a59b1\" data-id=\"31a59b1\" data-element_type=\"column\">\n\t\t\t<div class=\"elementor-column-wrap elementor-element-populated\">\n\t\t\t\t\t\t\t<div class=\"elementor-widget-wrap\">\n\t\t\t\t\t\t<section class=\"elementor-section elementor-inner-section elementor-element elementor-element-54e5a5e elementor-section-height-min-height elementor-section-boxed elementor-section-height-default\" data-id=\"54e5a5e\" data-element_type=\"section\" data-settings=\"{&quot;background_background&quot;:&quot;classic&quot;,&quot;background_image&quot;:{&quot;url&quot;:&quot;&quot;,&quot;id&quot;:&quot;&quot;},&quot;background_image_tablet&quot;:{&quot;url&quot;:&quot;&quot;,&quot;id&quot;:&quot;&quot;},&quot;background_image_mobile&quot;:{&quot;url&quot;:&quot;&quot;,&quot;id&quot;:&quot;&quot;}}\">\n\t\t\t\t\t\t\t<div class=\"elementor-background-overlay\"><\/div>\n\t\t\t\t\t\t\t<div class=\"elementor-container elementor-column-gap-default\">\n\t\t\t\t\t\t\t<div class=\"elementor-row\">\n\t\t\t\t\t<div class=\"elementor-column elementor-col-100 elementor-inner-column elementor-element elementor-element-d2257f6\" data-id=\"d2257f6\" data-element_type=\"column\">\n\t\t\t<div class=\"elementor-column-wrap elementor-element-populated\">\n\t\t\t\t\t\t\t<div class=\"elementor-widget-wrap\">\n\t\t\t\t\t\t<div class=\"elementor-element elementor-element-6151ffc elementor-widget elementor-widget-heading\" data-id=\"6151ffc\" data-element_type=\"widget\" data-widget_type=\"heading.default\">\n\t\t\t\t<div class=\"elementor-widget-container\">\n\t\t\t<h2 class=\"elementor-heading-title elementor-size-default\">Convocatoria concurso de proyecto<br\/><b>FONDECYT POSTDOCTORADO 2020<\/b><\/h2>\t\t<\/div>\n\t\t\t\t<\/div>\n\t\t\t\t\t\t<\/div>\n\t\t\t\t\t<\/div>\n\t\t<\/div>\n\t\t\t\t\t\t\t\t<\/div>\n\t\t\t\t\t<\/div>\n\t\t<\/section>\n\t\t\t\t<section class=\"elementor-section elementor-top-section elementor-element elementor-element-2f27f33 elementor-section-height-min-height elementor-section-boxed elementor-section-height-default elementor-section-items-middle\" data-id=\"2f27f33\" data-element_type=\"section\" data-settings=\"{&quot;background_background&quot;:&quot;classic&quot;,&quot;sticky&quot;:&quot;top&quot;,&quot;background_image&quot;:{&quot;url&quot;:&quot;&quot;,&quot;id&quot;:&quot;&quot;},&quot;background_image_tablet&quot;:{&quot;url&quot;:&quot;&quot;,&quot;id&quot;:&quot;&quot;},&quot;background_image_mobile&quot;:{&quot;url&quot;:&quot;&quot;,&quot;id&quot;:&quot;&quot;},&quot;sticky_on&quot;:[&quot;desktop&quot;,&quot;tablet&quot;,&quot;mobile&quot;],&quot;sticky_offset&quot;:0,&quot;sticky_effects_offset&quot;:0}\">\n\t\t\t\t\t\t<div class=\"elementor-container elementor-column-gap-default\">\n\t\t\t\t\t\t\t<div class=\"elementor-row\">\n\t\t\t\t\t<div class=\"elementor-column elementor-col-100 elementor-top-column elementor-element elementor-element-627ee85\" data-id=\"627ee85\" data-element_type=\"column\">\n\t\t\t<div class=\"elementor-column-wrap elementor-element-populated\">\n\t\t\t\t\t\t\t<div class=\"elementor-widget-wrap\">\n\t\t\t\t\t\t<div class=\"elementor-element elementor-element-664cfc5 elementor-align-right elementor-mobile-align-right elementor-widget elementor-widget-button\" data-id=\"664cfc5\" data-element_type=\"widget\" data-widget_type=\"button.default\">\n\t\t\t\t<div class=\"elementor-widget-container\">\n\t\t\t\t\t<div class=\"elementor-button-wrapper\">\n\t\t\t<a href=\"https:\/\/www.uta.cl\/index.php\/concursos-externos\/\" class=\"elementor-button-link elementor-button elementor-size-sm\" role=\"button\">\n\t\t\t\t\t\t<span class=\"elementor-button-content-wrapper\">\n\t\t\t\t\t\t<span class=\"elementor-button-icon elementor-align-icon-left\">\n\t\t\t\t\t\t\t\t\t<i class=\"fa fa-angle-left\" aria-hidden=\"true\"><\/i>\n\t\t\t\t\t\t\t<\/span>\n\t\t\t\t\t\t<span class=\"elementor-button-text\">Volver<\/span>\n\t\t<\/span>\n\t\t\t\t\t<\/a>\n\t\t<\/div>\n\t\t\t\t<\/div>\n\t\t\t\t<\/div>\n\t\t\t\t\t\t<\/div>\n\t\t\t\t\t<\/div>\n\t\t<\/div>\n\t\t\t\t\t\t\t\t<\/div>\n\t\t\t\t\t<\/div>\n\t\t<\/section>\n\t\t\t\t\t\t<\/div>\n\t\t\t\t\t<\/div>\n\t\t<\/div>\n\t\t\t\t\t\t\t\t<\/div>\n\t\t\t\t\t<\/div>\n\t\t<\/section>\n\t\t\t\t<section class=\"elementor-section elementor-top-section elementor-element elementor-element-d3d83b6 elementor-section-boxed elementor-section-height-default elementor-section-height-default\" data-id=\"d3d83b6\" data-element_type=\"section\" data-settings=\"{&quot;background_image&quot;:{&quot;url&quot;:&quot;https:\\\/\\\/www.uta.cl\\\/wp-content\\\/uploads\\\/2018\\\/12\\\/patron_bg-01.png&quot;,&quot;id&quot;:3119},&quot;background_background&quot;:&quot;classic&quot;,&quot;background_image_tablet&quot;:{&quot;url&quot;:&quot;&quot;,&quot;id&quot;:&quot;&quot;},&quot;background_image_mobile&quot;:{&quot;url&quot;:&quot;&quot;,&quot;id&quot;:&quot;&quot;}}\">\n\t\t\t\t\t\t\t<div class=\"elementor-background-overlay\"><\/div>\n\t\t\t\t\t\t\t<div class=\"elementor-container elementor-column-gap-default\">\n\t\t\t\t\t\t\t<div class=\"elementor-row\">\n\t\t\t\t\t<div class=\"elementor-column elementor-col-100 elementor-top-column elementor-element elementor-element-2a7de06\" data-id=\"2a7de06\" data-element_type=\"column\" data-settings=\"{&quot;background_background&quot;:&quot;classic&quot;}\">\n\t\t\t<div class=\"elementor-column-wrap elementor-element-populated\">\n\t\t\t\t\t\t\t<div class=\"elementor-widget-wrap\">\n\t\t\t\t\t\t<div class=\"elementor-element elementor-element-0fcab81 elementor-widget elementor-widget-heading\" data-id=\"0fcab81\" data-element_type=\"widget\" data-widget_type=\"heading.default\">\n\t\t\t\t<div class=\"elementor-widget-container\">\n\t\t\t<h2 class=\"elementor-heading-title elementor-size-default\">Concurso de Proyectos <b>FONDECYT POSTDOCTORADO<\/b><\/h2>\t\t<\/div>\n\t\t\t\t<\/div>\n\t\t\t\t<div class=\"elementor-element elementor-element-b419b31 elementor-widget elementor-widget-text-editor\" data-id=\"b419b31\" data-element_type=\"widget\" data-widget_type=\"text-editor.default\">\n\t\t\t\t<div class=\"elementor-widget-container\">\n\t\t\t\t\t<div class=\"elementor-text-editor elementor-clearfix\"><p align=\"justify\">La Direcci\u00f3n de Investigaci\u00f3n, Postgrado y Transferencia Tecnol\u00f3gica, informa a la comunidad universitaria que se encuentra abierta la convocatoria del <strong>Concurso de Proyectos FONDECYT POSTDOCTORADO 2020.<\/strong><\/p>\n<table cellpadding=\"7\" cellspacing=\"0\" style=\"width: 100%;\">\n<tbody>\n<tr>\n<td colspan=\"2\" style=\"border: 1px solid #000000; padding: 2px;\" valign=\"top\" width=\"573\">\n<p align=\"center\"><strong>BITACORA<\/strong><\/p>\n<p align=\"center\"><strong>CONVOCATORIA FONDECYT POSTDORADO 2020<\/strong><\/p>\n<\/td>\n<\/tr>\n<tr valign=\"top\">\n<td>\n<p align=\"justify\">19 Agosto de 2019<\/p>\n<\/td>\n<td style=\"border: 1px solid #000000; padding: 2px;\" width=\"279\">\n<p align=\"justify\">Apertura de Convocatoria FONDECYT POSTDOCTORADO 2020.<\/p>\n<\/td>\n<\/tr>\n<tr valign=\"top\">\n<td style=\"border: 1px solid #000000; padding: 2px;\" width=\"279\">\n<p align=\"justify\">24 Septiembre de 2019 a las 16:00 hrs<\/p>\n<\/td>\n<td style=\"border: 1px solid #000000; padding: 2px;\" width=\"279\">\n<p align=\"justify\">Cierre de Postulaciones para Investigadores(as).<\/p>\n<\/td>\n<\/tr>\n<tr valign=\"top\">\n<td style=\"border: 1px solid #000000; padding: 2px;\" width=\"279\">\n<p align=\"justify\">01 Octubre de 2019 a las 16:00 hrs.<\/p>\n<\/td>\n<td style=\"border: 1px solid #000000; padding: 2px;\" width=\"279\">\n<p align=\"justify\">Cierre Patrocinio Institucional.<\/p>\n<\/td>\n<\/tr>\n<tr valign=\"top\">\n<td style=\"border: 1px solid #000000; padding: 2px;\" width=\"279\">\n<p align=\"justify\">30 Junio de 2020<\/p>\n<\/td>\n<td style=\"border: 1px solid #000000; padding: 2px;\" width=\"279\">\n<p align=\"justify\">Plazo Firma Convenios adjudicados<\/p>\n<\/td>\n<\/tr>\n<tr valign=\"top\">\n<td style=\"border: 1px solid #000000; padding: 2px;\" width=\"279\">\n<p align=\"justify\">15 Abril de 2020<\/p>\n<\/td>\n<td style=\"border: 1px solid #000000; padding: 2px;\" width=\"279\">\n<p align=\"justify\">Inicio de Proyectos Adjudicados.<\/p>\n<\/td>\n<\/tr>\n<\/tbody>\n<\/table>\n<p align=\"justify\">Las bases, instructivos y formularios se encuentran disponible en <a href=\"https:\/\/www.conicyt.cl\/fondecyt\/2018\/11\/15\/concurso-postdoctorado-2020\/#tab-04\"><span style=\"color: #0000ff;\"><span style=\"text-decoration: underline;\">https:\/\/www.conicyt.cl\/fondecyt\/2018\/11\/15\/concurso-postdoctorado-2020\/#tab-04<\/span><\/span><\/a><\/p><\/div>\n\t\t\t\t<\/div>\n\t\t\t\t<\/div>\n\t\t\t\t<div class=\"elementor-element elementor-element-56dee8e elementor-widget elementor-widget-text-editor\" data-id=\"56dee8e\" data-element_type=\"widget\" data-widget_type=\"text-editor.default\">\n\t\t\t\t<div class=\"elementor-widget-container\">\n\t\t\t\t\t<div class=\"elementor-text-editor elementor-clearfix\"><p><b>DOCUMENTOS ADJUNTOS AL CONCURSO<\/b><\/p><\/div>\n\t\t\t\t<\/div>\n\t\t\t\t<\/div>\n\t\t\t\t<div class=\"elementor-element elementor-element-270a3ce elementor-icon-list--layout-traditional elementor-list-item-link-full_width elementor-widget elementor-widget-icon-list\" data-id=\"270a3ce\" data-element_type=\"widget\" data-widget_type=\"icon-list.default\">\n\t\t\t\t<div class=\"elementor-widget-container\">\n\t\t\t\t\t<ul class=\"elementor-icon-list-items\">\n\t\t\t\t\t\t\t<li class=\"elementor-icon-list-item\">\n\t\t\t\t\t<a href=\"\/wp-content\/uploads\/2019\/08\/basespot.pdf\" target=\"_blank\">\t\t\t\t\t\t<span class=\"elementor-icon-list-icon\">\n\t\t\t\t\t\t\t\t\t\t\t\t\t\t\t\t<i class=\"fa fa-file-pdf-o\" aria-hidden=\"true\"><\/i>\n\t\t\t\t\t\t\t\t\t\t\t\t\t<\/span>\n\t\t\t\t\t\t\t\t\t\t<span class=\"elementor-icon-list-text\">Bases<\/span>\n\t\t\t\t\t\t\t\t\t\t\t<\/a>\n\t\t\t\t\t\t\t\t\t<\/li>\n\t\t\t\t\t\t<\/ul>\n\t\t\t\t<\/div>\n\t\t\t\t<\/div>\n\t\t\t\t<div class=\"elementor-element elementor-element-b197dd1 elementor-widget elementor-widget-spacer\" data-id=\"b197dd1\" data-element_type=\"widget\" data-widget_type=\"spacer.default\">\n\t\t\t\t<div class=\"elementor-widget-container\">\n\t\t\t\t\t<div class=\"elementor-spacer\">\n\t\t\t<div class=\"elementor-spacer-inner\"><\/div>\n\t\t<\/div>\n\t\t\t\t<\/div>\n\t\t\t\t<\/div>\n\t\t\t\t\t\t<\/div>\n\t\t\t\t\t<\/div>\n\t\t<\/div>\n\t\t\t\t\t\t\t\t<\/div>\n\t\t\t\t\t<\/div>\n\t\t<\/section>\n\t\t\t\t<section class=\"elementor-section elementor-top-section elementor-element elementor-element-20c034f elementor-section-boxed elementor-section-height-default elementor-section-height-default\" data-id=\"20c034f\" data-element_type=\"section\">\n\t\t\t\t\t\t<div class=\"elementor-container elementor-column-gap-default\">\n\t\t\t\t\t\t\t<div class=\"elementor-row\">\n\t\t\t\t\t<div class=\"elementor-column elementor-col-100 elementor-top-column elementor-element elementor-element-bbbe7fe\" data-id=\"bbbe7fe\" data-element_type=\"column\">\n\t\t\t<div class=\"elementor-column-wrap\">\n\t\t\t\t\t\t\t<div class=\"elementor-widget-wrap\">\n\t\t\t\t\t\t\t\t<\/div>\n\t\t\t\t\t<\/div>\n\t\t<\/div>\n\t\t\t\t\t\t\t\t<\/div>\n\t\t\t\t\t<\/div>\n\t\t<\/section>\n\t\t\t\t\t\t<\/div>\n\t\t\t\t\t\t<\/div>\n\t\t\t\t\t<\/div>\n\t\t","protected":false},"excerpt":{"rendered":"<p>Convocatoria concurso de proyectoFONDECYT POSTDOCTORADO 2020 Volver Concurso de Proyectos FONDECYT POSTDOCTORADO La Direcci\u00f3n de Investigaci\u00f3n, Postgrado y Transferencia Tecnol\u00f3gica, informa a la comunidad universitaria que se encuentra abierta la convocatoria del Concurso de Proyectos FONDECYT POSTDOCTORADO 2020. BITACORA CONVOCATORIA FONDECYT POSTDORADO 2020 19 Agosto de 2019 Apertura de Convocatoria FONDECYT POSTDOCTORADO 2020. 24 Septiembre [&hellip;]<\/p>\n","protected":false},"author":1,"featured_media":0,"parent":0,"menu_order":0,"comment_status":"closed","ping_status":"closed","template":"elementor_header_footer","meta":[],"_links":{"self":[{"href":"https:\/\/www.uta.cl\/index.php\/wp-json\/wp\/v2\/pages\/20491"}],"collection":[{"href":"https:\/\/www.uta.cl\/index.php\/wp-json\/wp\/v2\/pages"}],"about":[{"href":"https:\/\/www.uta.cl\/index.php\/wp-json\/wp\/v2\/types\/page"}],"author":[{"embeddable":true,"href":"https:\/\/www.uta.cl\/index.php\/wp-json\/wp\/v2\/users\/1"}],"replies":[{"embeddable":true,"href":"https:\/\/www.uta.cl\/index.php\/wp-json\/wp\/v2\/comments?post=20491"}],"version-history":[{"count":2,"href":"https:\/\/www.uta.cl\/index.php\/wp-json\/wp\/v2\/pages\/20491\/revisions"}],"predecessor-version":[{"id":20495,"href":"https:\/\/www.uta.cl\/index.php\/wp-json\/wp\/v2\/pages\/20491\/revisions\/20495"}],"wp:attachment":[{"href":"https:\/\/www.uta.cl\/index.php\/wp-json\/wp\/v2\/media?parent=20491"}],"curies":[{"name":"wp","href":"https:\/\/api.w.org\/{rel}","templated":true}]}}